{"id":280044,"date":"2024-10-23T00:31:31","date_gmt":"2025-06-23T07:13:49","guid":{"rendered":"https:\/\/www.huntersfriend.eu\/product\/helle-harding-messer-puukko\/"},"modified":"2026-04-16T07:30:27","modified_gmt":"2026-04-16T05:30:27","slug":"helle-harding-messer-puukko","status":"publish","type":"product","link":"https:\/\/www.huntersfriend.eu\/de\/produkt\/helle-harding-messer-puukko\/","title":{"rendered":"Helle Harding Messer &#8211; Puukko"},"content":{"rendered":"<h2><span data-text-color=\"alert\">Bitte beachten Sie, dass wir aufgrund lokaler Importbeschr\u00e4nkungen dieses Messer nicht in das Vereinigte K\u00f6nigreich versenden k\u00f6nnen. Bitte informieren Sie sich vor der Bestellung \u00fcber Ihre \u00f6rtlichen Bestimmungen. <\/span><\/h2>\n<p><strong>Das Helle Harding wird von vielen als das Nonplusultra unter den Helle-Klassikern betrachtet. Seinem norwegischen Erbe treu bleibend, hat dieses Messer viele unserer Anh\u00e4nger auf Abenteuern rund um den Globus begleitet. <\/strong><\/p>\n<p>Der wundersch\u00f6ne, warme Griff besteht aus Maserbirke und gedunkelter Eiche. Holzbl\u00f6cke, die durch Schichten farbigen Leders getrennt sind. Der Griff wurde dann von Hand in seine Fassform geschliffen und handpoliert zu einem Meisterwerk.  <\/p>\n<p>Die durchgehende Erl-Klinge ist aus dreilagigem rostfreiem Stahl gefertigt. Sie wurde mit einem traditionellen Scandi-Schliff gesch\u00e4rft und von Hand auf eine rasiermesserscharfe Schneide poliert. <\/p>\n<p>Das Harding wird mit einer wundersch\u00f6nen und klassischen Scheide aus hochwertigem Leder geliefert. <em>* Linksh\u00e4nderscheide verf\u00fcgbar (bitte in den Bestellnotizen vermerken).<\/em><\/p>\n<p>*****<\/p>\n<div class=\"table-wrapper\">\n<table width=\"100%\">\n<tbody>\n<tr>\n<td><strong>Spezifikationen<\/strong><\/td>\n<td><strong>Harding<\/strong><\/td>\n<\/tr>\n<tr>\n<td>Gewicht inklusive Scheide <\/td>\n<td>144 g \/ 5,08 oz<\/td>\n<\/tr>\n<tr>\n<td>Klingenmaterial<\/td>\n<td>Dreifach laminierter Helle-Stahl, rostfrei<\/td>\n<\/tr>\n<tr>\n<td>Klingenst\u00e4rke<\/td>\n<td>3,1 mm \/ 0,122 Zoll<\/td>\n<\/tr>\n<tr>\n<td>Klingenl\u00e4nge<\/td>\n<td>100 mm \/ 3,94 Zoll<\/td>\n<\/tr>\n<tr>\n<td>Klingenkonstruktion<\/td>\n<td>Stabangel<\/td>\n<\/tr>\n<tr>\n<td>Griffmaterial<\/td>\n<td>Maserbirke, Leder und dunkle Eiche<\/td>\n<\/tr>\n<tr>\n<td>Griffl\u00e4nge<\/td>\n<td>110 mm \/ 4,33 Zoll<\/td>\n<\/tr>\n<tr>\n<td>Scheidenmaterial<\/td>\n<td>Echtes Leder<\/td>\n<\/tr>\n<tr>\n<td>Design von<\/td>\n<td>Erling Opstad<\/td>\n<\/tr>\n<tr>\n<td>Designjahr<\/td>\n<td>1986<\/td>\n<\/tr>\n<\/tbody>\n<\/table>\n<\/div>\n","protected":false},"excerpt":{"rendered":"<p>Bitte beachten Sie, dass wir aufgrund lokaler Importbeschr\u00e4nkungen dieses Messer nicht in das Vereinigte K\u00f6nigreich versenden k\u00f6nnen. Bitte informieren Sie sich vor der Bestellung \u00fcber Ihre \u00f6rtlichen Bestimmungen. Das Helle Harding wird von vielen als das Nonplusultra unter den Helle-Klassikern betrachtet. Seinem norwegischen Erbe treu bleibend, hat dieses Messer viele unserer Anh\u00e4nger auf Abenteuern rund [&#8230;]\n","protected":false},"featured_media":275275,"comment_status":"open","ping_status":"closed","template":"","meta":[],"product_brand":[],"product_cat":[2610,866,1134],"product_tag":[],"class_list":{"0":"post-280044","1":"product","2":"type-product","3":"status-publish","4":"has-post-thumbnail","6":"product_cat-knivar-yxor-och-slipar","7":"product_cat-knives-axes-and-sharpeners","8":"product_cat-messer-aexte-und-schaerfer","10":"first","11":"outofstock","12":"taxable","13":"shipping-taxable","14":"purchasable","15":"product-type-simple"},"composite_virtual":false,"composite_layout":"","composite_add_to_cart_form_location":"","composite_editable_in_cart":false,"composite_sold_individually_context":"","composite_shop_price_calc":"","composite_components":[],"composite_scenarios":[],"group_of_quantity":0,"min_quantity":0,"max_quantity":"","exclude_order_quantity_value_rules":"no","exclude_category_quantity_rules":"no","combine_variations":"no","exclude_global_add_ons":[],"addons":[],"_links":{"self":[{"href":"https:\/\/www.huntersfriend.eu\/de\/wp-json\/wp\/v2\/product\/280044","targetHints":{"allow":["GET"]}}],"collection":[{"href":"https:\/\/www.huntersfriend.eu\/de\/wp-json\/wp\/v2\/product"}],"about":[{"href":"https:\/\/www.huntersfriend.eu\/de\/wp-json\/wp\/v2\/types\/product"}],"replies":[{"embeddable":true,"href":"https:\/\/www.huntersfriend.eu\/de\/wp-json\/wp\/v2\/comments?post=280044"}],"wp:featuredmedia":[{"embeddable":true,"href":"https:\/\/www.huntersfriend.eu\/de\/wp-json\/wp\/v2\/media\/275275"}],"wp:attachment":[{"href":"https:\/\/www.huntersfriend.eu\/de\/wp-json\/wp\/v2\/media?parent=280044"}],"wp:term":[{"taxonomy":"product_brand","embeddable":true,"href":"https:\/\/www.huntersfriend.eu\/de\/wp-json\/wp\/v2\/product_brand?post=280044"},{"taxonomy":"product_cat","embeddable":true,"href":"https:\/\/www.huntersfriend.eu\/de\/wp-json\/wp\/v2\/product_cat?post=280044"},{"taxonomy":"product_tag","embeddable":true,"href":"https:\/\/www.huntersfriend.eu\/de\/wp-json\/wp\/v2\/product_tag?post=280044"}],"curies":[{"name":"wp","href":"https:\/\/api.w.org\/{rel}","templated":true}]}}