{"id":280043,"date":"2024-10-21T23:51:17","date_gmt":"2025-06-23T07:13:49","guid":{"rendered":"https:\/\/www.huntersfriend.eu\/product\/hart-rst-gewehrtasche\/"},"modified":"2025-08-10T04:34:26","modified_gmt":"2025-08-10T02:34:26","slug":"hart-rst-gewehrtasche","status":"publish","type":"product","link":"https:\/\/www.huntersfriend.eu\/de\/produkt\/hart-rst-gewehrtasche\/","title":{"rendered":"Hart RST Gewehrtasche"},"content":{"rendered":"<p><span class=\"jCAhz ChMk0b\"><span class=\"ryNqvb\">Die Hart RST Gewehrtasche vereint solide Verarbeitung und ein durchdachtes Design, welches optimalen Schutz f\u00fcr die Waffe und Komfort bei der Nutzung gew\u00e4hrleistet.<\/span><\/span> <span class=\"jCAhz ChMk0b\"><span class=\"ryNqvb\">Hart RST ist aus strapazierf\u00e4higem, wasserdichtem Gewebe gefertigt und an kritischen Stellen verst\u00e4rkt.<\/span><\/span> <span class=\"jCAhz\"><span class=\"ryNqvb\">Die innenliegende Schaumstoffpolsterung sch\u00fctzt Ihre Waffe vor \u00e4u\u00dferen Einfl\u00fcssen.<\/span><\/span> <span class=\"jCAhz ChMk0b\"><span class=\"ryNqvb\">Ein beidseitiger Rei\u00dfverschluss \u00fcber die gesamte L\u00e4nge des Koffers erm\u00f6glicht eine komfortable Handhabung.<\/span><\/span> <span class=\"jCAhz ChMk0b\"><span class=\"ryNqvb\">Dar\u00fcber hinaus bietet die ger\u00e4umige Seitentasche, die im Inneren mit Netztaschen ausgestattet ist, praktischen Stauraum f\u00fcr Ihr Zubeh\u00f6r.<\/span><\/span><\/p>\n<p><span class=\"jCAhz ChMk0b\"><span class=\"ryNqvb\">Halbsteifer Gewehrkoffer.<br \/>\n<\/span><\/span><span class=\"jCAhz ChMk0b\"><span class=\"ryNqvb\">Verschlei\u00df- und wasserfest.<br \/>\n<\/span><\/span><span class=\"jCAhz ChMk0b\"><span class=\"ryNqvb\">Verst\u00e4rkter Boden.<br \/>\n<\/span><\/span><span class=\"jCAhz ChMk0b\"><span class=\"ryNqvb\">Robuster beidseitiger Rei\u00dfverschluss.<br \/>\n<\/span><\/span><span class=\"jCAhz ChMk0b\"><span class=\"ryNqvb\">Innen mit Schaumstoff gepolstert.<br \/>\n<\/span><\/span><span class=\"jCAhz ChMk0b\"><span class=\"ryNqvb\">Beidseitig zu \u00f6ffnende Frachttasche mit Rei\u00dfverschluss und drei Netztaschen im Inneren.<br \/>\n<\/span><\/span><span class=\"jCAhz ChMk0b\"><span class=\"ryNqvb\">Verstellbarer, gepolsterter Schulterriemen und Tragegriff.<br \/>\n<\/span><\/span><span class=\"jCAhz ChMk0b\"><span class=\"ryNqvb\">Aufh\u00e4ngeschlaufe. <\/span><\/span><\/p>\n<p><span class=\"jCAhz ChMk0b\"><span class=\"ryNqvb\">Innenl\u00e4nge 125 cm.<br \/>\n<\/span><\/span><span class=\"jCAhz ChMk0b\"><span class=\"ryNqvb\">Au\u00dfenma\u00dfe 127 x 28 cm. <\/span><\/span><span class=\"jCAhz\"><span class=\"ryNqvb\">Gewicht 1600g.<\/span><\/span><\/p>\n","protected":false},"excerpt":{"rendered":"<p>Die Hart RST Gewehrtasche vereint solide Verarbeitung und ein durchdachtes Design, welches optimalen Schutz f\u00fcr die Waffe und Komfort bei der Nutzung gew\u00e4hrleistet. Hart RST ist aus strapazierf\u00e4higem, wasserdichtem Gewebe gefertigt und an kritischen Stellen verst\u00e4rkt. Die innenliegende Schaumstoffpolsterung sch\u00fctzt Ihre Waffe vor \u00e4u\u00dferen Einfl\u00fcssen. Ein beidseitiger Rei\u00dfverschluss \u00fcber die gesamte L\u00e4nge des Koffers erm\u00f6glicht [&#8230;]\n","protected":false},"featured_media":274894,"comment_status":"open","ping_status":"closed","template":"","meta":[],"product_brand":[],"product_cat":[1420],"product_tag":[],"class_list":{"0":"post-280043","1":"product","2":"type-product","3":"status-publish","4":"has-post-thumbnail","6":"product_cat-futterale","7":"product_shipping_class-medium-de","9":"first","10":"outofstock","11":"taxable","12":"shipping-taxable","13":"purchasable","14":"product-type-simple"},"composite_virtual":false,"composite_layout":"","composite_add_to_cart_form_location":"","composite_editable_in_cart":false,"composite_sold_individually_context":"","composite_shop_price_calc":"","composite_components":[],"composite_scenarios":[],"group_of_quantity":0,"min_quantity":0,"max_quantity":"","exclude_order_quantity_value_rules":"no","exclude_category_quantity_rules":"no","combine_variations":"no","exclude_global_add_ons":[],"addons":[],"_links":{"self":[{"href":"https:\/\/www.huntersfriend.eu\/de\/wp-json\/wp\/v2\/product\/280043","targetHints":{"allow":["GET"]}}],"collection":[{"href":"https:\/\/www.huntersfriend.eu\/de\/wp-json\/wp\/v2\/product"}],"about":[{"href":"https:\/\/www.huntersfriend.eu\/de\/wp-json\/wp\/v2\/types\/product"}],"replies":[{"embeddable":true,"href":"https:\/\/www.huntersfriend.eu\/de\/wp-json\/wp\/v2\/comments?post=280043"}],"wp:featuredmedia":[{"embeddable":true,"href":"https:\/\/www.huntersfriend.eu\/de\/wp-json\/wp\/v2\/media\/274894"}],"wp:attachment":[{"href":"https:\/\/www.huntersfriend.eu\/de\/wp-json\/wp\/v2\/media?parent=280043"}],"wp:term":[{"taxonomy":"product_brand","embeddable":true,"href":"https:\/\/www.huntersfriend.eu\/de\/wp-json\/wp\/v2\/product_brand?post=280043"},{"taxonomy":"product_cat","embeddable":true,"href":"https:\/\/www.huntersfriend.eu\/de\/wp-json\/wp\/v2\/product_cat?post=280043"},{"taxonomy":"product_tag","embeddable":true,"href":"https:\/\/www.huntersfriend.eu\/de\/wp-json\/wp\/v2\/product_tag?post=280043"}],"curies":[{"name":"wp","href":"https:\/\/api.w.org\/{rel}","templated":true}]}}