{"id":280042,"date":"2024-10-21T23:57:12","date_gmt":"2025-06-23T07:13:49","guid":{"rendered":"https:\/\/www.huntersfriend.eu\/product\/nordforest-hunting-waidmannsheil-puukko\/"},"modified":"2026-02-25T10:37:23","modified_gmt":"2026-02-25T08:37:23","slug":"nordforest-hunting-waidmannsheil-puukko","status":"publish","type":"product","link":"https:\/\/www.huntersfriend.eu\/de\/produkt\/nordforest-hunting-waidmannsheil-puukko\/","title":{"rendered":"Nordforest hunting waidmannsheil puukko"},"content":{"rendered":"<h3><span data-text-bg=\"primary\" data-text-color=\"secondary\"><em><strong>Bitte beachten Sie, dass wir aufgrund lokaler Einfuhrbeschr\u00e4nkungen dieses Messerset nicht in das Vereinigte K\u00f6nigreich versenden k\u00f6nnen. Bitte seien Sie sich Ihrer lokalen Messergesetze bewusst. <\/strong><\/em><\/span><\/h3>\n<p><span class=\"jCAhz ChMk0b\"><span class=\"ryNqvb\">Das Nordforest Hunting Waidmannsheil Messer ist ein vielseitiges Allzweckmesser f\u00fcr die Jagd und Outdoor-Aktivit\u00e4ten.<\/span><\/span> <span class=\"jCAhz ChMk0b\"><span class=\"ryNqvb\">Die durchgehende und massive Klinge aus 440 C rostfreiem Stahl eignet sich f\u00fcr alle Arten von Aufgaben. <\/span><\/span><\/p>\n<p><span class=\"jCAhz ChMk0b\"><span class=\"ryNqvb\">Die Klingenst\u00e4rke betr\u00e4gt 4 mm, was eine gute Haltbarkeit der Klinge gew\u00e4hrleistet.<br \/>\n<\/span><\/span><span class=\"jCAhz ChMk0b\"><span class=\"ryNqvb\">Die L\u00e4nge der Klinge betr\u00e4gt 10,5 cm.<br \/>\n<\/span><\/span><span class=\"jCAhz ChMk0b\"><span class=\"ryNqvb\">Die Gesamtl\u00e4nge betr\u00e4gt 22,5 cm.<br \/>\n<\/span><\/span><span class=\"jCAhz ChMk0b\"><span class=\"ryNqvb\">Der Griffteil ist aus Olivenholz gefertigt. <\/span><\/span><\/p>\n<p><span class=\"jCAhz ChMk0b\"><span class=\"ryNqvb\">Das Messer wird mit einer Lederscheide geliefert, die am G\u00fcrtel getragen werden kann. <\/span><\/span><\/p>\n<p><span class=\"jCAhz\"><span class=\"ryNqvb\">Das Gewicht betr\u00e4gt 150 g.<\/span><\/span><\/p>\n","protected":false},"excerpt":{"rendered":"<p>Bitte beachten Sie, dass wir aufgrund lokaler Einfuhrbeschr\u00e4nkungen dieses Messerset nicht in das Vereinigte K\u00f6nigreich versenden k\u00f6nnen. Bitte seien Sie sich Ihrer lokalen Messergesetze bewusst. Das Nordforest Hunting Waidmannsheil Messer ist ein vielseitiges Allzweckmesser f\u00fcr die Jagd und Outdoor-Aktivit\u00e4ten. Die durchgehende und massive Klinge aus 440 C rostfreiem Stahl eignet sich f\u00fcr alle Arten von [&#8230;]\n","protected":false},"featured_media":275053,"comment_status":"open","ping_status":"closed","template":"","meta":[],"product_brand":[],"product_cat":[2610],"product_tag":[],"class_list":{"0":"post-280042","1":"product","2":"type-product","3":"status-publish","4":"has-post-thumbnail","6":"product_cat-knivar-yxor-och-slipar","8":"first","9":"instock","10":"taxable","11":"shipping-taxable","12":"purchasable","13":"product-type-simple"},"composite_virtual":false,"composite_layout":"","composite_add_to_cart_form_location":"","composite_editable_in_cart":false,"composite_sold_individually_context":"","composite_shop_price_calc":"","composite_components":[],"composite_scenarios":[],"group_of_quantity":0,"min_quantity":0,"max_quantity":"","exclude_order_quantity_value_rules":"no","exclude_category_quantity_rules":"no","combine_variations":"no","exclude_global_add_ons":[],"addons":[],"_links":{"self":[{"href":"https:\/\/www.huntersfriend.eu\/de\/wp-json\/wp\/v2\/product\/280042","targetHints":{"allow":["GET"]}}],"collection":[{"href":"https:\/\/www.huntersfriend.eu\/de\/wp-json\/wp\/v2\/product"}],"about":[{"href":"https:\/\/www.huntersfriend.eu\/de\/wp-json\/wp\/v2\/types\/product"}],"replies":[{"embeddable":true,"href":"https:\/\/www.huntersfriend.eu\/de\/wp-json\/wp\/v2\/comments?post=280042"}],"wp:featuredmedia":[{"embeddable":true,"href":"https:\/\/www.huntersfriend.eu\/de\/wp-json\/wp\/v2\/media\/275053"}],"wp:attachment":[{"href":"https:\/\/www.huntersfriend.eu\/de\/wp-json\/wp\/v2\/media?parent=280042"}],"wp:term":[{"taxonomy":"product_brand","embeddable":true,"href":"https:\/\/www.huntersfriend.eu\/de\/wp-json\/wp\/v2\/product_brand?post=280042"},{"taxonomy":"product_cat","embeddable":true,"href":"https:\/\/www.huntersfriend.eu\/de\/wp-json\/wp\/v2\/product_cat?post=280042"},{"taxonomy":"product_tag","embeddable":true,"href":"https:\/\/www.huntersfriend.eu\/de\/wp-json\/wp\/v2\/product_tag?post=280042"}],"curies":[{"name":"wp","href":"https:\/\/api.w.org\/{rel}","templated":true}]}}