{"id":280041,"date":"2024-10-21T23:57:12","date_gmt":"2024-10-21T21:57:12","guid":{"rendered":"https:\/\/www.huntersfriend.eu\/product\/boeker-magnum-saufaenger-hl-jagdmesser\/"},"modified":"2026-03-10T17:51:56","modified_gmt":"2026-03-10T15:51:56","slug":"boeker-magnum-saufaenger-hl-jagdmesser","status":"publish","type":"product","link":"https:\/\/www.huntersfriend.eu\/de\/produkt\/boeker-magnum-saufaenger-hl-jagdmesser\/","title":{"rendered":"B\u00f6ker Magnum Sauf\u00e4nger HL Jagdmesser"},"content":{"rendered":"<h3><span data-text-bg=\"primary\" data-text-color=\"secondary\"><em><strong>Bitte beachten Sie, dass wir dieses Messer aufgrund lokaler Einfuhrbeschr\u00e4nkungen nicht in das Vereinigte K\u00f6nigreich versenden k\u00f6nnen. Bitte beachten Sie die f\u00fcr Sie geltenden Messergesetze. <\/strong><\/em><\/span><\/h3>\n<p><span class=\"jCAhz ChMk0b\"><span class=\"ryNqvb\">Das B\u00f6ker Magnum Sauf\u00e4nger HL Jagdmesser eignet sich zum Abstechen des Tieres und zum humanen Erlegen, wenn keine Schusswaffe zur Verf\u00fcgung steht.<\/span><\/span> <span class=\"jCAhz ChMk0b\"><span class=\"ryNqvb\">Dieses Messer verf\u00fcgt \u00fcber eine Full-Tang-Konstruktion, die eine robuste Haltbarkeit gew\u00e4hrleistet.<\/span><\/span> <span class=\"jCAhz\"><span class=\"ryNqvb\">Die Klinge aus 440C-Edelstahl weist eine Blutnut auf.<\/span><\/span> <span class=\"jCAhz ChMk0b\"><span class=\"ryNqvb\">Ein breiter Handschutz aus Edelstahl verhindert einen versehentlichen Kontakt mit der Klinge. <\/span><\/span><\/p>\n<p><span class=\"jCAhz ChMk0b\"><span class=\"ryNqvb\">Ein Messer mit durchgehender Klinge.<br \/>\n<\/span><\/span><span class=\"jCAhz ChMk0b\"><span class=\"ryNqvb\">Griff in Signalorange.<br \/>\n<\/span><\/span><span class=\"jCAhz ChMk0b\"><span class=\"ryNqvb\">Klingenl\u00e4nge 22,9 cm.<br \/>\n<\/span><\/span><span class=\"jCAhz ChMk0b\"><span class=\"ryNqvb\">Gesamtl\u00e4nge 36,8 cm.<br \/>\n<\/span><\/span><span class=\"jCAhz ChMk0b\"><span class=\"ryNqvb\">Gewicht 380 g (mit Scheide).<br \/>\n<\/span><\/span><span class=\"jCAhz\"><span class=\"ryNqvb\">Inklusive Nylonscheide.<\/span><\/span><\/p>\n","protected":false},"excerpt":{"rendered":"<p>Bitte beachten Sie, dass wir dieses Messer aufgrund lokaler Einfuhrbeschr\u00e4nkungen nicht in das Vereinigte K\u00f6nigreich versenden k\u00f6nnen. Bitte beachten Sie die f\u00fcr Sie geltenden Messergesetze. Das B\u00f6ker Magnum Sauf\u00e4nger HL Jagdmesser eignet sich zum Abstechen des Tieres und zum humanen Erlegen, wenn keine Schusswaffe zur Verf\u00fcgung steht. Dieses Messer verf\u00fcgt \u00fcber eine Full-Tang-Konstruktion, die eine [&#8230;]\n","protected":false},"featured_media":275050,"comment_status":"open","ping_status":"closed","template":"","meta":[],"product_brand":[],"product_cat":[1145],"product_tag":[],"class_list":{"0":"post-280041","1":"product","2":"type-product","3":"status-publish","4":"has-post-thumbnail","6":"product_cat-sonstiges","8":"first","9":"outofstock","10":"taxable","11":"shipping-taxable","12":"purchasable","13":"product-type-simple"},"composite_virtual":false,"composite_layout":"","composite_add_to_cart_form_location":"","composite_editable_in_cart":false,"composite_sold_individually_context":"","composite_shop_price_calc":"","composite_components":[],"composite_scenarios":[],"group_of_quantity":0,"min_quantity":0,"max_quantity":"","exclude_order_quantity_value_rules":"no","exclude_category_quantity_rules":"no","combine_variations":"no","exclude_global_add_ons":[],"addons":[],"_links":{"self":[{"href":"https:\/\/www.huntersfriend.eu\/de\/wp-json\/wp\/v2\/product\/280041","targetHints":{"allow":["GET"]}}],"collection":[{"href":"https:\/\/www.huntersfriend.eu\/de\/wp-json\/wp\/v2\/product"}],"about":[{"href":"https:\/\/www.huntersfriend.eu\/de\/wp-json\/wp\/v2\/types\/product"}],"replies":[{"embeddable":true,"href":"https:\/\/www.huntersfriend.eu\/de\/wp-json\/wp\/v2\/comments?post=280041"}],"wp:featuredmedia":[{"embeddable":true,"href":"https:\/\/www.huntersfriend.eu\/de\/wp-json\/wp\/v2\/media\/275050"}],"wp:attachment":[{"href":"https:\/\/www.huntersfriend.eu\/de\/wp-json\/wp\/v2\/media?parent=280041"}],"wp:term":[{"taxonomy":"product_brand","embeddable":true,"href":"https:\/\/www.huntersfriend.eu\/de\/wp-json\/wp\/v2\/product_brand?post=280041"},{"taxonomy":"product_cat","embeddable":true,"href":"https:\/\/www.huntersfriend.eu\/de\/wp-json\/wp\/v2\/product_cat?post=280041"},{"taxonomy":"product_tag","embeddable":true,"href":"https:\/\/www.huntersfriend.eu\/de\/wp-json\/wp\/v2\/product_tag?post=280041"}],"curies":[{"name":"wp","href":"https:\/\/api.w.org\/{rel}","templated":true}]}}