{"id":280031,"date":"2024-10-14T23:50:11","date_gmt":"2024-10-14T21:50:11","guid":{"rendered":"https:\/\/www.huntersfriend.eu\/product\/kamik-alborg-plus-winterstiefel\/"},"modified":"2026-02-25T10:37:16","modified_gmt":"2026-02-25T08:37:16","slug":"kamik-alborg-plus-winterstiefel","status":"publish","type":"product","link":"https:\/\/www.huntersfriend.eu\/de\/produkt\/kamik-alborg-plus-winterstiefel\/","title":{"rendered":"Kamik Alborg Plus Winterstiefel"},"content":{"rendered":"<p><span class=\"jCAhz ChMk0b\"><span class=\"ryNqvb\">Der Kamik Alborg Plus Winterstiefel verf\u00fcgt \u00fcber eine herausnehmbare Einlegesohle mit Heat-MX Isolierung.<\/span><\/span> <span class=\"jCAhz\"><span class=\"ryNqvb\">Dies gew\u00e4hrleistet eine optimale W\u00e4rmeentwicklung unter sehr kalten Bedingungen.<\/span><\/span> <span class=\"jCAhz ChMk0b\"><span class=\"ryNqvb\">Der Kamik Alborg Plus Winterschuh ist zudem \u00e4u\u00dferst leicht und dennoch sehr robust.<\/span><\/span> <span class=\"jCAhz ChMk0b\"><span class=\"ryNqvb\">Das echte Nubukleder des Oberteils macht den Stiefel sehr wasserabweisend.<\/span><\/span> <span class=\"jCAhz ChMk0b\"><span class=\"ryNqvb\">Der Alborg Plus ist angenehm weich, was ein exzellentes Gehgef\u00fchl garantiert.<\/span><\/span> <span class=\"jCAhz ChMk0b\"><span class=\"ryNqvb\">Der wasserdichte untere Teil besteht aus synthetischem Gummi, welcher sehr flexibel ist und den Schritt erheblich verbessert.<\/span><\/span> <span class=\"jCAhz ChMk0b\"><span class=\"ryNqvb\">Die Au\u00dfensohle ist gut strukturiert und langlebig. <\/span><\/span><\/p>\n<p><span class=\"jCAhz ChMk0b\"><span class=\"ryNqvb\">Spezifikationen: <\/span><\/span><\/p>\n<p><span class=\"jCAhz ChMk0b\"><span class=\"ryNqvb\">Wasserdicht versiegelte, wasserabweisende Nubukleder-Oberfl\u00e4che <\/span><\/span><span class=\"jCAhz ChMk0b\"><span class=\"ryNqvb\">Feuchtigkeitsableitende Innenf\u00fctterung <\/span><\/span><span class=\"jCAhz ChMk0b\"><span class=\"ryNqvb\">Sehr warmer, herausnehmbarer 9 mm Zylextra Innenschuh mit Heat-MX Isolierung <\/span><\/span> <\/p>\n<p><span class=\"jCAhz ChMk0b\"><span class=\"ryNqvb\">Warme und gut isolierende Einlegesohle <\/span><\/span><\/p>\n<p><span class=\"jCAhz ChMk0b\"><span class=\"ryNqvb\">Abriebfeste, wasserdichte Gummisohle <\/span><\/span><\/p>\n<p><span class=\"jCAhz ChMk0b\"><span class=\"ryNqvb\">Snowgrip-Au\u00dfensohle <\/span><\/span><span class=\"jCAhz\"><span class=\"ryNqvb\">Schn\u00fcrsystem mit D-Ringen <\/span><\/span> <\/p>\n<p><span class=\"jCAhz\"><span class=\"ryNqvb\">Schafth\u00f6he: 22 cm <\/span><\/span><\/p>\n<p><span class=\"jCAhz ChMk0b\"><span class=\"ryNqvb\">Gewicht: 1700 g (Gr\u00f6\u00dfe 43)<\/span><\/span><\/p>\n","protected":false},"excerpt":{"rendered":"<p>Der Kamik Alborg Plus Winterstiefel verf\u00fcgt \u00fcber eine herausnehmbare Einlegesohle mit Heat-MX Isolierung. Dies gew\u00e4hrleistet eine optimale W\u00e4rmeentwicklung unter sehr kalten Bedingungen. Der Kamik Alborg Plus Winterschuh ist zudem \u00e4u\u00dferst leicht und dennoch sehr robust. Das echte Nubukleder des Oberteils macht den Stiefel sehr wasserabweisend. Der Alborg Plus ist angenehm weich, was ein exzellentes Gehgef\u00fchl [&#8230;]\n","protected":false},"featured_media":274367,"comment_status":"open","ping_status":"closed","template":"","meta":[],"product_brand":[],"product_cat":[1129,1207],"product_tag":[],"class_list":{"0":"post-280031","1":"product","2":"type-product","3":"status-publish","4":"has-post-thumbnail","6":"product_cat-jagd-stiefel","7":"product_cat-winter-jagd-stiefel","8":"product_shipping_class-medium-de","10":"first","11":"instock","12":"taxable","13":"shipping-taxable","14":"purchasable","15":"product-type-variable"},"composite_virtual":false,"composite_layout":"","composite_add_to_cart_form_location":"","composite_editable_in_cart":false,"composite_sold_individually_context":"","composite_shop_price_calc":"","composite_components":[],"composite_scenarios":[],"group_of_quantity":0,"min_quantity":0,"max_quantity":"","exclude_order_quantity_value_rules":"no","exclude_category_quantity_rules":"no","combine_variations":"no","exclude_global_add_ons":[],"addons":[],"_links":{"self":[{"href":"https:\/\/www.huntersfriend.eu\/de\/wp-json\/wp\/v2\/product\/280031","targetHints":{"allow":["GET"]}}],"collection":[{"href":"https:\/\/www.huntersfriend.eu\/de\/wp-json\/wp\/v2\/product"}],"about":[{"href":"https:\/\/www.huntersfriend.eu\/de\/wp-json\/wp\/v2\/types\/product"}],"replies":[{"embeddable":true,"href":"https:\/\/www.huntersfriend.eu\/de\/wp-json\/wp\/v2\/comments?post=280031"}],"wp:featuredmedia":[{"embeddable":true,"href":"https:\/\/www.huntersfriend.eu\/de\/wp-json\/wp\/v2\/media\/274367"}],"wp:attachment":[{"href":"https:\/\/www.huntersfriend.eu\/de\/wp-json\/wp\/v2\/media?parent=280031"}],"wp:term":[{"taxonomy":"product_brand","embeddable":true,"href":"https:\/\/www.huntersfriend.eu\/de\/wp-json\/wp\/v2\/product_brand?post=280031"},{"taxonomy":"product_cat","embeddable":true,"href":"https:\/\/www.huntersfriend.eu\/de\/wp-json\/wp\/v2\/product_cat?post=280031"},{"taxonomy":"product_tag","embeddable":true,"href":"https:\/\/www.huntersfriend.eu\/de\/wp-json\/wp\/v2\/product_tag?post=280031"}],"curies":[{"name":"wp","href":"https:\/\/api.w.org\/{rel}","templated":true}]}}