{"id":280029,"date":"2024-10-21T23:51:15","date_gmt":"2025-06-23T07:13:12","guid":{"rendered":"https:\/\/www.huntersfriend.eu\/product\/niggeloh-universal-sv-gewehrriemen\/"},"modified":"2026-04-16T07:30:26","modified_gmt":"2026-04-16T05:30:26","slug":"niggeloh-universal-sv-gewehrriemen","status":"publish","type":"product","link":"https:\/\/www.huntersfriend.eu\/de\/produkt\/niggeloh-universal-sv-gewehrriemen\/","title":{"rendered":"Niggeloh Universal SV Gewehrriemen"},"content":{"rendered":"<p><span class=\"jCAhz ChMk0b\"><span class=\"ryNqvb\">Der Niggeloh Universal SV ist ein hochwertiger und ergonomischer Gewehrriemen, der seinem Benutzer maximalen Komfort und Praktikabilit\u00e4t bietet.<\/span><\/span> <span class=\"jCAhz ChMk0b\"><span class=\"ryNqvb\">Der Riemen ist aus strapazierf\u00e4higen Materialien gefertigt und speziell f\u00fcr J\u00e4ger und Schie\u00dfsportbegeisterte konzipiert, die Wert auf Benutzerfreundlichkeit und Zuverl\u00e4ssigkeit legen. <\/span><\/span><\/p>\n<p><span class=\"jCAhz ChMk0b\"><span class=\"ryNqvb\">Komfort: Der breite und gepolsterte Gurt verteilt das Gewicht gleichm\u00e4\u00dfig, was die Belastung bei langen Tragstrecken reduziert.<\/span><\/span><\/p>\n<p><span class=\"jCAhz ChMk0b\"><span class=\"ryNqvb\">Haltbarkeit: Hergestellt aus verschlei\u00dffesten Materialien, die selbst unter anspruchsvollen Bedingungen eine lange Lebensdauer garantieren. <\/span><\/span><\/p>\n<p><span class=\"jCAhz ChMk0b\"><span class=\"ryNqvb\">Einfach einstellbar: Die L\u00e4nge des Riemens l\u00e4sst sich m\u00fchelos an individuelle Bed\u00fcrfnisse anpassen und bleibt sicher in Position. <\/span><\/span><\/p>\n<p><span class=\"jCAhz ChMk0b\"><span class=\"ryNqvb\">Vielseitig: Ideal f\u00fcr die meisten Waffen und diverse Jagdsituationen. <\/span><\/span><\/p>\n<p><span class=\"jCAhz\"><span class=\"ryNqvb\">Abmessungen: L\u00e4nge 110 cm.<\/span><\/span> <span class=\"jCAhz ChMk0b\"><span class=\"ryNqvb\">Gewicht 135 Gramm. <\/span><\/span><\/p>\n<p><span class=\"jCAhz ChMk0b\"><span class=\"ryNqvb\">Der Niggeloh Universal SV ist eine zuverl\u00e4ssige Wahl f\u00fcr alle, die ihre Waffe komfortabel und sicher tragen m\u00f6chten.<\/span><\/span><\/p>\n","protected":false},"excerpt":{"rendered":"<p>Der Niggeloh Universal SV ist ein hochwertiger und ergonomischer Gewehrriemen, der seinem Benutzer maximalen Komfort und Praktikabilit\u00e4t bietet. Der Riemen ist aus strapazierf\u00e4higen Materialien gefertigt und speziell f\u00fcr J\u00e4ger und Schie\u00dfsportbegeisterte konzipiert, die Wert auf Benutzerfreundlichkeit und Zuverl\u00e4ssigkeit legen. Komfort: Der breite und gepolsterte Gurt verteilt das Gewicht gleichm\u00e4\u00dfig, was die Belastung bei langen Tragstrecken [&#8230;]\n","protected":false},"featured_media":274883,"comment_status":"open","ping_status":"closed","template":"","meta":[],"product_brand":[],"product_cat":[2564],"product_tag":[],"class_list":{"0":"post-280029","1":"product","2":"type-product","3":"status-publish","4":"has-post-thumbnail","6":"product_cat-remmar-tillbehor","8":"first","9":"instock","10":"taxable","11":"shipping-taxable","12":"purchasable","13":"product-type-simple"},"composite_virtual":false,"composite_layout":"","composite_add_to_cart_form_location":"","composite_editable_in_cart":false,"composite_sold_individually_context":"","composite_shop_price_calc":"","composite_components":[],"composite_scenarios":[],"group_of_quantity":0,"min_quantity":0,"max_quantity":"","exclude_order_quantity_value_rules":"no","exclude_category_quantity_rules":"no","combine_variations":"no","exclude_global_add_ons":[],"addons":[],"_links":{"self":[{"href":"https:\/\/www.huntersfriend.eu\/de\/wp-json\/wp\/v2\/product\/280029","targetHints":{"allow":["GET"]}}],"collection":[{"href":"https:\/\/www.huntersfriend.eu\/de\/wp-json\/wp\/v2\/product"}],"about":[{"href":"https:\/\/www.huntersfriend.eu\/de\/wp-json\/wp\/v2\/types\/product"}],"replies":[{"embeddable":true,"href":"https:\/\/www.huntersfriend.eu\/de\/wp-json\/wp\/v2\/comments?post=280029"}],"wp:featuredmedia":[{"embeddable":true,"href":"https:\/\/www.huntersfriend.eu\/de\/wp-json\/wp\/v2\/media\/274883"}],"wp:attachment":[{"href":"https:\/\/www.huntersfriend.eu\/de\/wp-json\/wp\/v2\/media?parent=280029"}],"wp:term":[{"taxonomy":"product_brand","embeddable":true,"href":"https:\/\/www.huntersfriend.eu\/de\/wp-json\/wp\/v2\/product_brand?post=280029"},{"taxonomy":"product_cat","embeddable":true,"href":"https:\/\/www.huntersfriend.eu\/de\/wp-json\/wp\/v2\/product_cat?post=280029"},{"taxonomy":"product_tag","embeddable":true,"href":"https:\/\/www.huntersfriend.eu\/de\/wp-json\/wp\/v2\/product_tag?post=280029"}],"curies":[{"name":"wp","href":"https:\/\/api.w.org\/{rel}","templated":true}]}}