{"id":280024,"date":"2024-10-14T08:12:55","date_gmt":"2025-06-23T07:13:10","guid":{"rendered":"https:\/\/www.huntersfriend.eu\/product\/eberlestock-recon-entfernungsmesser-tasche-gross\/"},"modified":"2025-10-26T10:50:38","modified_gmt":"2025-10-26T08:50:38","slug":"eberlestock-recon-entfernungsmesser-tasche-gross","status":"publish","type":"product","link":"https:\/\/www.huntersfriend.eu\/de\/produkt\/eberlestock-recon-entfernungsmesser-tasche-gross\/","title":{"rendered":"Eberlestock Recon Entfernungsmesser-Tasche &#8211; Gro\u00df"},"content":{"rendered":"<p>Die Recon Entfernungsmesser-Tasche ist konzipiert, um die meisten auf dem Markt erh\u00e4ltlichen Entfernungsmesser aufzunehmen. Sie verf\u00fcgt \u00fcber einen magnetischen Deckel an der Vorderseite, der Staub und Schmutz von der Optik fernh\u00e4lt. Ein Gummizug-Befestigungsband verbindet sich mit Ihrem Ger\u00e4t, sodass Sie den Entfernungsmesser problemlos fallen lassen k\u00f6nnen, ohne sich Sorgen machen zu m\u00fcssen, dass Ihr Ger\u00e4t besch\u00e4digt wird oder verloren geht.  <\/p>\n<p>Abmessungen: 4,45 cm T x 8,26 cm B x 12,7 cm H<\/p>\n","protected":false},"excerpt":{"rendered":"<p>Die Recon Entfernungsmesser-Tasche ist konzipiert, um die meisten auf dem Markt erh\u00e4ltlichen Entfernungsmesser aufzunehmen. Sie verf\u00fcgt \u00fcber einen magnetischen Deckel an der Vorderseite, der Staub und Schmutz von der Optik fernh\u00e4lt. Ein Gummizug-Befestigungsband verbindet sich mit Ihrem Ger\u00e4t, sodass Sie den Entfernungsmesser problemlos fallen lassen k\u00f6nnen, ohne sich Sorgen machen zu m\u00fcssen, dass Ihr Ger\u00e4t [&#8230;]\n","protected":false},"featured_media":274287,"comment_status":"open","ping_status":"closed","template":"","meta":[],"product_brand":[],"product_cat":[1773],"product_tag":[],"class_list":{"0":"post-280024","1":"product","2":"type-product","3":"status-publish","4":"has-post-thumbnail","6":"product_cat-bino-harnesses-de","8":"first","9":"instock","10":"taxable","11":"shipping-taxable","12":"purchasable","13":"product-type-variable"},"composite_virtual":false,"composite_layout":"","composite_add_to_cart_form_location":"","composite_editable_in_cart":false,"composite_sold_individually_context":"","composite_shop_price_calc":"","composite_components":[],"composite_scenarios":[],"group_of_quantity":0,"min_quantity":0,"max_quantity":"","exclude_order_quantity_value_rules":"no","exclude_category_quantity_rules":"no","combine_variations":"no","exclude_global_add_ons":[],"addons":[],"_links":{"self":[{"href":"https:\/\/www.huntersfriend.eu\/de\/wp-json\/wp\/v2\/product\/280024","targetHints":{"allow":["GET"]}}],"collection":[{"href":"https:\/\/www.huntersfriend.eu\/de\/wp-json\/wp\/v2\/product"}],"about":[{"href":"https:\/\/www.huntersfriend.eu\/de\/wp-json\/wp\/v2\/types\/product"}],"replies":[{"embeddable":true,"href":"https:\/\/www.huntersfriend.eu\/de\/wp-json\/wp\/v2\/comments?post=280024"}],"wp:featuredmedia":[{"embeddable":true,"href":"https:\/\/www.huntersfriend.eu\/de\/wp-json\/wp\/v2\/media\/274287"}],"wp:attachment":[{"href":"https:\/\/www.huntersfriend.eu\/de\/wp-json\/wp\/v2\/media?parent=280024"}],"wp:term":[{"taxonomy":"product_brand","embeddable":true,"href":"https:\/\/www.huntersfriend.eu\/de\/wp-json\/wp\/v2\/product_brand?post=280024"},{"taxonomy":"product_cat","embeddable":true,"href":"https:\/\/www.huntersfriend.eu\/de\/wp-json\/wp\/v2\/product_cat?post=280024"},{"taxonomy":"product_tag","embeddable":true,"href":"https:\/\/www.huntersfriend.eu\/de\/wp-json\/wp\/v2\/product_tag?post=280024"}],"curies":[{"name":"wp","href":"https:\/\/api.w.org\/{rel}","templated":true}]}}