{"id":280023,"date":"2024-10-21T23:51:15","date_gmt":"2025-06-23T07:13:09","guid":{"rendered":"https:\/\/www.huntersfriend.eu\/product\/verney-carron-magnetischer-patronenhuelsensammler\/"},"modified":"2025-11-05T14:45:00","modified_gmt":"2025-11-05T12:45:00","slug":"verney-carron-magnetischer-patronenhuelsensammler","status":"publish","type":"product","link":"https:\/\/www.huntersfriend.eu\/de\/produkt\/verney-carron-magnetischer-patronenhuelsensammler\/","title":{"rendered":"Verney-carron magnetischer Patronenh\u00fclsensammler"},"content":{"rendered":"<p><span class=\"jCAhz ChMk0b\"><span class=\"ryNqvb\">Der Verney-Carron magnetische Patronenh\u00fclsensammler ist dreiteilig und zusammenklappbar.<\/span><\/span> <span class=\"jCAhz ChMk0b\"><span class=\"ryNqvb\">Dieses Produkt ist konzipiert, um effizient und m\u00fchelos die auf dem Boden liegenden H\u00fclsen auf dem Schie\u00dfstand und im Wald einzusammeln.<\/span><\/span> <span class=\"jCAhz ChMk0b\"><span class=\"ryNqvb\">Das Produkt eignet sich auch zur Suche nach verlorenen Metallobjekten im Gel\u00e4nde. <\/span><\/span><\/p>\n<p><span class=\"jCAhz ChMk0b\"><span class=\"ryNqvb\">Dank des starken Magneten am Ende des Stabes ist es nicht erforderlich, sich zum Aufheben verstreuter H\u00fclsen zu b\u00fccken, was die Reinigung beschleunigt und erleichtert.<\/span><\/span> <span class=\"jCAhz ChMk0b\"><span class=\"ryNqvb\">Der praktische Kordelzug an der Oberseite verbessert die Benutzerfreundlichkeit.<\/span><\/span> <span class=\"jCAhz ChMk0b\"><span class=\"ryNqvb\">Aufgrund seiner robusten Konstruktion und dreiteiligen Struktur ist das Produkt leicht zu transportieren. <\/span><\/span><\/p>\n<p><span class=\"jCAhz\"><span class=\"ryNqvb\">Gesamtl\u00e4nge 102 cm.<\/span><\/span> <span class=\"jCAhz ChMk0b\"><span class=\"ryNqvb\">Gewicht circa 270 Gramm.<\/span><\/span><\/p>\n","protected":false},"excerpt":{"rendered":"<p>Der Verney-Carron magnetische Patronenh\u00fclsensammler ist dreiteilig und zusammenklappbar. Dieses Produkt ist konzipiert, um effizient und m\u00fchelos die auf dem Boden liegenden H\u00fclsen auf dem Schie\u00dfstand und im Wald einzusammeln. Das Produkt eignet sich auch zur Suche nach verlorenen Metallobjekten im Gel\u00e4nde. Dank des starken Magneten am Ende des Stabes ist es nicht erforderlich, sich zum [&#8230;]\n","protected":false},"featured_media":274879,"comment_status":"open","ping_status":"closed","template":"","meta":[],"product_brand":[],"product_cat":[2179,1359],"product_tag":[],"class_list":{"0":"post-280023","1":"product","2":"type-product","3":"status-publish","4":"has-post-thumbnail","6":"product_cat-wiederladezubehor","7":"product_cat-slings-accessories-de","9":"first","10":"outofstock","11":"taxable","12":"shipping-taxable","13":"purchasable","14":"product-type-simple"},"composite_virtual":false,"composite_layout":"","composite_add_to_cart_form_location":"","composite_editable_in_cart":false,"composite_sold_individually_context":"","composite_shop_price_calc":"","composite_components":[],"composite_scenarios":[],"group_of_quantity":0,"min_quantity":0,"max_quantity":"","exclude_order_quantity_value_rules":"no","exclude_category_quantity_rules":"no","combine_variations":"no","exclude_global_add_ons":[],"addons":[],"_links":{"self":[{"href":"https:\/\/www.huntersfriend.eu\/de\/wp-json\/wp\/v2\/product\/280023","targetHints":{"allow":["GET"]}}],"collection":[{"href":"https:\/\/www.huntersfriend.eu\/de\/wp-json\/wp\/v2\/product"}],"about":[{"href":"https:\/\/www.huntersfriend.eu\/de\/wp-json\/wp\/v2\/types\/product"}],"replies":[{"embeddable":true,"href":"https:\/\/www.huntersfriend.eu\/de\/wp-json\/wp\/v2\/comments?post=280023"}],"wp:featuredmedia":[{"embeddable":true,"href":"https:\/\/www.huntersfriend.eu\/de\/wp-json\/wp\/v2\/media\/274879"}],"wp:attachment":[{"href":"https:\/\/www.huntersfriend.eu\/de\/wp-json\/wp\/v2\/media?parent=280023"}],"wp:term":[{"taxonomy":"product_brand","embeddable":true,"href":"https:\/\/www.huntersfriend.eu\/de\/wp-json\/wp\/v2\/product_brand?post=280023"},{"taxonomy":"product_cat","embeddable":true,"href":"https:\/\/www.huntersfriend.eu\/de\/wp-json\/wp\/v2\/product_cat?post=280023"},{"taxonomy":"product_tag","embeddable":true,"href":"https:\/\/www.huntersfriend.eu\/de\/wp-json\/wp\/v2\/product_tag?post=280023"}],"curies":[{"name":"wp","href":"https:\/\/api.w.org\/{rel}","templated":true}]}}