{"id":280021,"date":"2024-10-21T23:51:17","date_gmt":"2025-06-23T07:13:08","guid":{"rendered":"https:\/\/www.huntersfriend.eu\/product\/nordforest-jagdgewehrgurt\/"},"modified":"2026-03-04T12:55:19","modified_gmt":"2026-03-04T10:55:19","slug":"nordforest-jagdgewehrgurt","status":"publish","type":"product","link":"https:\/\/www.huntersfriend.eu\/de\/produkt\/nordforest-jagdgewehrgurt\/","title":{"rendered":"Nordforest Jagdgewehrgurt"},"content":{"rendered":"<p><span class=\"jCAhz ChMk0b\"><span class=\"ryNqvb\">Der Nordforest Jagdgewehrriemen ist aus robusten, jedoch ger\u00e4uscharmen Materialien gefertigt.<\/span><\/span> <span class=\"jCAhz\"><span class=\"ryNqvb\">Seine L\u00e4nge betr\u00e4gt etwa 105 cm und die Breite circa 5,5 cm.<\/span><\/span> <span class=\"jCAhz ChMk0b\"><span class=\"ryNqvb\">Zwei Schlaufen an der Oberseite des Riemens bieten Platz f\u00fcr Gewehrpatronen.<\/span><\/span><\/p>\n<p><span class=\"jCAhz ChMk0b\"><span class=\"ryNqvb\">Material: Leder &amp; Filz.<\/span><\/span><\/p>\n","protected":false},"excerpt":{"rendered":"<p>Der Nordforest Jagdgewehrriemen ist aus robusten, jedoch ger\u00e4uscharmen Materialien gefertigt. Seine L\u00e4nge betr\u00e4gt etwa 105 cm und die Breite circa 5,5 cm. Zwei Schlaufen an der Oberseite des Riemens bieten Platz f\u00fcr Gewehrpatronen. Material: Leder &amp; Filz.<\/p>\n","protected":false},"featured_media":274911,"comment_status":"open","ping_status":"closed","template":"","meta":[],"product_brand":[],"product_cat":[2564],"product_tag":[],"class_list":{"0":"post-280021","1":"product","2":"type-product","3":"status-publish","4":"has-post-thumbnail","6":"product_cat-remmar-tillbehor","8":"first","9":"instock","10":"taxable","11":"shipping-taxable","12":"purchasable","13":"product-type-simple"},"composite_virtual":false,"composite_layout":"","composite_add_to_cart_form_location":"","composite_editable_in_cart":false,"composite_sold_individually_context":"","composite_shop_price_calc":"","composite_components":[],"composite_scenarios":[],"group_of_quantity":0,"min_quantity":0,"max_quantity":"","exclude_order_quantity_value_rules":"no","exclude_category_quantity_rules":"no","combine_variations":"no","exclude_global_add_ons":[],"addons":[],"_links":{"self":[{"href":"https:\/\/www.huntersfriend.eu\/de\/wp-json\/wp\/v2\/product\/280021","targetHints":{"allow":["GET"]}}],"collection":[{"href":"https:\/\/www.huntersfriend.eu\/de\/wp-json\/wp\/v2\/product"}],"about":[{"href":"https:\/\/www.huntersfriend.eu\/de\/wp-json\/wp\/v2\/types\/product"}],"replies":[{"embeddable":true,"href":"https:\/\/www.huntersfriend.eu\/de\/wp-json\/wp\/v2\/comments?post=280021"}],"wp:featuredmedia":[{"embeddable":true,"href":"https:\/\/www.huntersfriend.eu\/de\/wp-json\/wp\/v2\/media\/274911"}],"wp:attachment":[{"href":"https:\/\/www.huntersfriend.eu\/de\/wp-json\/wp\/v2\/media?parent=280021"}],"wp:term":[{"taxonomy":"product_brand","embeddable":true,"href":"https:\/\/www.huntersfriend.eu\/de\/wp-json\/wp\/v2\/product_brand?post=280021"},{"taxonomy":"product_cat","embeddable":true,"href":"https:\/\/www.huntersfriend.eu\/de\/wp-json\/wp\/v2\/product_cat?post=280021"},{"taxonomy":"product_tag","embeddable":true,"href":"https:\/\/www.huntersfriend.eu\/de\/wp-json\/wp\/v2\/product_tag?post=280021"}],"curies":[{"name":"wp","href":"https:\/\/api.w.org\/{rel}","templated":true}]}}