{"id":280019,"date":"2024-10-18T09:14:11","date_gmt":"2025-06-23T07:13:06","guid":{"rendered":"https:\/\/www.huntersfriend.eu\/product\/nebo-illumatrace-bloodtracker-blutlicht\/"},"modified":"2025-10-04T20:05:52","modified_gmt":"2025-10-04T18:05:52","slug":"nebo-illumatrace-bloodtracker-blutlicht","status":"publish","type":"product","link":"https:\/\/www.huntersfriend.eu\/de\/produkt\/nebo-illumatrace-bloodtracker-blutlicht\/","title":{"rendered":"Nebo Illumatrace Bloodtracker Blutlicht"},"content":{"rendered":"<p>Ein erlegtes Tier sollte ein gefundenes Tier sein. Erh\u00f6hen Sie Ihre Erfolgsquote beim Auffinden des endg\u00fcltigen Ruheortes von Gro\u00dfwild mit der NEBO\u00ae IllumaTrace\u2122 Blutspuren-Taschenlampe. Die zum Patent angemeldete Technologie revolutioniert die Blutspurenerkennung mit alternierenden Stroboskopen, die die Sichtbarkeit von Blut auf allen Terrains und Hintergr\u00fcnden verbessern und den Weg zu Ihrer Troph\u00e4e beleuchten. Wechseln Sie z\u00fcgig zwischen wei\u00dfem Licht zur allgemeinen Wegbeleuchtung und der Pr\u00e4zision eines spezialisierten Blutspurenverfolgungsmodus. Der Moduswahlschalter erm\u00f6glicht einen schnellen Start im gew\u00fcnschten Modus. W\u00e4hlen Sie zwischen 3 Blutspurenverfolgungsstroboraten, die am besten zu Ihrer visuellen Pr\u00e4ferenz und den Jagdbedingungen passen. Mit einer bemerkenswerten Reichweite von bis zu 262 Fu\u00df bew\u00e4hrt sich der Illumatrace Blood Tracker sowohl auf offenen Feldern als auch in dichten Waldgebieten. Dieses USB-C aufladbare Ger\u00e4t mit 4000mAh Lithium-Ionen-Akku verf\u00fcgt \u00fcber eine wasserdichte, sto\u00dffeste und leichte Aluminiumrahmenkonstruktion. Die NEBO IllumaTrace Blutspuren-Taschenlampe beinhaltet eine abnehmbare Trageschlaufe, einen abnehmbaren G\u00fcrtelclip und ein USB-A zu USB-C Kabel. Lichtmodi: Wei\u00df (170 Lumen, 2,5 Std. Laufzeit, 80m Reichweite); IllumaTrace Blutspurenverfolgung (150 Lumen, 3 Stunden Laufzeit, 75m Reichweite). 7,48&#8243;L x 2,12&#8243;B x 2,12&#8243;H. Gewicht: 0,84 lb.<br \/>\nHerstellermodell #: NEB-FLT-1036.           <\/p>\n<ul>\n<li class=\"\">Spezialisierter Blutspurenverfolgungsmodus<\/li>\n<li class=\"\">3 Blutspurenverfolgungsstroboraten<\/li>\n<li>Reichweite von bis zu 262&#8242;<\/li>\n<li class=\"\">4000mAh Lithium-Ionen-Akku bietet<\/li>\n<li class=\"\">Wasserdichte, sto\u00dffeste Aluminiumrahmenkonstruktion<\/li>\n<\/ul>\n","protected":false},"excerpt":{"rendered":"<p>Ein erlegtes Tier sollte ein gefundenes Tier sein. Erh\u00f6hen Sie Ihre Erfolgsquote beim Auffinden des endg\u00fcltigen Ruheortes von Gro\u00dfwild mit der NEBO\u00ae IllumaTrace\u2122 Blutspuren-Taschenlampe. Die zum Patent angemeldete Technologie revolutioniert die Blutspurenerkennung mit alternierenden Stroboskopen, die die Sichtbarkeit von Blut auf allen Terrains und Hintergr\u00fcnden verbessern und den Weg zu Ihrer Troph\u00e4e beleuchten. Wechseln Sie [&#8230;]\n","protected":false},"featured_media":274407,"comment_status":"open","ping_status":"closed","template":"","meta":[],"product_brand":[],"product_cat":[1404,1408],"product_tag":[],"class_list":{"0":"post-280019","1":"product","2":"type-product","3":"status-publish","4":"has-post-thumbnail","6":"product_cat-jagdzubehor","7":"product_cat-jagdlampen","9":"first","10":"instock","11":"taxable","12":"shipping-taxable","13":"purchasable","14":"product-type-simple"},"composite_virtual":false,"composite_layout":"","composite_add_to_cart_form_location":"","composite_editable_in_cart":false,"composite_sold_individually_context":"","composite_shop_price_calc":"","composite_components":[],"composite_scenarios":[],"group_of_quantity":0,"min_quantity":0,"max_quantity":"","exclude_order_quantity_value_rules":"no","exclude_category_quantity_rules":"no","combine_variations":"no","exclude_global_add_ons":[],"addons":[],"_links":{"self":[{"href":"https:\/\/www.huntersfriend.eu\/de\/wp-json\/wp\/v2\/product\/280019","targetHints":{"allow":["GET"]}}],"collection":[{"href":"https:\/\/www.huntersfriend.eu\/de\/wp-json\/wp\/v2\/product"}],"about":[{"href":"https:\/\/www.huntersfriend.eu\/de\/wp-json\/wp\/v2\/types\/product"}],"replies":[{"embeddable":true,"href":"https:\/\/www.huntersfriend.eu\/de\/wp-json\/wp\/v2\/comments?post=280019"}],"wp:featuredmedia":[{"embeddable":true,"href":"https:\/\/www.huntersfriend.eu\/de\/wp-json\/wp\/v2\/media\/274407"}],"wp:attachment":[{"href":"https:\/\/www.huntersfriend.eu\/de\/wp-json\/wp\/v2\/media?parent=280019"}],"wp:term":[{"taxonomy":"product_brand","embeddable":true,"href":"https:\/\/www.huntersfriend.eu\/de\/wp-json\/wp\/v2\/product_brand?post=280019"},{"taxonomy":"product_cat","embeddable":true,"href":"https:\/\/www.huntersfriend.eu\/de\/wp-json\/wp\/v2\/product_cat?post=280019"},{"taxonomy":"product_tag","embeddable":true,"href":"https:\/\/www.huntersfriend.eu\/de\/wp-json\/wp\/v2\/product_tag?post=280019"}],"curies":[{"name":"wp","href":"https:\/\/api.w.org\/{rel}","templated":true}]}}