{"id":280018,"date":"2024-10-21T23:51:17","date_gmt":"2025-06-23T07:13:06","guid":{"rendered":"https:\/\/www.huntersfriend.eu\/product\/nordforest-jagd-skinner-puukko\/"},"modified":"2025-09-23T08:42:13","modified_gmt":"2025-09-23T06:42:13","slug":"nordforest-jagd-skinner-puukko","status":"publish","type":"product","link":"https:\/\/www.huntersfriend.eu\/de\/produkt\/nordforest-jagd-skinner-puukko\/","title":{"rendered":"Nordforest Jagd-Skinner Puukko"},"content":{"rendered":"<h3><span data-text-bg=\"primary\" data-text-color=\"secondary\"><em><strong>Bitte beachten Sie, dass wir aufgrund lokaler Einfuhrbeschr\u00e4nkungen dieses Messerset nicht in das Vereinigte K\u00f6nigreich versenden k\u00f6nnen. Bitte seien Sie sich Ihrer lokalen Messergesetze bewusst. <\/strong><\/em><\/span><\/h3>\n<p><span class=\"jCAhz ChMk0b\"><span class=\"ryNqvb\">Der Nordforest Jagd-Skinner ist ein Jagdmesser mit einer atypischen, durchgehenden Klinge \u00fcber den gesamten Messerk\u00f6rper.<\/span><\/span> <span class=\"jCAhz ChMk0b\"><span class=\"ryNqvb\">Aufgrund seiner g\u00fcnstigen Abmessungen und der praktischen \u00d6ffnungsklinge eignet es sich besonders f\u00fcr Gro\u00dfwildj\u00e4ger.<\/span><\/span> <span class=\"jCAhz ChMk0b\"><span class=\"ryNqvb\">Die Griffe dieses Jagdmessers sind aus der Wurzel des Olivenbaums gefertigt. <\/span><\/span><\/p>\n<p><span class=\"jCAhz ChMk0b\"><span class=\"ryNqvb\">Durchgehende Klinge.<br \/>\n<\/span><\/span><span class=\"jCAhz ChMk0b\"><span class=\"ryNqvb\">Klingenmaterial 440 C, rostfrei, 58 HRC.<br \/>\n<\/span><\/span><span class=\"jCAhz ChMk0b\"><span class=\"ryNqvb\">Die L\u00e4nge des Griffs betr\u00e4gt 8,5 cm.<br \/>\n<\/span><\/span><span class=\"jCAhz\"><span class=\"ryNqvb\">Klingenl\u00e4nge 8 cm.<br \/>\n<\/span><\/span><span class=\"jCAhz\"><span class=\"ryNqvb\">Klingenst\u00e4rke 4 mm.<br \/>\n<\/span><\/span><span class=\"jCAhz\"><span class=\"ryNqvb\">Gesamtl\u00e4nge 18,5 cm.<br \/>\n<\/span><\/span><span class=\"jCAhz\"><span class=\"ryNqvb\">Gewicht 135g.<\/p>\n<p><\/span><\/span><span class=\"jCAhz\"><span class=\"ryNqvb\">Im Lieferumfang ist eine Lederscheide enthalten.<\/span><\/span><\/p>\n","protected":false},"excerpt":{"rendered":"<p>Bitte beachten Sie, dass wir aufgrund lokaler Einfuhrbeschr\u00e4nkungen dieses Messerset nicht in das Vereinigte K\u00f6nigreich versenden k\u00f6nnen. Bitte seien Sie sich Ihrer lokalen Messergesetze bewusst. Der Nordforest Jagd-Skinner ist ein Jagdmesser mit einer atypischen, durchgehenden Klinge \u00fcber den gesamten Messerk\u00f6rper. Aufgrund seiner g\u00fcnstigen Abmessungen und der praktischen \u00d6ffnungsklinge eignet es sich besonders f\u00fcr Gro\u00dfwildj\u00e4ger. Die [&#8230;]\n","protected":false},"featured_media":275063,"comment_status":"open","ping_status":"closed","template":"","meta":[],"product_brand":[],"product_cat":[1134],"product_tag":[],"class_list":{"0":"post-280018","1":"product","2":"type-product","3":"status-publish","4":"has-post-thumbnail","6":"product_cat-messer-aexte-und-schaerfer","8":"first","9":"outofstock","10":"taxable","11":"shipping-taxable","12":"purchasable","13":"product-type-simple"},"composite_virtual":false,"composite_layout":"","composite_add_to_cart_form_location":"","composite_editable_in_cart":false,"composite_sold_individually_context":"","composite_shop_price_calc":"","composite_components":[],"composite_scenarios":[],"group_of_quantity":0,"min_quantity":0,"max_quantity":"","exclude_order_quantity_value_rules":"no","exclude_category_quantity_rules":"no","combine_variations":"no","exclude_global_add_ons":[],"addons":[],"_links":{"self":[{"href":"https:\/\/www.huntersfriend.eu\/de\/wp-json\/wp\/v2\/product\/280018","targetHints":{"allow":["GET"]}}],"collection":[{"href":"https:\/\/www.huntersfriend.eu\/de\/wp-json\/wp\/v2\/product"}],"about":[{"href":"https:\/\/www.huntersfriend.eu\/de\/wp-json\/wp\/v2\/types\/product"}],"replies":[{"embeddable":true,"href":"https:\/\/www.huntersfriend.eu\/de\/wp-json\/wp\/v2\/comments?post=280018"}],"wp:featuredmedia":[{"embeddable":true,"href":"https:\/\/www.huntersfriend.eu\/de\/wp-json\/wp\/v2\/media\/275063"}],"wp:attachment":[{"href":"https:\/\/www.huntersfriend.eu\/de\/wp-json\/wp\/v2\/media?parent=280018"}],"wp:term":[{"taxonomy":"product_brand","embeddable":true,"href":"https:\/\/www.huntersfriend.eu\/de\/wp-json\/wp\/v2\/product_brand?post=280018"},{"taxonomy":"product_cat","embeddable":true,"href":"https:\/\/www.huntersfriend.eu\/de\/wp-json\/wp\/v2\/product_cat?post=280018"},{"taxonomy":"product_tag","embeddable":true,"href":"https:\/\/www.huntersfriend.eu\/de\/wp-json\/wp\/v2\/product_tag?post=280018"}],"curies":[{"name":"wp","href":"https:\/\/api.w.org\/{rel}","templated":true}]}}