{"id":280017,"date":"2024-10-11T10:20:14","date_gmt":"2025-06-23T07:13:05","guid":{"rendered":"https:\/\/www.huntersfriend.eu\/product\/sitka-mountain-optik-geschirr\/"},"modified":"2025-09-29T07:40:26","modified_gmt":"2025-09-29T05:40:26","slug":"sitka-mountain-optik-geschirr","status":"publish","type":"product","link":"https:\/\/www.huntersfriend.eu\/de\/produkt\/sitka-mountain-optik-geschirr\/","title":{"rendered":"Sitka Mountain Optik-Geschirr"},"content":{"rendered":"<p>Dieses Geschirr ist das ultimative Nutzst\u00fcck f\u00fcr Gro\u00dfwildj\u00e4ger. Wir haben einen systembasierten Ansatz f\u00fcr die Problematik des Tragens mehrerer griffbereiter Utensilien im Feld gew\u00e4hlt. Das Geschirr verf\u00fcgt \u00fcber eine ger\u00e4uschlose, sichere magnetische Frontklappe f\u00fcr Ferngl\u00e4ser, die mit einer Hand bedienbar ist. Abnehmbare, modulare Seitentaschen halten Entfernungsmesser, GPS, Mobiltelefon und anderes Zubeh\u00f6r griffbereit f\u00fcr schnellen, leisen Zugriff. Zus\u00e4tzliche elastische Taschen bieten Stauraum f\u00fcr Rufe oder einen Windmesser, und das integrierte Reinigungstuch h\u00e4lt Ihre Optik sauber und scharf. Das Mountain Optik-Geschirr wird durch ein geb\u00fcrstetes Polyester-Oberfl\u00e4chengewebe f\u00fcr lautloses Anpirschen aus n\u00e4chster N\u00e4he abgerundet.     <\/p>\n<p><strong>Warum Sitka dies hergestellt hat<\/strong><\/p>\n<p>Erhalten Sie schnellen, einfachen Zugriff auf Ihre Ferngl\u00e4ser und essenzielle Ausr\u00fcstung mit dieser stromlinienf\u00f6rmigen Brusttasche, die Ihre Utensilien griffbereit h\u00e4lt und gleichzeitig verhindert, dass sie herumspringen. Wir erkannten ein Problem beim Tragen sperriger Rucks\u00e4cke, die mit unhandlichen Anbauteilen beladen waren, und lie\u00dfen uns bei der Entwicklung dieser modularen L\u00f6sung von milit\u00e4rischen Brustgeschirren inspirieren. Das Ergebnis ist ein unauff\u00e4lliges und praktisches System, das Ihnen erm\u00f6glicht, schnell und effizient auf Ihre Optik und andere Ausr\u00fcstung zuzugreifen \u2013 sei es bei einem langen Anmarsch, beim Wechsel zwischen Beobachtungspunkten oder mitten in der Pirsch. Zudem ist es anpassungsf\u00e4hig und gibt Ihnen die M\u00f6glichkeit, Elemente hinzuzuf\u00fcgen oder zu entfernen, um jeder gegebenen Situation, Saison oder jedem Jagdstil gerecht zu werden.   <\/p>\n<p>GORE\u2122 OPTIFADE\u2122 Concealment Subalpine wurde f\u00fcr das Anpirschen und Auflauern von Huftieren auf Bodenh\u00f6he in baumbewachsenem und bewachsenem Gel\u00e4nde konzipiert.<\/p>\n<p>GORE\u2122 OPTIFADE\u2122 Concealment Open Country ist wissenschaftlich optimiert f\u00fcr Einsatzreichweiten von 50 Yards und mehr auf Bodenh\u00f6he in felsigem Gel\u00e4nde oberhalb der Baumgrenze.<\/p>\n<p>Magnetische Vorderklappe f\u00fcr Ferngl\u00e4ser.<\/p>\n<p>Ger\u00e4uscharmes, geb\u00fcrstetes Polyester-Oberfl\u00e4chengewebe.<\/p>\n<p>Modulare Seitentaschen sowie Rei\u00dfverschluss- und Einschubtaschen auf der R\u00fcckseite.<\/p>\n<p>MOLLE-kompatibles Chassis.<\/p>\n<p>Integriertes Linsenreinigungstuch.<\/p>\n<p>Schnell l\u00f6sbarer Fernglas-Befestigungsmechanismus.<\/p>\n","protected":false},"excerpt":{"rendered":"<p>Dieses Geschirr ist das ultimative Nutzst\u00fcck f\u00fcr Gro\u00dfwildj\u00e4ger. Wir haben einen systembasierten Ansatz f\u00fcr die Problematik des Tragens mehrerer griffbereiter Utensilien im Feld gew\u00e4hlt. Das Geschirr verf\u00fcgt \u00fcber eine ger\u00e4uschlose, sichere magnetische Frontklappe f\u00fcr Ferngl\u00e4ser, die mit einer Hand bedienbar ist. Abnehmbare, modulare Seitentaschen halten Entfernungsmesser, GPS, Mobiltelefon und anderes Zubeh\u00f6r griffbereit f\u00fcr schnellen, leisen [&#8230;]\n","protected":false},"featured_media":274160,"comment_status":"open","ping_status":"closed","template":"","meta":[],"product_brand":[],"product_cat":[1773],"product_tag":[],"class_list":{"0":"post-280017","1":"product","2":"type-product","3":"status-publish","4":"has-post-thumbnail","6":"product_cat-bino-harnesses-de","8":"first","9":"instock","10":"taxable","11":"shipping-taxable","12":"purchasable","13":"product-type-variable"},"composite_virtual":false,"composite_layout":"","composite_add_to_cart_form_location":"","composite_editable_in_cart":false,"composite_sold_individually_context":"","composite_shop_price_calc":"","composite_components":[],"composite_scenarios":[],"group_of_quantity":0,"min_quantity":0,"max_quantity":"","exclude_order_quantity_value_rules":"no","exclude_category_quantity_rules":"no","combine_variations":"no","exclude_global_add_ons":[],"addons":[],"_links":{"self":[{"href":"https:\/\/www.huntersfriend.eu\/de\/wp-json\/wp\/v2\/product\/280017","targetHints":{"allow":["GET"]}}],"collection":[{"href":"https:\/\/www.huntersfriend.eu\/de\/wp-json\/wp\/v2\/product"}],"about":[{"href":"https:\/\/www.huntersfriend.eu\/de\/wp-json\/wp\/v2\/types\/product"}],"replies":[{"embeddable":true,"href":"https:\/\/www.huntersfriend.eu\/de\/wp-json\/wp\/v2\/comments?post=280017"}],"wp:featuredmedia":[{"embeddable":true,"href":"https:\/\/www.huntersfriend.eu\/de\/wp-json\/wp\/v2\/media\/274160"}],"wp:attachment":[{"href":"https:\/\/www.huntersfriend.eu\/de\/wp-json\/wp\/v2\/media?parent=280017"}],"wp:term":[{"taxonomy":"product_brand","embeddable":true,"href":"https:\/\/www.huntersfriend.eu\/de\/wp-json\/wp\/v2\/product_brand?post=280017"},{"taxonomy":"product_cat","embeddable":true,"href":"https:\/\/www.huntersfriend.eu\/de\/wp-json\/wp\/v2\/product_cat?post=280017"},{"taxonomy":"product_tag","embeddable":true,"href":"https:\/\/www.huntersfriend.eu\/de\/wp-json\/wp\/v2\/product_tag?post=280017"}],"curies":[{"name":"wp","href":"https:\/\/api.w.org\/{rel}","templated":true}]}}