{"id":280010,"date":"2024-10-21T23:51:16","date_gmt":"2024-10-21T21:51:16","guid":{"rendered":"https:\/\/www.huntersfriend.eu\/product\/nordforest-jagdwaffenkoffer\/"},"modified":"2025-08-06T05:28:12","modified_gmt":"2025-08-06T03:28:12","slug":"nordforest-jagdwaffenkoffer","status":"publish","type":"product","link":"https:\/\/www.huntersfriend.eu\/de\/produkt\/nordforest-jagdwaffenkoffer\/","title":{"rendered":"Nordforest Jagdwaffenkoffer"},"content":{"rendered":"<p><span class=\"jCAhz\"><span class=\"ryNqvb\">Nordforest Jagdwaffentasche f\u00fcr Gewehre und Flinten.<\/span><\/span> <span class=\"jCAhz\"><span class=\"ryNqvb\">Das weiche, gepolsterte Innere bietet guten Schutz.<\/span><\/span> <span class=\"jCAhz ChMk0b\"><span class=\"ryNqvb\">Der Koffer verf\u00fcgt \u00fcber einen doppelten Rei\u00dfverschluss mit breiter \u00d6ffnung und \u00d6sen f\u00fcr ein Vorh\u00e4ngeschloss.<\/span><\/span> <span class=\"jCAhz ChMk0b\"><span class=\"ryNqvb\">Die Au\u00dfentasche mit Rei\u00dfverschluss bietet Stauraum f\u00fcr wichtiges Zubeh\u00f6r.<\/span><\/span><\/p>\n<p><span class=\"jCAhz ChMk0b\"><span class=\"ryNqvb\">Fixer, verstellbarer Schultergurt.<\/span><\/span><br \/>\n<span class=\"jCAhz ChMk0b\"><span class=\"ryNqvb\">Kurze Tragegriffe mit Verbindungsglied.<\/span><\/span><br \/>\n<span class=\"jCAhz ChMk0b\"><span class=\"ryNqvb\">Aufh\u00e4ngeschlaufe<br \/>\n<\/span><\/span><span class=\"jCAhz ChMk0b\"><span class=\"ryNqvb\">Farbe: gr\u00fcn\/schwarz. <\/span><\/span> <\/p>\n<p><span class=\"jCAhz ChMk0b\"><span class=\"ryNqvb\">Abmessungen: 126 x 27 x 3 cm.<br \/>\n<\/span><\/span><span class=\"jCAhz\"><span class=\"ryNqvb\">Gewicht: 630g.<\/span><\/span><\/p>\n","protected":false},"excerpt":{"rendered":"<p>Nordforest Jagdwaffentasche f\u00fcr Gewehre und Flinten. Das weiche, gepolsterte Innere bietet guten Schutz. Der Koffer verf\u00fcgt \u00fcber einen doppelten Rei\u00dfverschluss mit breiter \u00d6ffnung und \u00d6sen f\u00fcr ein Vorh\u00e4ngeschloss. Die Au\u00dfentasche mit Rei\u00dfverschluss bietet Stauraum f\u00fcr wichtiges Zubeh\u00f6r. Fixer, verstellbarer Schultergurt. Kurze Tragegriffe mit Verbindungsglied. Aufh\u00e4ngeschlaufe Farbe: gr\u00fcn\/schwarz. Abmessungen: 126 x 27 x 3 cm. Gewicht: [&#8230;]\n","protected":false},"featured_media":274920,"comment_status":"open","ping_status":"closed","template":"","meta":[],"product_brand":[],"product_cat":[1145],"product_tag":[],"class_list":{"0":"post-280010","1":"product","2":"type-product","3":"status-publish","4":"has-post-thumbnail","6":"product_cat-sonstiges","7":"product_shipping_class-medium-de","9":"first","10":"outofstock","11":"taxable","12":"shipping-taxable","13":"purchasable","14":"product-type-simple"},"composite_virtual":false,"composite_layout":"","composite_add_to_cart_form_location":"","composite_editable_in_cart":false,"composite_sold_individually_context":"","composite_shop_price_calc":"","composite_components":[],"composite_scenarios":[],"group_of_quantity":0,"min_quantity":0,"max_quantity":"","exclude_order_quantity_value_rules":"no","exclude_category_quantity_rules":"no","combine_variations":"no","exclude_global_add_ons":[],"addons":[],"_links":{"self":[{"href":"https:\/\/www.huntersfriend.eu\/de\/wp-json\/wp\/v2\/product\/280010","targetHints":{"allow":["GET"]}}],"collection":[{"href":"https:\/\/www.huntersfriend.eu\/de\/wp-json\/wp\/v2\/product"}],"about":[{"href":"https:\/\/www.huntersfriend.eu\/de\/wp-json\/wp\/v2\/types\/product"}],"replies":[{"embeddable":true,"href":"https:\/\/www.huntersfriend.eu\/de\/wp-json\/wp\/v2\/comments?post=280010"}],"wp:featuredmedia":[{"embeddable":true,"href":"https:\/\/www.huntersfriend.eu\/de\/wp-json\/wp\/v2\/media\/274920"}],"wp:attachment":[{"href":"https:\/\/www.huntersfriend.eu\/de\/wp-json\/wp\/v2\/media?parent=280010"}],"wp:term":[{"taxonomy":"product_brand","embeddable":true,"href":"https:\/\/www.huntersfriend.eu\/de\/wp-json\/wp\/v2\/product_brand?post=280010"},{"taxonomy":"product_cat","embeddable":true,"href":"https:\/\/www.huntersfriend.eu\/de\/wp-json\/wp\/v2\/product_cat?post=280010"},{"taxonomy":"product_tag","embeddable":true,"href":"https:\/\/www.huntersfriend.eu\/de\/wp-json\/wp\/v2\/product_tag?post=280010"}],"curies":[{"name":"wp","href":"https:\/\/api.w.org\/{rel}","templated":true}]}}