{"id":280007,"date":"2024-10-11T10:04:09","date_gmt":"2024-10-11T08:04:09","guid":{"rendered":"https:\/\/www.huntersfriend.eu\/product\/sitka-kelvin-aerolite-30-schlafsack-bleigrau\/"},"modified":"2026-04-23T12:22:20","modified_gmt":"2026-04-23T10:22:20","slug":"sitka-kelvin-aerolite-30-schlafsack-bleigrau","status":"publish","type":"product","link":"https:\/\/www.huntersfriend.eu\/de\/produkt\/sitka-kelvin-aerolite-30-schlafsack-bleigrau\/","title":{"rendered":"SITKA Kelvin Aerolite 30 Schlafsack &#8211; Bleigrau"},"content":{"rendered":"<p>Der Kelvin Aerolite 30 Schlafsack, der auf der Liste des Outside Magazine f\u00fcr die beste Jagdausr\u00fcstung 2022 aufgef\u00fchrt wurde, ist eine multifunktionale Schicht f\u00fcr aktive Zeiten im Lager, kalte Beobachtungssitzungen oder gef\u00fcrchtete n\u00e4chtliche Naturrufe. Die synthetische PrimaLoft\u00ae Gold Isolierung mit Cross Core\u2122 Technologie repliziert die \u00c4sthetik und Leistung von Daunenisolierung, jedoch mit W\u00e4rmeleistung auch im feuchten Zustand. Mit einer 30-Grad-Komfortbewertung ist er darauf ausgelegt, eine Erweiterung Ihrer SITKA-Bekleidungssysteme f\u00fcr ganzj\u00e4hrige Leistung zu sein, selbst unter feuchtesten Bedingungen. Zu den jacken\u00e4hnlichen Merkmalen geh\u00f6ren funktionale Arml\u00f6cher mit Rei\u00dfverschluss, konturierte Schultern und Kapuze sowie ein mittiger Zwei-Wege-Rei\u00dfverschluss vorne.   <\/p>\n<ul class=\"jsx-4143205430 space-y-4 list-disc\">\n<li class=\"jsx-4143205430 remove-marker mt-[24px] md:mt-[60px]\">\n<div class=\"feature_item\">Reg: bis zu 183 cm<\/div>\n<\/li>\n<li class=\"jsx-4143205430 remove-marker mt-[24px] md:mt-[60px]\">\n<div class=\"feature_item\"><\/div>\n<div class=\"feature_item\">Long: bis zu 198 cm<\/div>\n<\/li>\n<li class=\"jsx-4143205430 remove-marker mt-[24px] md:mt-[60px]\">\n<div class=\"feature_item\"><\/div>\n<div class=\"feature_item\">Synthetische PrimaLoft\u00ae Gold Isolierung mit Cross Core\u2122 Technologie repliziert die W\u00e4rme und Komprimierbarkeit von Daunen, bietet jedoch den Vorteil der W\u00e4rmeleistung auch im feuchten Zustand<\/div>\n<div class=\"feature_item\"><\/div>\n<\/li>\n<li class=\"jsx-4143205430 remove-marker mt-[24px] md:mt-[60px]\">\n<div class=\"feature_item\">Leichtgewichtige Isolierung (35% recycelt) ist mit Silica-Aerogel angereichert, einem nahezu gewichtslosen Material, das zu mehr als 95% aus Luft besteht und als zus\u00e4tzliche W\u00e4rmeisolierung fungiert<\/div>\n<div class=\"feature_item\"><\/div>\n<\/li>\n<li class=\"jsx-4143205430 remove-marker mt-[24px] md:mt-[60px]\">\n<div class=\"feature_item\">ISO 23537, 30-Grad-Komfortbewertung; konzipiert f\u00fcr das Tragen mit anderen Schichten Ihres SITKA-Bekleidungssystems f\u00fcr k\u00e4ltere Bedingungen<\/div>\n<div class=\"feature_item\"><\/div>\n<\/li>\n<li class=\"jsx-4143205430 remove-marker mt-[24px] md:mt-[60px]\">\n<div class=\"feature_item\">Verstaubarer Haken am Boden des Schlafsacks verbindet sich mit einer mittleren inneren Schlaufe; verk\u00fcrzt den Schlafsack zum Gehen<\/div>\n<div class=\"feature_item\"><\/div>\n<\/li>\n<li class=\"jsx-4143205430 remove-marker mt-[24px] md:mt-[60px]\">\n<div class=\"feature_item\">Dauerhaft wasserabweisende Ausr\u00fcstung widersteht Niederschl\u00e4gen und verhindert das Durchn\u00e4ssen des Au\u00dfenmaterials<\/div>\n<div class=\"feature_item\"><\/div>\n<\/li>\n<li class=\"jsx-4143205430 remove-marker mt-[24px] md:mt-[60px]\">\n<div class=\"feature_item\">Konturierte Schultern und Kapuze f\u00fcr eine geformte und funktionale jacken\u00e4hnliche Passform bei Aktivit\u00e4t<\/div>\n<div class=\"feature_item\"><\/div>\n<\/li>\n<li class=\"jsx-4143205430 remove-marker mt-[24px] md:mt-[60px]\">\n<div class=\"feature_item\">Arml\u00f6cher positioniert f\u00fcr funktionale Beweglichkeit; abgesteppte Zugluftschutzleisten halten die W\u00e4rme<\/div>\n<div class=\"feature_item\"><\/div>\n<\/li>\n<li class=\"jsx-4143205430 remove-marker mt-[24px] md:mt-[60px]\">\n<div class=\"feature_item\">Geformter Fu\u00dfbereich bietet gleichm\u00e4\u00dfige W\u00e4rme um Ihre F\u00fc\u00dfe<\/div>\n<div class=\"feature_item\"><\/div>\n<\/li>\n<li class=\"jsx-4143205430 remove-marker mt-[24px] md:mt-[60px]\">\n<div class=\"feature_item\">20-Denier Polyester-Au\u00dfen- und Innenmaterial<\/div>\n<div class=\"feature_item\"><\/div>\n<\/li>\n<li class=\"jsx-4143205430 remove-marker mt-[24px] md:mt-[60px]\">\n<div class=\"feature_item\">Mittiger Zwei-Wege-Rei\u00dfverschluss vorne<\/div>\n<div class=\"feature_item\"><\/div>\n<\/li>\n<li class=\"jsx-4143205430 remove-marker mt-[24px] md:mt-[60px]\">\n<div class=\"feature_item\">Regular: 1,077 g \/ 2 lb 6 oz Long: 1,403 g \/ 3 lb 1,5 oz<\/div>\n<\/li>\n<\/ul>\n","protected":false},"excerpt":{"rendered":"<p>Bleigraue Farbe<\/p>\n","protected":false},"featured_media":274152,"comment_status":"open","ping_status":"closed","template":"","meta":[],"product_brand":[],"product_cat":[2049,1222],"product_tag":[],"class_list":{"0":"post-280007","1":"product","2":"type-product","3":"status-publish","4":"has-post-thumbnail","6":"product_cat-schlafsacke","7":"product_cat-sonderangebote","9":"first","10":"instock","11":"sale","12":"taxable","13":"shipping-taxable","14":"purchasable","15":"product-type-variable"},"composite_virtual":false,"composite_layout":"","composite_add_to_cart_form_location":"","composite_editable_in_cart":false,"composite_sold_individually_context":"","composite_shop_price_calc":"","composite_components":[],"composite_scenarios":[],"group_of_quantity":0,"min_quantity":0,"max_quantity":"","exclude_order_quantity_value_rules":"no","exclude_category_quantity_rules":"no","combine_variations":"no","exclude_global_add_ons":[],"addons":[],"_links":{"self":[{"href":"https:\/\/www.huntersfriend.eu\/de\/wp-json\/wp\/v2\/product\/280007","targetHints":{"allow":["GET"]}}],"collection":[{"href":"https:\/\/www.huntersfriend.eu\/de\/wp-json\/wp\/v2\/product"}],"about":[{"href":"https:\/\/www.huntersfriend.eu\/de\/wp-json\/wp\/v2\/types\/product"}],"replies":[{"embeddable":true,"href":"https:\/\/www.huntersfriend.eu\/de\/wp-json\/wp\/v2\/comments?post=280007"}],"wp:featuredmedia":[{"embeddable":true,"href":"https:\/\/www.huntersfriend.eu\/de\/wp-json\/wp\/v2\/media\/274152"}],"wp:attachment":[{"href":"https:\/\/www.huntersfriend.eu\/de\/wp-json\/wp\/v2\/media?parent=280007"}],"wp:term":[{"taxonomy":"product_brand","embeddable":true,"href":"https:\/\/www.huntersfriend.eu\/de\/wp-json\/wp\/v2\/product_brand?post=280007"},{"taxonomy":"product_cat","embeddable":true,"href":"https:\/\/www.huntersfriend.eu\/de\/wp-json\/wp\/v2\/product_cat?post=280007"},{"taxonomy":"product_tag","embeddable":true,"href":"https:\/\/www.huntersfriend.eu\/de\/wp-json\/wp\/v2\/product_tag?post=280007"}],"curies":[{"name":"wp","href":"https:\/\/api.w.org\/{rel}","templated":true}]}}