{"id":280006,"date":"2024-10-18T00:24:10","date_gmt":"2024-10-17T22:24:10","guid":{"rendered":"https:\/\/www.huntersfriend.eu\/product\/sitka-traverse-hose-optifade-timber\/"},"modified":"2025-08-12T05:10:13","modified_gmt":"2025-08-12T03:10:13","slug":"sitka-traverse-hose-optifade-timber","status":"publish","type":"product","link":"https:\/\/www.huntersfriend.eu\/de\/produkt\/sitka-traverse-hose-optifade-timber\/","title":{"rendered":"SITKA Traverse Hose &#8211; Optifade Timber"},"content":{"rendered":"<p>Verbinden Sie Komfort mit Leistung in der 4-Wege-Stretch Traverse Hose. Unabh\u00e4ngig davon, ob Sie Ihre Tage in den Bergen, W\u00e4ldern oder auf landwirtschaftlichen Fl\u00e4chen verbringen werden, diese Hose wurde entwickelt, um die Ablenkung durch Unbehagen zu eliminieren. Gefertigt aus Stoffen aus recycelten Materialien, verf\u00fcgt die Traverse \u00fcber einen leisen Polyester-Strickstoff mit einer dauerhaft wasserabweisenden Ausr\u00fcstung, um Wasser abzuweisen, wenn Sie durch nasse Vegetation gehen.  <\/p>\n<p>Recycelter, leicht dehnbarer Webstoff (90% recyceltes Polyester, 10% Elastan)<\/p>\n<p>Umweltbewusster Stoff aus recycelten Materialien hergestellt<\/p>\n<p>Dauerhaft wasserabweisende Ausr\u00fcstung sch\u00fctzt vor leichtem Niederschlag und verhindert das Durchn\u00e4ssen des Stoffes<\/p>\n<p>Rei\u00dfverschlusstaschen am Ges\u00e4\u00df und Bein bieten sicheren Stauraum<\/p>\n<p>Verst\u00e4rkte Messerauflage an der Handtasche<\/p>\n<p>Zweiwege-Rei\u00dfverschluss vorne<\/p>\n<p>Verborgene Befestigungspunkte f\u00fcr Hosentr\u00e4ger<\/p>\n<p>Gesamtgewicht: 935,53 Gramm<\/p>\n","protected":false},"excerpt":{"rendered":"<p>Verbinden Sie Komfort mit Leistung in der 4-Wege-Stretch Traverse Hose. Unabh\u00e4ngig davon, ob Sie Ihre Tage in den Bergen, W\u00e4ldern oder auf landwirtschaftlichen Fl\u00e4chen verbringen werden, diese Hose wurde entwickelt, um die Ablenkung durch Unbehagen zu eliminieren. Gefertigt aus Stoffen aus recycelten Materialien, verf\u00fcgt die Traverse \u00fcber einen leisen Polyester-Strickstoff mit einer dauerhaft wasserabweisenden Ausr\u00fcstung, [&#8230;]\n","protected":false},"featured_media":274397,"comment_status":"open","ping_status":"closed","template":"","meta":[],"product_brand":[],"product_cat":[1128,1222],"product_tag":[],"class_list":{"0":"post-280006","1":"product","2":"type-product","3":"status-publish","4":"has-post-thumbnail","6":"product_cat-hosen","7":"product_cat-sonderangebote","9":"first","10":"outofstock","11":"sale","12":"taxable","13":"shipping-taxable","14":"purchasable","15":"product-type-variable"},"composite_virtual":false,"composite_layout":"","composite_add_to_cart_form_location":"","composite_editable_in_cart":false,"composite_sold_individually_context":"","composite_shop_price_calc":"","composite_components":[],"composite_scenarios":[],"group_of_quantity":0,"min_quantity":0,"max_quantity":"","exclude_order_quantity_value_rules":"no","exclude_category_quantity_rules":"no","combine_variations":"no","exclude_global_add_ons":[],"addons":[],"_links":{"self":[{"href":"https:\/\/www.huntersfriend.eu\/de\/wp-json\/wp\/v2\/product\/280006","targetHints":{"allow":["GET"]}}],"collection":[{"href":"https:\/\/www.huntersfriend.eu\/de\/wp-json\/wp\/v2\/product"}],"about":[{"href":"https:\/\/www.huntersfriend.eu\/de\/wp-json\/wp\/v2\/types\/product"}],"replies":[{"embeddable":true,"href":"https:\/\/www.huntersfriend.eu\/de\/wp-json\/wp\/v2\/comments?post=280006"}],"wp:featuredmedia":[{"embeddable":true,"href":"https:\/\/www.huntersfriend.eu\/de\/wp-json\/wp\/v2\/media\/274397"}],"wp:attachment":[{"href":"https:\/\/www.huntersfriend.eu\/de\/wp-json\/wp\/v2\/media?parent=280006"}],"wp:term":[{"taxonomy":"product_brand","embeddable":true,"href":"https:\/\/www.huntersfriend.eu\/de\/wp-json\/wp\/v2\/product_brand?post=280006"},{"taxonomy":"product_cat","embeddable":true,"href":"https:\/\/www.huntersfriend.eu\/de\/wp-json\/wp\/v2\/product_cat?post=280006"},{"taxonomy":"product_tag","embeddable":true,"href":"https:\/\/www.huntersfriend.eu\/de\/wp-json\/wp\/v2\/product_tag?post=280006"}],"curies":[{"name":"wp","href":"https:\/\/api.w.org\/{rel}","templated":true}]}}