{"id":280005,"date":"2024-10-21T23:51:16","date_gmt":"2025-06-23T07:13:00","guid":{"rendered":"https:\/\/www.huntersfriend.eu\/product\/hart-eb-gewehrtasche\/"},"modified":"2026-03-04T12:55:18","modified_gmt":"2026-03-04T10:55:18","slug":"hart-eb-gewehrtasche","status":"publish","type":"product","link":"https:\/\/www.huntersfriend.eu\/de\/produkt\/hart-eb-gewehrtasche\/","title":{"rendered":"Hart EB Gewehrtasche"},"content":{"rendered":"<div class=\"lRu31\" dir=\"ltr\"><span class=\"HwtZe\" lang=\"en\"><span class=\"jCAhz ChMk0b\"><span class=\"ryNqvb\">Mit dieser leichtgewichtigen Hart EB Gewehrtasche k\u00f6nnen Sie Ihre Waffe bei jedem Transport gesch\u00fctzt aufbewahren.<\/span><\/span> <span class=\"jCAhz ChMk0b\"><span class=\"ryNqvb\">Diese Gewehrtasche ist wasserdicht und gew\u00e4hrleistet durch einen dreischichtigen Aufbau aus hochwertigem Cordura au\u00dfen, einer halbstarren Zwischenschicht und einer Memory-Polsterung innen ein besonders hohes Schutzniveau.<\/span><\/span> <span class=\"jCAhz ChMk0b\"><span class=\"ryNqvb\">Ihre Waffe ist zuverl\u00e4ssig vor St\u00f6\u00dfen gesch\u00fctzt. <\/span><\/span><span class=\"jCAhz ChMk0b\"><span class=\"ryNqvb\">Die Hart EB Gewehrtasche ist mit einem robusten Zwei-Wege-Rei\u00dfverschluss ausgestattet.<\/span><\/span> <span class=\"jCAhz ChMk0b\"><span class=\"ryNqvb\">Eine gro\u00dfe Seitentasche, die ebenfalls \u00fcber einen Zwei-Wege-Rei\u00dfverschluss verf\u00fcgt, sowie eine gro\u00dfe transparente Tasche bieten zus\u00e4tzlichen Stauraum. <\/span><\/span><\/span><\/div>\n<div dir=\"ltr\"><\/div>\n<div class=\"lRu31\" dir=\"ltr\"><span class=\"HwtZe\" lang=\"en\"><span class=\"jCAhz ChMk0b\"><span class=\"ryNqvb\">Leichte Gewehrtasche.<br \/>\n<\/span><\/span><span class=\"jCAhz ChMk0b\"><span class=\"ryNqvb\">Wasserdichte Dreifachschicht bestehend aus einer Cordura-Au\u00dfenschicht, einer halbstarren Zwischenschicht und einer Memory-Polsterung.<br \/>\n<\/span><\/span><span class=\"jCAhz ChMk0b\"><span class=\"ryNqvb\">Robuster Zwei-Wege-Rei\u00dfverschluss im Hauptfach.<br \/>\n<\/span><\/span><span class=\"jCAhz ChMk0b\"><span class=\"ryNqvb\">Gro\u00dfe Seitentasche mit Zwei-Wege-Rei\u00dfverschluss, zwei Netztaschen innen und einer transparenten Rei\u00dfverschlusstasche.<br \/>\n<\/span><\/span><span class=\"jCAhz ChMk0b\"><span class=\"ryNqvb\">Trageriemen, Tragegriff und Aufh\u00e4ngeschlaufe. <\/span><\/span><\/span><\/div>\n<div dir=\"ltr\"><\/div>\n<div class=\"lRu31\" dir=\"ltr\"><span class=\"HwtZe\" lang=\"en\"><span class=\"jCAhz ChMk0b\"><span class=\"ryNqvb\">Innenl\u00e4nge 120 cm.<br \/>\n<\/span><\/span><span class=\"jCAhz ChMk0b\"><span class=\"ryNqvb\">Au\u00dfenma\u00dfe 122 x 28 cm.<br \/>\n<\/span><\/span><span class=\"jCAhz\"><span class=\"ryNqvb\">Gewicht 840g.<\/span><\/span><\/span><\/p>\n<div class=\"OvtS8d\"><\/div>\n<div id=\"ow23\"><\/div>\n<\/div>\n<div class=\"UdTY9 WdefRb\" aria-hidden=\"true\" data-location=\"2\"><\/div>\n","protected":false},"excerpt":{"rendered":"<p>Mit dieser leichtgewichtigen Hart EB Gewehrtasche k\u00f6nnen Sie Ihre Waffe bei jedem Transport gesch\u00fctzt aufbewahren. Diese Gewehrtasche ist wasserdicht und gew\u00e4hrleistet durch einen dreischichtigen Aufbau aus hochwertigem Cordura au\u00dfen, einer halbstarren Zwischenschicht und einer Memory-Polsterung innen ein besonders hohes Schutzniveau. Ihre Waffe ist zuverl\u00e4ssig vor St\u00f6\u00dfen gesch\u00fctzt. Die Hart EB Gewehrtasche ist mit einem robusten [&#8230;]\n","protected":false},"featured_media":274915,"comment_status":"open","ping_status":"closed","template":"","meta":[],"product_brand":[],"product_cat":[2569],"product_tag":[],"class_list":{"0":"post-280005","1":"product","2":"type-product","3":"status-publish","4":"has-post-thumbnail","6":"product_cat-mjuka-fodral","7":"product_shipping_class-medium-de","9":"first","10":"instock","11":"taxable","12":"shipping-taxable","13":"purchasable","14":"product-type-simple"},"composite_virtual":false,"composite_layout":"","composite_add_to_cart_form_location":"","composite_editable_in_cart":false,"composite_sold_individually_context":"","composite_shop_price_calc":"","composite_components":[],"composite_scenarios":[],"group_of_quantity":0,"min_quantity":0,"max_quantity":"","exclude_order_quantity_value_rules":"no","exclude_category_quantity_rules":"no","combine_variations":"no","exclude_global_add_ons":[],"addons":[],"_links":{"self":[{"href":"https:\/\/www.huntersfriend.eu\/de\/wp-json\/wp\/v2\/product\/280005","targetHints":{"allow":["GET"]}}],"collection":[{"href":"https:\/\/www.huntersfriend.eu\/de\/wp-json\/wp\/v2\/product"}],"about":[{"href":"https:\/\/www.huntersfriend.eu\/de\/wp-json\/wp\/v2\/types\/product"}],"replies":[{"embeddable":true,"href":"https:\/\/www.huntersfriend.eu\/de\/wp-json\/wp\/v2\/comments?post=280005"}],"wp:featuredmedia":[{"embeddable":true,"href":"https:\/\/www.huntersfriend.eu\/de\/wp-json\/wp\/v2\/media\/274915"}],"wp:attachment":[{"href":"https:\/\/www.huntersfriend.eu\/de\/wp-json\/wp\/v2\/media?parent=280005"}],"wp:term":[{"taxonomy":"product_brand","embeddable":true,"href":"https:\/\/www.huntersfriend.eu\/de\/wp-json\/wp\/v2\/product_brand?post=280005"},{"taxonomy":"product_cat","embeddable":true,"href":"https:\/\/www.huntersfriend.eu\/de\/wp-json\/wp\/v2\/product_cat?post=280005"},{"taxonomy":"product_tag","embeddable":true,"href":"https:\/\/www.huntersfriend.eu\/de\/wp-json\/wp\/v2\/product_tag?post=280005"}],"curies":[{"name":"wp","href":"https:\/\/api.w.org\/{rel}","templated":true}]}}