{"id":280002,"date":"2024-10-21T23:51:16","date_gmt":"2024-10-21T21:51:16","guid":{"rendered":"https:\/\/www.huntersfriend.eu\/product\/hart-ret-gewehrtasche\/"},"modified":"2025-06-23T09:12:56","modified_gmt":"2025-06-23T07:12:56","slug":"hart-ret-gewehrtasche","status":"publish","type":"product","link":"https:\/\/www.huntersfriend.eu\/de\/produkt\/hart-ret-gewehrtasche\/","title":{"rendered":"Hart RET Gewehrtasche"},"content":{"rendered":"<p><span class=\"jCAhz ChMk0b\"><span class=\"ryNqvb\">Mit der Hart RET Gewehrtasche sch\u00fctzen Sie Ihre Waffe bei jeder Jagdreise.<\/span><\/span> <span class=\"jCAhz ChMk0b\"><span class=\"ryNqvb\">Dieser halbstarre Gewehrkoffer vereint Haltbarkeit und Funktionalit\u00e4t, da er sowohl abrieb- als auch wasserbest\u00e4ndig ist.<\/span><\/span> <span class=\"jCAhz ChMk0b\"><span class=\"ryNqvb\">Ein praktischer, durchgehender Zwei-Wege-Rei\u00dfverschluss erleichtert das \u00d6ffnen des Hauptfachs, und der Koffer ist innen mit Schaumstoff gepolstert, um Ihre Waffe optimal zu sch\u00fctzen.<\/span><\/span> <span class=\"jCAhz ChMk0b\"><span class=\"ryNqvb\">Zus\u00e4tzlichen Stauraum bietet eine Cargo-Tasche mit eigenem Zwei-Wege-Rei\u00dfverschluss und zwei Netztaschen im Inneren, ideal f\u00fcr Zubeh\u00f6r und Besteck.<\/p>\n<p><\/span><\/span><span class=\"jCAhz ChMk0b\"><span class=\"ryNqvb\">Verschlei\u00df- und wasserfest.<br \/>\n<\/span><\/span><span class=\"jCAhz ChMk0b\"><span class=\"ryNqvb\">Zwei-Wege-Rei\u00dfverschluss.<br \/>\n<\/span><\/span><span class=\"jCAhz ChMk0b\"><span class=\"ryNqvb\">Innen mit Schaumstoff gepolstert.<br \/>\n<\/span><\/span><span class=\"jCAhz ChMk0b\"><span class=\"ryNqvb\">Cargo-Tasche mit Zwei-Wege-Rei\u00dfverschluss und zwei Netztaschen im Inneren.<br \/>\n<\/span><\/span><span class=\"jCAhz ChMk0b\"><span class=\"ryNqvb\">Verstellbarer, gepolsterter Schulterriemen und Tragegriff.<br \/>\n<\/span><\/span><span class=\"jCAhz ChMk0b\"><span class=\"ryNqvb\">Aufh\u00e4ngeschlaufe. <\/span><\/span><\/p>\n<p><span class=\"jCAhz ChMk0b\"><span class=\"ryNqvb\">Innenl\u00e4nge 125 cm.<br \/>\n<\/span><\/span><span class=\"jCAhz ChMk0b\"><span class=\"ryNqvb\">Au\u00dfenma\u00dfe 127 x 28 cm. <\/span><\/span><span class=\"jCAhz\"><span class=\"ryNqvb\">Gewicht 1350g.<\/span><\/span><\/p>\n","protected":false},"excerpt":{"rendered":"<p>Mit der Hart RET Gewehrtasche sch\u00fctzen Sie Ihre Waffe bei jeder Jagdreise. Dieser halbstarre Gewehrkoffer vereint Haltbarkeit und Funktionalit\u00e4t, da er sowohl abrieb- als auch wasserbest\u00e4ndig ist. Ein praktischer, durchgehender Zwei-Wege-Rei\u00dfverschluss erleichtert das \u00d6ffnen des Hauptfachs, und der Koffer ist innen mit Schaumstoff gepolstert, um Ihre Waffe optimal zu sch\u00fctzen. Zus\u00e4tzlichen Stauraum bietet eine Cargo-Tasche [&#8230;]\n","protected":false},"featured_media":274888,"comment_status":"open","ping_status":"closed","template":"","meta":[],"product_brand":[],"product_cat":[1145],"product_tag":[],"class_list":{"0":"post-280002","1":"product","2":"type-product","3":"status-publish","4":"has-post-thumbnail","6":"product_cat-sonstiges","7":"product_shipping_class-medium-de","9":"first","10":"outofstock","11":"taxable","12":"shipping-taxable","13":"purchasable","14":"product-type-simple"},"composite_virtual":false,"composite_layout":"","composite_add_to_cart_form_location":"","composite_editable_in_cart":false,"composite_sold_individually_context":"","composite_shop_price_calc":"","composite_components":[],"composite_scenarios":[],"group_of_quantity":0,"min_quantity":0,"max_quantity":"","exclude_order_quantity_value_rules":"no","exclude_category_quantity_rules":"no","combine_variations":"no","exclude_global_add_ons":[],"addons":[],"_links":{"self":[{"href":"https:\/\/www.huntersfriend.eu\/de\/wp-json\/wp\/v2\/product\/280002","targetHints":{"allow":["GET"]}}],"collection":[{"href":"https:\/\/www.huntersfriend.eu\/de\/wp-json\/wp\/v2\/product"}],"about":[{"href":"https:\/\/www.huntersfriend.eu\/de\/wp-json\/wp\/v2\/types\/product"}],"replies":[{"embeddable":true,"href":"https:\/\/www.huntersfriend.eu\/de\/wp-json\/wp\/v2\/comments?post=280002"}],"wp:featuredmedia":[{"embeddable":true,"href":"https:\/\/www.huntersfriend.eu\/de\/wp-json\/wp\/v2\/media\/274888"}],"wp:attachment":[{"href":"https:\/\/www.huntersfriend.eu\/de\/wp-json\/wp\/v2\/media?parent=280002"}],"wp:term":[{"taxonomy":"product_brand","embeddable":true,"href":"https:\/\/www.huntersfriend.eu\/de\/wp-json\/wp\/v2\/product_brand?post=280002"},{"taxonomy":"product_cat","embeddable":true,"href":"https:\/\/www.huntersfriend.eu\/de\/wp-json\/wp\/v2\/product_cat?post=280002"},{"taxonomy":"product_tag","embeddable":true,"href":"https:\/\/www.huntersfriend.eu\/de\/wp-json\/wp\/v2\/product_tag?post=280002"}],"curies":[{"name":"wp","href":"https:\/\/api.w.org\/{rel}","templated":true}]}}