{"id":280001,"date":"2024-10-17T09:01:51","date_gmt":"2025-06-23T07:12:56","guid":{"rendered":"https:\/\/www.huntersfriend.eu\/product\/hot-shot-vapor-ii\/"},"modified":"2026-03-11T14:36:28","modified_gmt":"2026-03-11T12:36:28","slug":"hot-shot-vapor-ii","status":"publish","type":"product","link":"https:\/\/www.huntersfriend.eu\/de\/produkt\/hot-shot-vapor-ii\/","title":{"rendered":"Hot Shot Vapor II"},"content":{"rendered":"<p>Der Vapor II verf\u00fcgt \u00fcber alle Eigenschaften, die Sie an unserem urspr\u00fcnglichen Vapor sch\u00e4tzen, jedoch mit einem neuen ergonomischen Griff. Ebenfalls geeignet f\u00fcr den 3-D-Kurs, wurde keine Qualit\u00e4t geopfert, um den erschwinglichen Preis zu erreichen. Die reine Ausl\u00f6serpr\u00e4zision, Ger\u00e4uschlosigkeit und allgemeine Einfachheit machen den Vapor zur nat\u00fcrlichen Wahl f\u00fcr Bogenj\u00e4ger, die auf h\u00f6chste Qualit\u00e4t bei der Ausl\u00f6sung bestehen.  <\/p>\n<ul class=\"nano-post-list\">\n<li>\u00c4u\u00dferst komfortables Gef\u00fchl mit reduzierter Handerm\u00fcdung.<\/li>\n<li>Vollst\u00e4ndig einstellbare Ausl\u00f6serspannung.<\/li>\n<li>Automatisch schlie\u00dfender Haken, ohne Spannmechanismus.<\/li>\n<li>Vollst\u00e4ndige Ger\u00e4uschlosigkeit w\u00e4hrend des Einhakens und beim Schuss.<\/li>\n<li>Wettkampfqualit\u00e4t der Ausl\u00f6serpr\u00e4zision f\u00fcr verbesserte Genauigkeit.<\/li>\n<li>Das Katzenauge-Hakendesign gew\u00e4hrleistet eine drehmomentfreie Ausl\u00f6sung von der D-Schlaufe.<\/li>\n<li>Multi-Achsen-Daumenfassrotation erm\u00f6glicht unbegrenzte Einstellungsm\u00f6glichkeiten f\u00fcr eine perfekte Passform in Ihrer Hand.<\/li>\n<li>Zus\u00e4tzliche Griffst\u00e4rke dank unseres exklusiven 2-Drittel-Geh\u00e4usedesigns.<\/li>\n<li>Zus\u00e4tzliche Oberfl\u00e4che an den Fingern reduziert die Fingererm\u00fcdung, selbst nach stundenlangem Schie\u00dfen.<\/li>\n<li>Erh\u00e4ltlich in 3-Finger- und 4-Finger-Modellen zu einem unglaublichen Preisniveau.<\/li>\n<\/ul>\n<p>Den Zufall auszuschlie\u00dfen unterscheidet einen guten J\u00e4ger von einem hervorragenden J\u00e4ger, und hervorragende J\u00e4ger verstehen, dass jedes Ausr\u00fcstungsst\u00fcck unter allen Bedingungen einwandfrei funktionieren sollte. Deshalb entscheiden sich seri\u00f6se Bogenj\u00e4ger, die eine Handausl\u00f6sung suchen, f\u00fcr den Hot Shot Vapor II. <\/p>\n","protected":false},"excerpt":{"rendered":"<p>Der Vapor II verf\u00fcgt \u00fcber alle Eigenschaften, die Sie an unserem urspr\u00fcnglichen Vapor sch\u00e4tzen, jedoch mit einem neuen ergonomischen Griff. Ebenfalls geeignet f\u00fcr den 3-D-Kurs, wurde keine Qualit\u00e4t geopfert, um den erschwinglichen Preis zu erreichen. Die reine Ausl\u00f6serpr\u00e4zision, Ger\u00e4uschlosigkeit und allgemeine Einfachheit machen den Vapor zur nat\u00fcrlichen Wahl f\u00fcr Bogenj\u00e4ger, die auf h\u00f6chste Qualit\u00e4t bei [&#8230;]\n","protected":false},"featured_media":274329,"comment_status":"open","ping_status":"closed","template":"","meta":[],"product_brand":[],"product_cat":[1094],"product_tag":[],"class_list":{"0":"post-280001","1":"product","2":"type-product","3":"status-publish","4":"has-post-thumbnail","6":"product_cat-hand-release","8":"first","9":"instock","10":"taxable","11":"shipping-taxable","12":"purchasable","13":"product-type-variable"},"composite_virtual":false,"composite_layout":"","composite_add_to_cart_form_location":"","composite_editable_in_cart":false,"composite_sold_individually_context":"","composite_shop_price_calc":"","composite_components":[],"composite_scenarios":[],"group_of_quantity":0,"min_quantity":0,"max_quantity":"","exclude_order_quantity_value_rules":"no","exclude_category_quantity_rules":"no","combine_variations":"no","exclude_global_add_ons":[],"addons":[],"_links":{"self":[{"href":"https:\/\/www.huntersfriend.eu\/de\/wp-json\/wp\/v2\/product\/280001","targetHints":{"allow":["GET"]}}],"collection":[{"href":"https:\/\/www.huntersfriend.eu\/de\/wp-json\/wp\/v2\/product"}],"about":[{"href":"https:\/\/www.huntersfriend.eu\/de\/wp-json\/wp\/v2\/types\/product"}],"replies":[{"embeddable":true,"href":"https:\/\/www.huntersfriend.eu\/de\/wp-json\/wp\/v2\/comments?post=280001"}],"wp:featuredmedia":[{"embeddable":true,"href":"https:\/\/www.huntersfriend.eu\/de\/wp-json\/wp\/v2\/media\/274329"}],"wp:attachment":[{"href":"https:\/\/www.huntersfriend.eu\/de\/wp-json\/wp\/v2\/media?parent=280001"}],"wp:term":[{"taxonomy":"product_brand","embeddable":true,"href":"https:\/\/www.huntersfriend.eu\/de\/wp-json\/wp\/v2\/product_brand?post=280001"},{"taxonomy":"product_cat","embeddable":true,"href":"https:\/\/www.huntersfriend.eu\/de\/wp-json\/wp\/v2\/product_cat?post=280001"},{"taxonomy":"product_tag","embeddable":true,"href":"https:\/\/www.huntersfriend.eu\/de\/wp-json\/wp\/v2\/product_tag?post=280001"}],"curies":[{"name":"wp","href":"https:\/\/api.w.org\/{rel}","templated":true}]}}