{"id":280000,"date":"2024-10-11T00:14:08","date_gmt":"2025-06-23T07:12:56","guid":{"rendered":"https:\/\/www.huntersfriend.eu\/product\/dk-wai-grauganshammer\/"},"modified":"2025-09-17T13:09:54","modified_gmt":"2025-09-17T11:09:54","slug":"dk-wai-grauganshammer","status":"publish","type":"product","link":"https:\/\/www.huntersfriend.eu\/de\/produkt\/dk-wai-grauganshammer\/","title":{"rendered":"DK Wai Grauganshammer"},"content":{"rendered":"<p><span><span class=\"VIpgJd-yAWNEb-VIpgJd-fmcmS-sn54Q\">Dieser Lockruf ist, soweit bekannt, der erste Lockruf, der als dezidierter Graugansruf produziert wurde. Der Ruf wurde \u00fcber mehrere Jahre von DK WAI in enger Zusammenarbeit mit Buck Gardner Calls in den USA getestet und entwickelt. <\/span><\/span><\/p>\n<p><span>Wir haben einen Lockruf entwickelt, der hervorragend alle Grauganslaute imitiert, von den tiefsten Grunzlauten und raspelnden Kehlger\u00e4uschen bis hin zu den lautesten Schreien, genau das, was andere Lockrufe nicht bew\u00e4ltigen k\u00f6nnen.<\/span><\/p>\n<p><span>Bei korrekter Anwendung \u00fcbt dieser Lockruf eine magische Anziehungskraft auf Graug\u00e4nse aus und kann V\u00f6gel aus mehreren hundert Metern Entfernung herbeirufen.<\/span><\/p>\n<p><span>Jeder einzelne Lockruf wird vom DK WAI Team, das \u00fcber 20 Jahre Erfahrung mit amerikanischen G\u00e4nse- und Entenrufen und deren Konstruktion verf\u00fcgt, pers\u00f6nlich handgestimmt und getestet.<\/span><\/p>\n<p><span>Jedes Blatt wurde von Hand geschnitten, sodass es die richtige Dicke erhalten hat (am ehesten vergleichbar mit dem Blatt einer Klarinette), und dies bedeutet, dass jeder einzelne unserer Lockrufe exakt den richtigen Klang hat &#8211; besser geht es nicht.<\/span><\/p>\n<p><span>Probieren Sie es aus und \u00fcberzeugen Sie sich selbst. Der Grauganshammer kann mit leicht ver\u00e4nderter Handposition und Technik auch f\u00fcr Zwergg\u00e4nse und Kurzschnabelg\u00e4nse verwendet werden. <\/span><\/p>\n<p><span>Siehe Videoanleitung <\/span><a title=\"Anleitung f\u00fcr den Grauganshammer-Lockruf\" href=\"https:\/\/www.youtube.com\/watch?v=fIz0t7Q1TAk\" target=\"_blank\" rel=\"noopener noreferrer\"><span>HIER<\/span><\/a><\/p>\n","protected":false},"excerpt":{"rendered":"<p>Dieser Lockruf ist, soweit bekannt, der erste Lockruf, der als dezidierter Graugansruf produziert wurde. Der Ruf wurde \u00fcber mehrere Jahre von DK WAI in enger Zusammenarbeit mit Buck Gardner Calls in den USA getestet und entwickelt. Wir haben einen Lockruf entwickelt, der hervorragend alle Grauganslaute imitiert, von den tiefsten Grunzlauten und raspelnden Kehlger\u00e4uschen bis hin [&#8230;]\n","protected":false},"featured_media":274132,"comment_status":"open","ping_status":"closed","template":"","meta":[],"product_brand":[],"product_cat":[1402],"product_tag":[],"class_list":{"0":"post-280000","1":"product","2":"type-product","3":"status-publish","4":"has-post-thumbnail","6":"product_cat-ganselocker","8":"first","9":"instock","10":"taxable","11":"shipping-taxable","12":"purchasable","13":"product-type-simple"},"composite_virtual":false,"composite_layout":"","composite_add_to_cart_form_location":"","composite_editable_in_cart":false,"composite_sold_individually_context":"","composite_shop_price_calc":"","composite_components":[],"composite_scenarios":[],"group_of_quantity":0,"min_quantity":0,"max_quantity":"","exclude_order_quantity_value_rules":"no","exclude_category_quantity_rules":"no","combine_variations":"no","exclude_global_add_ons":[],"addons":[],"_links":{"self":[{"href":"https:\/\/www.huntersfriend.eu\/de\/wp-json\/wp\/v2\/product\/280000","targetHints":{"allow":["GET"]}}],"collection":[{"href":"https:\/\/www.huntersfriend.eu\/de\/wp-json\/wp\/v2\/product"}],"about":[{"href":"https:\/\/www.huntersfriend.eu\/de\/wp-json\/wp\/v2\/types\/product"}],"replies":[{"embeddable":true,"href":"https:\/\/www.huntersfriend.eu\/de\/wp-json\/wp\/v2\/comments?post=280000"}],"wp:featuredmedia":[{"embeddable":true,"href":"https:\/\/www.huntersfriend.eu\/de\/wp-json\/wp\/v2\/media\/274132"}],"wp:attachment":[{"href":"https:\/\/www.huntersfriend.eu\/de\/wp-json\/wp\/v2\/media?parent=280000"}],"wp:term":[{"taxonomy":"product_brand","embeddable":true,"href":"https:\/\/www.huntersfriend.eu\/de\/wp-json\/wp\/v2\/product_brand?post=280000"},{"taxonomy":"product_cat","embeddable":true,"href":"https:\/\/www.huntersfriend.eu\/de\/wp-json\/wp\/v2\/product_cat?post=280000"},{"taxonomy":"product_tag","embeddable":true,"href":"https:\/\/www.huntersfriend.eu\/de\/wp-json\/wp\/v2\/product_tag?post=280000"}],"curies":[{"name":"wp","href":"https:\/\/api.w.org\/{rel}","templated":true}]}}