{"id":279998,"date":"2024-10-23T00:37:29","date_gmt":"2024-10-22T22:37:29","guid":{"rendered":"https:\/\/www.huntersfriend.eu\/product\/gerber-exo-mod-jagdmesser-mit-tropfenspitze\/"},"modified":"2026-02-25T10:37:43","modified_gmt":"2026-02-25T08:37:43","slug":"gerber-exo-mod-jagdmesser-mit-tropfenspitze","status":"publish","type":"product","link":"https:\/\/www.huntersfriend.eu\/de\/produkt\/gerber-exo-mod-jagdmesser-mit-tropfenspitze\/","title":{"rendered":"Gerber Exo-Mod-Jagdmesser mit Tropfenspitze"},"content":{"rendered":"<h2><span data-text-bg=\"primary\" data-text-color=\"secondary\"><em><strong>Bitte beachten Sie, dass wir aufgrund lokaler Einfuhrbeschr\u00e4nkungen dieses Messer nicht in das Vereinigte K\u00f6nigreich versenden k\u00f6nnen. Informieren Sie sich vor der Bestellung \u00fcber die in Ihrem Land geltenden Messervorschriften. <\/strong><\/em><\/span><\/h2>\n<p><span class=\"jCAhz ChMk0b\"><span class=\"ryNqvb\">Das Gerber Exo-Mod Drop Point ist ein leichtes und kompaktes Jagdmesser f\u00fcr den allgemeinen Gebrauch.<\/span><\/span> <span class=\"jCAhz ChMk0b\"><span class=\"ryNqvb\">Dieses Messer eignet sich aufgrund seiner Leichtigkeit und Haltbarkeit f\u00fcr die Jagd, das Camping oder sogar den professionellen Einsatz.<\/span><\/span> <span class=\"jCAhz ChMk0b\"><span class=\"ryNqvb\">Seine spezielle Konstruktion (Full Tang) bietet hohe Stabilit\u00e4t, ist aber aufgrund der Struktur dennoch leicht.<\/span><\/span> <span class=\"jCAhz ChMk0b\"><span class=\"ryNqvb\">Die auff\u00e4lligen orangefarbenen Polypropylengriffe erleichtern das Auffinden des Messers.<\/span><\/span> <span class=\"jCAhz ChMk0b\"><span class=\"ryNqvb\">Die solide Messerklinge besteht aus rostfreiem 7Cr17MoV-Stahl. <\/span><\/span><\/p>\n<p><span class=\"jCAhz ChMk0b\"><span class=\"ryNqvb\">Messer f\u00fcr Jagd und Outdoor-Aktivit\u00e4ten<br \/>\n<\/span><\/span><span class=\"jCAhz ChMk0b\"><span class=\"ryNqvb\">Durchgehende Klinge (Full Tang).<br \/>\n<\/span><\/span><span class=\"jCAhz ChMk0b\"><span class=\"ryNqvb\">Der obere Teil der Klinge mit Daumenauflage.<br \/>\n<\/span><\/span><span class=\"jCAhz ChMk0b\"><span class=\"ryNqvb\">Gewichtsreduzierte Skelettstruktur.<br \/>\n<\/span><\/span><span class=\"jCAhz\"><span class=\"ryNqvb\">Klingenl\u00e4nge 9,6 cm.<br \/>\n<\/span><\/span><span class=\"jCAhz\"><span class=\"ryNqvb\">Gesamtl\u00e4nge 21,7 cm.<br \/>\n<\/span><\/span><span class=\"jCAhz\"><span class=\"ryNqvb\">Polymerscheide.<br \/>\n<\/span><\/span><span class=\"jCAhz\"><span class=\"ryNqvb\">Gewicht 117 g (inklusive Scheide).<\/span><\/span><\/p>\n","protected":false},"excerpt":{"rendered":"<p>Bitte beachten Sie, dass wir aufgrund lokaler Einfuhrbeschr\u00e4nkungen dieses Messer nicht in das Vereinigte K\u00f6nigreich versenden k\u00f6nnen. Informieren Sie sich vor der Bestellung \u00fcber die in Ihrem Land geltenden Messervorschriften. Das Gerber Exo-Mod Drop Point ist ein leichtes und kompaktes Jagdmesser f\u00fcr den allgemeinen Gebrauch. Dieses Messer eignet sich aufgrund seiner Leichtigkeit und Haltbarkeit f\u00fcr [&#8230;]\n","protected":false},"featured_media":275017,"comment_status":"open","ping_status":"closed","template":"","meta":[],"product_brand":[],"product_cat":[1145],"product_tag":[],"class_list":{"0":"post-279998","1":"product","2":"type-product","3":"status-publish","4":"has-post-thumbnail","6":"product_cat-sonstiges","8":"first","9":"outofstock","10":"taxable","11":"shipping-taxable","12":"purchasable","13":"product-type-simple"},"composite_virtual":false,"composite_layout":"","composite_add_to_cart_form_location":"","composite_editable_in_cart":false,"composite_sold_individually_context":"","composite_shop_price_calc":"","composite_components":[],"composite_scenarios":[],"group_of_quantity":0,"min_quantity":0,"max_quantity":"","exclude_order_quantity_value_rules":"no","exclude_category_quantity_rules":"no","combine_variations":"no","exclude_global_add_ons":[],"addons":[],"_links":{"self":[{"href":"https:\/\/www.huntersfriend.eu\/de\/wp-json\/wp\/v2\/product\/279998","targetHints":{"allow":["GET"]}}],"collection":[{"href":"https:\/\/www.huntersfriend.eu\/de\/wp-json\/wp\/v2\/product"}],"about":[{"href":"https:\/\/www.huntersfriend.eu\/de\/wp-json\/wp\/v2\/types\/product"}],"replies":[{"embeddable":true,"href":"https:\/\/www.huntersfriend.eu\/de\/wp-json\/wp\/v2\/comments?post=279998"}],"wp:featuredmedia":[{"embeddable":true,"href":"https:\/\/www.huntersfriend.eu\/de\/wp-json\/wp\/v2\/media\/275017"}],"wp:attachment":[{"href":"https:\/\/www.huntersfriend.eu\/de\/wp-json\/wp\/v2\/media?parent=279998"}],"wp:term":[{"taxonomy":"product_brand","embeddable":true,"href":"https:\/\/www.huntersfriend.eu\/de\/wp-json\/wp\/v2\/product_brand?post=279998"},{"taxonomy":"product_cat","embeddable":true,"href":"https:\/\/www.huntersfriend.eu\/de\/wp-json\/wp\/v2\/product_cat?post=279998"},{"taxonomy":"product_tag","embeddable":true,"href":"https:\/\/www.huntersfriend.eu\/de\/wp-json\/wp\/v2\/product_tag?post=279998"}],"curies":[{"name":"wp","href":"https:\/\/api.w.org\/{rel}","templated":true}]}}