{"id":279997,"date":"2024-11-16T01:02:11","date_gmt":"2024-11-15T23:02:11","guid":{"rendered":"https:\/\/www.huntersfriend.eu\/product\/pni-hunting-400c-pro-24mp-wildkamera\/"},"modified":"2025-08-06T05:12:37","modified_gmt":"2025-08-06T03:12:37","slug":"pni-hunting-400c-pro-24mp-wildkamera","status":"publish","type":"product","link":"https:\/\/www.huntersfriend.eu\/de\/produkt\/pni-hunting-400c-pro-24mp-wildkamera\/","title":{"rendered":"PNI Hunting 400C Pro 24MP Wildkamera"},"content":{"rendered":"<table>\n<tbody>\n<tr class=\"new-template\">\n<td colspan=\"2\">\n<h3 class=\"h-dr\">\u00dcberraschende Aufnahmen enth\u00fcllen die Geheimnisse der Tierwelt<\/h3>\n<p class=\"detalii\">Der integrierte Bewegungssensor l\u00f6st die Aufnahme nur aus, wenn die Kamera eine Bewegung erkennt. Um Fehlalarme zu vermeiden, achten Sie besonders darauf, wo die Kamera installiert wird. Entfernen Sie aus ihrem Sichtfeld \u00c4ste oder andere Elemente, die durch ihre Bewegung die Kamera ausl\u00f6sen k\u00f6nnten. Der PIR-Winkel von 100 Grad, die Ausl\u00f6segeschwindigkeit von 0,5 Sekunden und maximal 5 aufeinanderfolgende Bilder gew\u00e4hrleisten die Erfassung aller Details und der gesamten Aktion.   <\/p>\n<p class=\"detalii\">Der Farb-CMOS-Sensor, 5MP-Fotos, Full-HD-1080P-Videoaufnahmen in lebendigen und hellen Farben bei Tag (schwarz-wei\u00df bei Nacht) und der Mehrfach-Aufnahmemodus bieten ein unvergessliches visuelles Erlebnis. Ob Sie Ihr Haus, Ihren Garten oder Ihren Hof \u00fcberwachen oder das Leben und die Gewohnheiten von Wildtieren beobachten und dokumentieren, die PNI Hunting 400C PRO Kamera ist die am besten geeignete L\u00f6sung. Mit kleinen Abmessungen, einem tarnfarbenen Geh\u00e4use und LEDs mit einstellbarer Helligkeit (Hoch\/Niedrig) wird die PNI Hunting 400C PRO Jagdkamera nahezu unsichtbar. Die Schutzklasse IP66 gew\u00e4hrleistet den Schutz der Kamera vor Staub, Regen und Feuchtigkeit.   <\/p>\n<\/td>\n<\/tr>\n<tr class=\"new-template\">\n<td colspan=\"2\"><\/td>\n<\/tr>\n<tr class=\"new-template\">\n<td colspan=\"2\">\n<h3 class=\"h-dr\">Senden Sie Fotos (24MP) und Videos (<span class=\"a-list-item\">1080P HD-Video<\/span>) per E-Mail oder Telefon<\/h3>\n<p class=\"detalii\">Wenn sie eine Bewegung erkennt, kann die PNI Hunting 400C PRO Jagdkamera Fotos an 4 Telefonnummern \u00fcber MMS und Fotos oder Videos an 4 E-Mail-Adressen \u00fcber SMTP senden. Die \u00fcber SMTP und FTP versendeten Fotos haben eine w\u00e4hlbare Gr\u00f6\u00dfe: Klein (640&#215;480), Gr\u00f6\u00dfer (1920&#215;1440) oder Original (5M\/8M\/12M\/24M), abh\u00e4ngig von den Einstellungen der Bildgr\u00f6\u00dfe im Kameramen\u00fc. <\/p>\n<\/td>\n<\/tr>\n<tr class=\"new-template\">\n<td colspan=\"2\"><\/td>\n<\/tr>\n<tr class=\"new-template\">\n<td colspan=\"2\">\n<h3 class=\"h-dr\">Klare Bilder bei Tag und Nacht. \u201eNo Glow\u201c Infrarot-Technologie (keine Reflexion) <\/h3>\n<p class=\"detalii\">Die PNI Hunting 400C PRO Jagdkamera verf\u00fcgt \u00fcber alle Werkzeuge, die selbst ein unerfahrener Benutzer ben\u00f6tigt: LCD-Bildschirm zur Programmierung der Kamera, IR-LEDs f\u00fcr Nachtaufnahmen, Bewegungssensor zur Aktivierung der Kamera nur bei vorbeiziehenden Tieren, Weitwinkelobjektive (100\u00b0) und Micro-SD-Kartensteckplatz f\u00fcr maximal 32 GB zur Speicherung von Aufnahmen (Micro-SD-Karte nicht im Lieferumfang enthalten). Empfehlung: Formatieren Sie die Micro-SD-Karte vor Gebrauch. <\/p>\n<\/td>\n<\/tr>\n<tr class=\"new-template\">\n<td colspan=\"2\"><\/td>\n<\/tr>\n<tr class=\"new-template\">\n<td colspan=\"2\">\n<h3 class=\"h-dr\">4G GSM Modul<\/h3>\n<p>Mit integriertem 4G-Modus <strong>und einer 4G SIM Karte<\/strong> sendet die PNI Hunting 400C PRO gro\u00dfformatige Fotos per E-Mail und an den FTP-Server sowie MMS-Fotos (640&#215;480) an das Mobiltelefon. \u00dcber <strong>die kostenlose Trail Camera App (Android \/ iOS)<\/strong> kann der Benutzer grundlegende Kameraeinstellungen vornehmen und Echtzeitbilder aus der Ferne erhalten. <\/td>\n<\/tr>\n<\/tbody>\n<\/table>\n<h2><strong>Richten Sie die Kamera f\u00fcr die Verwendung eines Gmail-Kontos ein<\/strong><\/h2>\n<table>\n<tbody>\n<tr>\n<td colspan=\"2\"><strong>Produktidentifikation<\/strong><\/td>\n<\/tr>\n<tr>\n<td>Produktcode<\/td>\n<td>PNI-HU400PRO<\/td>\n<\/tr>\n<tr>\n<td>Farbe<\/td>\n<td>Tarnfarbe<\/td>\n<\/tr>\n<tr>\n<td>Hersteller<\/td>\n<td>PNI<\/td>\n<\/tr>\n<tr>\n<td colspan=\"2\"><strong>Eigenschaften<\/strong><\/td>\n<\/tr>\n<tr>\n<td>Bildsensor<\/td>\n<td>5MP Farb-CMOS<\/td>\n<\/tr>\n<tr>\n<td>Nachtsicht<\/td>\n<td>bis zu 20 m<\/td>\n<\/tr>\n<tr>\n<td>OBJEKTIV<\/td>\n<td>F=3.0; FOV=100\u00b0<\/td>\n<\/tr>\n<tr>\n<td>LCD Bildschirm<\/td>\n<td>2 Zoll<\/td>\n<\/tr>\n<tr>\n<td>IR-LED<\/td>\n<td>oben: 27 LEDs\/ unten: 32 LEDs<\/td>\n<\/tr>\n<tr>\n<td>Bildformat<\/td>\n<td>JPEG<\/td>\n<\/tr>\n<tr>\n<td>Videoformat<\/td>\n<td>AVI<\/td>\n<\/tr>\n<tr>\n<td>Videodauer<\/td>\n<td>5-60 Sek. programmierbar<\/td>\n<\/tr>\n<tr>\n<td>Ausl\u00f6sezeit<\/td>\n<td>0,4 Sek.<\/td>\n<\/tr>\n<tr>\n<td>Ausl\u00f6seintervall<\/td>\n<td>4 Sek. &#8211; 7 Sek. <\/td>\n<\/tr>\n<tr>\n<td>Betriebstemperatur<\/td>\n<td>-26\u00b0C ~ +80\u00b0C<\/td>\n<\/tr>\n<tr>\n<td>Gr\u00f6\u00dfe<\/td>\n<td>115 x 74 x 147 mm<\/td>\n<\/tr>\n<tr>\n<td>Gewicht<\/td>\n<td>420 g<\/td>\n<\/tr>\n<tr>\n<td>Stromversorgung<\/td>\n<td>12 AA 9V-Batterien; DC: 12V<\/td>\n<\/tr>\n<tr>\n<td>Unterst\u00fctzter Batterietyp<\/td>\n<td>Alkaline- oder Li-Ion- oder NiMH-Batterien<\/td>\n<\/tr>\n<tr>\n<td>Minimale Beleuchtung<\/td>\n<td>0 Lux<\/td>\n<\/tr>\n<tr>\n<td>GPRS<\/td>\n<td>Ja<\/td>\n<\/tr>\n<tr>\n<td>MMS<\/td>\n<td>Ja<\/td>\n<\/tr>\n<tr>\n<td>Wasserdicht<\/td>\n<td>IP66<\/td>\n<\/tr>\n<tr>\n<td>Bewegungssensor<\/td>\n<td>Ja<\/td>\n<\/tr>\n<tr>\n<td>Fotoaufl\u00f6sung<\/td>\n<td>24MP (5632&#215;4224)<\/td>\n<\/tr>\n<tr>\n<td>Videoaufl\u00f6sung<\/td>\n<td>1080P (1920x1080px)<\/td>\n<\/tr>\n<tr>\n<td>Sofortiges Senden von Bildern<\/td>\n<td>Ja, per E-Mail, MMS, FTP<\/td>\n<\/tr>\n<tr>\n<td>Mikrofon<\/td>\n<td>Ja<\/td>\n<\/tr>\n<tr>\n<td>Betriebsmodus<\/td>\n<td>Foto \/ Foto+Video \/ Video<\/td>\n<\/tr>\n<tr>\n<td>Tag\/Nacht-Sensor<\/td>\n<td>Ja<\/td>\n<\/tr>\n<tr>\n<td>PIR-Distanz<\/td>\n<td>Bis zu 20 m<\/td>\n<\/tr>\n<tr>\n<td>PIR-Winkel<\/td>\n<td>100\u00b0<\/td>\n<\/tr>\n<tr>\n<td>Fotos in einer Serienaufnahme<\/td>\n<td>1 &#8211; 5<\/td>\n<\/tr>\n<tr>\n<td>Fernkonfiguration<\/td>\n<td>Durch SMS<\/td>\n<\/tr>\n<tr>\n<td>Dedizierte Anwendung<\/td>\n<td>TrailCamera<\/td>\n<\/tr>\n<tr>\n<td colspan=\"2\"><strong>Verkabelung<\/strong><\/td>\n<\/tr>\n<tr>\n<td>USB<\/td>\n<td>Ja<\/td>\n<\/tr>\n<tr>\n<td>Kartensteckplatz<\/td>\n<td>Ja, SD maximal 32GB<\/td>\n<\/tr>\n<tr>\n<td>SIM-Kartensteckplatz<\/td>\n<td>Ja<\/td>\n<\/tr>\n<tr>\n<td colspan=\"2\"><strong>Der Lieferumfang beinhaltet<\/strong><\/td>\n<\/tr>\n<tr>\n<td>Jagdkamera<\/td>\n<td>Ja<\/td>\n<\/tr>\n<tr>\n<td>USB-miniUSB-Kabel<\/td>\n<td>Ja<\/td>\n<\/tr>\n<tr>\n<td>Kabelbinder<\/td>\n<td>Ja<\/td>\n<\/tr>\n<tr>\n<td>GPRS-Antenne<\/td>\n<td>Ja, 2 St\u00fcck<\/td>\n<\/tr>\n<tr>\n<td>Gurt<\/td>\n<td>Ja<\/td>\n<\/tr>\n<tr>\n<td>SIM-Adapter<\/td>\n<td>Ja<\/td>\n<\/tr>\n<\/tbody>\n<\/table>\n","protected":false},"excerpt":{"rendered":"<p>\u00dcberraschende Aufnahmen enth\u00fcllen die Geheimnisse der Tierwelt Der integrierte Bewegungssensor l\u00f6st die Aufnahme nur aus, wenn die Kamera eine Bewegung erkennt. Um Fehlalarme zu vermeiden, achten Sie besonders darauf, wo die Kamera installiert wird. Entfernen Sie aus ihrem Sichtfeld \u00c4ste oder andere Elemente, die durch ihre Bewegung die Kamera ausl\u00f6sen k\u00f6nnten. Der PIR-Winkel von 100 [&#8230;]\n","protected":false},"featured_media":274827,"comment_status":"open","ping_status":"closed","template":"","meta":[],"product_brand":[],"product_cat":[1145],"product_tag":[],"class_list":{"0":"post-279997","1":"product","2":"type-product","3":"status-publish","4":"has-post-thumbnail","6":"product_cat-sonstiges","8":"first","9":"outofstock","10":"taxable","11":"shipping-taxable","12":"purchasable","13":"product-type-simple"},"composite_virtual":false,"composite_layout":"","composite_add_to_cart_form_location":"","composite_editable_in_cart":false,"composite_sold_individually_context":"","composite_shop_price_calc":"","composite_components":[],"composite_scenarios":[],"group_of_quantity":0,"min_quantity":0,"max_quantity":"","exclude_order_quantity_value_rules":"no","exclude_category_quantity_rules":"no","combine_variations":"no","exclude_global_add_ons":[],"addons":[],"_links":{"self":[{"href":"https:\/\/www.huntersfriend.eu\/de\/wp-json\/wp\/v2\/product\/279997","targetHints":{"allow":["GET"]}}],"collection":[{"href":"https:\/\/www.huntersfriend.eu\/de\/wp-json\/wp\/v2\/product"}],"about":[{"href":"https:\/\/www.huntersfriend.eu\/de\/wp-json\/wp\/v2\/types\/product"}],"replies":[{"embeddable":true,"href":"https:\/\/www.huntersfriend.eu\/de\/wp-json\/wp\/v2\/comments?post=279997"}],"wp:featuredmedia":[{"embeddable":true,"href":"https:\/\/www.huntersfriend.eu\/de\/wp-json\/wp\/v2\/media\/274827"}],"wp:attachment":[{"href":"https:\/\/www.huntersfriend.eu\/de\/wp-json\/wp\/v2\/media?parent=279997"}],"wp:term":[{"taxonomy":"product_brand","embeddable":true,"href":"https:\/\/www.huntersfriend.eu\/de\/wp-json\/wp\/v2\/product_brand?post=279997"},{"taxonomy":"product_cat","embeddable":true,"href":"https:\/\/www.huntersfriend.eu\/de\/wp-json\/wp\/v2\/product_cat?post=279997"},{"taxonomy":"product_tag","embeddable":true,"href":"https:\/\/www.huntersfriend.eu\/de\/wp-json\/wp\/v2\/product_tag?post=279997"}],"curies":[{"name":"wp","href":"https:\/\/api.w.org\/{rel}","templated":true}]}}