{"id":279996,"date":"2024-12-03T11:53:36","date_gmt":"2024-12-03T09:53:36","guid":{"rendered":"https:\/\/www.huntersfriend.eu\/product\/darton-sequel-33-st2-massgefertigter-bogen\/"},"modified":"2025-06-23T09:05:05","modified_gmt":"2025-06-23T07:05:05","slug":"darton-sequel-33-st2-massgefertigter-bogen","status":"publish","type":"product","link":"https:\/\/www.huntersfriend.eu\/de\/produkt\/darton-sequel-33-st2-massgefertigter-bogen\/","title":{"rendered":"Darton Sequel 33 ST2 ma\u00dfgefertigter Bogen"},"content":{"rendered":"<p><span data-text-color=\"alert\"><strong>Wir ersuchen Sie h\u00f6flichst, unsere Darton Sequel 33 ST2 &#8211; Auf Lager Seite zu konsultieren, um die Verf\u00fcgbarkeit des Bogens vor einer Bestellung zu \u00fcberpr\u00fcfen. Alternativ stehen wir Ihnen f\u00fcr detaillierte Ausk\u00fcnfte bez\u00fcglich Verf\u00fcgbarkeit und Lieferzeiten gerne zur Verf\u00fcgung. <\/strong><\/span><\/p>\n<p><strong>75 Jahre Exzellenz und Innovation im Bogenschie\u00dfen: Das Sequel 33 ST\u00b2 entfesselt<\/strong><\/p>\n<p>Das Sequel 33 ST\u00b2: Ein pr\u00e4zisionsabgestimmtes Kraftpaket<\/p>\n<p><strong><span data-fontweight=\"300\" data-letterspacing=\"Normal\" data-fontfamily=\"Oswald\">Dartons neueste Kreation, der Sequel 33 ST2, verk\u00f6rpert das Engagement der Marke f\u00fcr Innovation. Mit einer Reihe von Geschwindigkeitsmodulen, bahnbrechenden &#8222;Perfect Timing&#8220; verstellbaren Jochaufh\u00e4ngungen (Patent angemeldet) und dem &#8222;Perfect Tune&#8220; verstellbaren Wurfarmtaschensystem (Patent angemeldet) zeichnet sich dieser Compound-Bogen durch un\u00fcbertroffene Pr\u00e4zision und Leistung aus. Diese hochmodernen Innovationen garantieren optimale Funktionalit\u00e4t und einen bemerkenswert weichen Auszug, was zu konsistenter Genauigkeit Schuss f\u00fcr Schuss f\u00fchrt. F\u00fcr Bogensch\u00fctzen, die ihre F\u00e4higkeiten verbessern m\u00f6chten, ist der Sequel 33 ST\u00b2 eine essentielle, unverzichtbare Erg\u00e4nzung.<br \/>\n<\/span><\/strong><\/p>\n<p><strong>Einfaches Tuning f\u00fcr jeden Bogensch\u00fctzen<\/strong><\/p>\n<p><strong><span data-fontweight=\"300\" data-letterspacing=\"Normal\" data-fontfamily=\"Oswald\">Der Sequel 33 ST\u00b2 ist nicht nur ein Hochleistungsbogen, sondern auch bemerkenswert einfach einzustellen. Konzipiert mit Benutzerfreundlichkeit im Fokus, erm\u00f6glicht dieser Bogen schnelle und unkomplizierte Anpassungen, wodurch er sowohl f\u00fcr erfahrene Bogensch\u00fctzen als auch f\u00fcr Anf\u00e4nger zug\u00e4nglich ist. Verbringen Sie weniger Zeit mit Feinabstimmungen und mehr Zeit damit, Ihren Schuss zu perfektionieren, dank seiner innovativen Funktionen, die den Einstellungs- und Timingprozess vereinfachen. Wenn Sie Pr\u00e4zision und Komfort suchen, ist der Sequel 33 ST\u00b2 Ihre ideale Wahl.   <\/span><\/strong><\/p>\n<div id=\"s-be8af399-1775-4599-9fbf-10126147c647\" class=\"shg-c \">\n<div class=\"shg-rich-text shg-theme-text-content\">\n<p>PR\u00c4ZISIONSSPEZIFIKATIONEN<\/p>\n<p><span data-fontfamily=\"Oswald\"><strong>GESCHWINDIGKEIT:<\/strong> TATS\u00c4CHLICH 334-335 FPS<br \/>\n<\/span><span data-fontfamily=\"Oswald\"><strong>GESCHWINDIGKEIT MIT SPEED-MODUL:<\/strong> TATS\u00c4CHLICH 339-341 FPS<br \/>\n<\/span><span data-fontfamily=\"Oswald\"><strong>GESCHWINDIGKEIT MIT 75% MODUL:<\/strong> TATS\u00c4CHLICH 341-343 FPS (MODUL SEPARAT ERH\u00c4LTLICH)<br \/>\n<\/span><span data-fontfamily=\"Oswald\"><strong>ACHSABSTAND:<\/strong> 33 3\/16&#8243;<br \/>\n<\/span><span data-fontfamily=\"Oswald\"><strong>STANDH\u00d6HE:<\/strong> 6.3\/8&#8243;<br \/>\n<\/span><span data-fontfamily=\"Oswald\"><strong>GEWICHT:<\/strong> 4,7 LBS (ohne installiertes LVS; im Lieferumfang enthalten)<br \/>\n<\/span><span data-fontfamily=\"Oswald\"><strong>ZUGL\u00c4NGEN:<\/strong> 25,5 \u201e-30,5\u201c<br \/>\n<\/span><span data-fontfamily=\"Oswald\"><strong>ZUGGEWICHTE:<\/strong> 50, 60, 70 und 80<br \/>\n<\/span><span data-fontfamily=\"Oswald\"><strong>LET-OFF:<\/strong> 85-75% Einstellbar mit Auszugsstoppern und 75% Geschwindigkeitsmodul (separat erh\u00e4ltlich)<br \/>\n<\/span><strong><span data-fontfamily=\"Oswald\">Manufaktur-Bogensehnen<br \/>\n<\/span><\/strong><strong><span data-fontfamily=\"Oswald\">Hergestellt in den USA<\/span><\/strong><\/p>\n<\/div>\n<\/div>\n<div id=\"s-4ec6fc81-0471-4380-b740-212eab819f7d\" class=\"shg-c \">\n<div class=\"shg-rich-text shg-theme-text-content\">\n<p>MERKMALE BEINHALTEN<\/p>\n<p><span data-fontfamily=\"Oswald\">7075 BBS Dual Sync Nocken (auch bekannt als Sequel Nocken)<br \/>\n<\/span><span data-fontfamily=\"Oswald\">1\/4&#8243; Rundkopf-Achsen (Keine E-Clips mehr)<br \/>\n<\/span><span data-fontfamily=\"Oswald\">5\/8&#8243; Lager<br \/>\n<\/span><span data-fontfamily=\"Oswald\">(Perfect Tune) Verstellbare Wurfarmtaschen (Patent angemeldet)<br \/>\n<\/span><span data-fontfamily=\"Oswald\">Die QAD Integrated und die Hamskea C.O.R. Pfeilauflage-Montage<br \/>\n<\/span><span data-fontfamily=\"Oswald\">Rollenf\u00fchrung<br \/>\n<\/span><span data-fontfamily=\"Oswald\">(Perfect Timing) Verstellbare Jochaufh\u00e4ngung (Patent angemeldet)<br \/>\n<\/span><span data-fontfamily=\"Oswald\">Geschwindigkeitsmodul enthalten, aber nicht installiert, f\u00fcr zus\u00e4tzliche 5-6 FPS.<br \/>\n<\/span><span data-fontfamily=\"Oswald\">Zwei S\u00e4tze von Auszugsstopp-Pfosten erm\u00f6glichen die Mikroanpassung Ihres Let-offs.<\/span><\/p>\n<\/div>\n<\/div>\n","protected":false},"excerpt":{"rendered":"<p>Wir ersuchen Sie h\u00f6flichst, unsere Darton Sequel 33 ST2 &#8211; Auf Lager Seite zu konsultieren, um die Verf\u00fcgbarkeit des Bogens vor einer Bestellung zu \u00fcberpr\u00fcfen. Alternativ stehen wir Ihnen f\u00fcr detaillierte Ausk\u00fcnfte bez\u00fcglich Verf\u00fcgbarkeit und Lieferzeiten gerne zur Verf\u00fcgung. 75 Jahre Exzellenz und Innovation im Bogenschie\u00dfen: Das Sequel 33 ST\u00b2 entfesselt Das Sequel 33 ST\u00b2: [&#8230;]\n","protected":false},"featured_media":275461,"comment_status":"open","ping_status":"closed","template":"","meta":[],"product_brand":[],"product_cat":[1145],"product_tag":[],"class_list":{"0":"post-279996","1":"product","2":"type-product","3":"status-publish","4":"has-post-thumbnail","6":"product_cat-sonstiges","7":"product_shipping_class-big-de","9":"first","10":"outofstock","11":"taxable","12":"shipping-taxable","13":"purchasable","14":"product-type-simple"},"composite_virtual":false,"composite_layout":"","composite_add_to_cart_form_location":"","composite_editable_in_cart":false,"composite_sold_individually_context":"","composite_shop_price_calc":"","composite_components":[],"composite_scenarios":[],"group_of_quantity":0,"min_quantity":0,"max_quantity":"","exclude_order_quantity_value_rules":"no","exclude_category_quantity_rules":"no","combine_variations":"no","exclude_global_add_ons":false,"addons":[{"name":"Bogenhand","type":"multiple_choice","position":0,"required":true,"title_format":"label","default":"","description_enable":false,"description":null,"placeholder_enable":false,"placeholder":null,"display":"select","restrictions_type":"any_text","adjust_price":false,"price":"","price_type":"flat_fee","restrictions":false,"min":"0","max":"0","options":[{"label":"Rechte Hand","price":"","price_type":"flat_fee","image":0,"visibility":true},{"label":"Linke Hand","price":"","price_type":"flat_fee","image":0,"visibility":true}],"id":1733303872},{"name":"Zuggewicht","type":"multiple_choice","position":1,"required":true,"title_format":"label","default":"","description_enable":false,"description":null,"placeholder_enable":false,"placeholder":null,"display":"select","restrictions_type":"any_text","adjust_price":false,"price":"","price_type":"flat_fee","restrictions":false,"min":"0","max":"0","options":[{"label":"40-50#","price":"","price_type":"flat_fee","image":0,"visibility":true},{"label":"50-60#","price":"","price_type":"flat_fee","image":0,"visibility":true},{"label":"60-70#","price":"","price_type":"flat_fee","image":0,"visibility":true},{"label":"70-80#","price":"","price_type":"flat_fee","image":0,"visibility":true}],"id":1733303874},{"name":"Farbe","type":"multiple_choice","position":2,"required":true,"title_format":"label","default":"","description_enable":false,"description":null,"placeholder_enable":false,"placeholder":null,"display":"select","restrictions_type":"any_text","adjust_price":false,"price":"","price_type":"flat_fee","restrictions":false,"min":"0","max":"0","options":[{"label":"Schwarz mit schwarzen Wurfarmen","price":"","price_type":"flat_fee","image":0,"visibility":true},{"label":"Flaches Dunkelerdfarben mit schwarzen Wurfarmen","price":"","price_type":"flat_fee","image":0,"visibility":true},{"label":"Grau mit schwarzen Wurfarmen","price":"","price_type":"flat_fee","image":0,"visibility":true},{"label":"OD Green mit schwarzen Wurfarmen","price":"","price_type":"flat_fee","image":0,"visibility":true},{"label":"Kings XK7 mit schwarzen Wurfarmen","price":"","price_type":"flat_fee","image":0,"visibility":true},{"label":"Multicam\/Folds of Honor mit schwarzen Wurfarmen","price":"","price_type":"flat_fee","image":0,"visibility":true},{"label":"Vumi Gear Tarnmuster","price":"","price_type":"flat_fee","image":0,"visibility":true},{"label":"Mossy Oak Bottom Land Tarnmuster","price":"","price_type":"flat_fee","image":0,"visibility":true}],"id":1733303873}],"_links":{"self":[{"href":"https:\/\/www.huntersfriend.eu\/de\/wp-json\/wp\/v2\/product\/279996","targetHints":{"allow":["GET"]}}],"collection":[{"href":"https:\/\/www.huntersfriend.eu\/de\/wp-json\/wp\/v2\/product"}],"about":[{"href":"https:\/\/www.huntersfriend.eu\/de\/wp-json\/wp\/v2\/types\/product"}],"replies":[{"embeddable":true,"href":"https:\/\/www.huntersfriend.eu\/de\/wp-json\/wp\/v2\/comments?post=279996"}],"wp:featuredmedia":[{"embeddable":true,"href":"https:\/\/www.huntersfriend.eu\/de\/wp-json\/wp\/v2\/media\/275461"}],"wp:attachment":[{"href":"https:\/\/www.huntersfriend.eu\/de\/wp-json\/wp\/v2\/media?parent=279996"}],"wp:term":[{"taxonomy":"product_brand","embeddable":true,"href":"https:\/\/www.huntersfriend.eu\/de\/wp-json\/wp\/v2\/product_brand?post=279996"},{"taxonomy":"product_cat","embeddable":true,"href":"https:\/\/www.huntersfriend.eu\/de\/wp-json\/wp\/v2\/product_cat?post=279996"},{"taxonomy":"product_tag","embeddable":true,"href":"https:\/\/www.huntersfriend.eu\/de\/wp-json\/wp\/v2\/product_tag?post=279996"}],"curies":[{"name":"wp","href":"https:\/\/api.w.org\/{rel}","templated":true}]}}