{"id":279994,"date":"2024-12-03T11:53:36","date_gmt":"2024-12-03T09:53:36","guid":{"rendered":"https:\/\/www.huntersfriend.eu\/product\/darton-sequel-35-st2-massanfertigungsbogen\/"},"modified":"2025-10-27T04:24:10","modified_gmt":"2025-10-27T02:24:10","slug":"darton-sequel-35-st2-massanfertigungsbogen","status":"publish","type":"product","link":"https:\/\/www.huntersfriend.eu\/de\/produkt\/darton-sequel-35-st2-massanfertigungsbogen\/","title":{"rendered":"Darton Sequel 35 ST2 Ma\u00dfanfertigungsbogen"},"content":{"rendered":"<p><span data-text-color=\"alert\"><strong>Bitte \u00fcberpr\u00fcfen Sie unsere Darton Sequel 35 ST2 &#8211; Auf Lager Seite, um zu sehen, ob wir den Bogen vorr\u00e4tig haben, bevor Sie hier bestellen. Sie k\u00f6nnen uns auch direkt kontaktieren, um weitere Informationen \u00fcber Verf\u00fcgbarkeit und Lieferzeiten zu erhalten. <\/strong><\/span><\/p>\n<p><strong>75 Jahre Exzellenz und Innovation im Bogenschie\u00dfen: Der Sequel 35 ST\u00b2 wird enth\u00fcllt<\/strong><\/p>\n<p><strong>Der Sequel 35 ST\u00b2: Ein pr\u00e4zisionsabgestimmtes Kraftpaket<\/strong><\/p>\n<p><span data-fontfamily=\"Oswald\" data-fontweight=\"300\">Dartons neuestes Angebot, der Sequel 35 ST2, verk\u00f6rpert das Engagement der Marke f\u00fcr Innovation. Ausgestattet mit einer Reihe von Geschwindigkeitsmodulen, bahnbrechenden &#8218;Perfect Timing&#8216; verstellbaren Jochaufh\u00e4ngungen (zum Patent angemeldet) und dem &#8218;Perfect Tune&#8216; verstellbaren Wurfarmtaschensystem (zum Patent angemeldet), zeichnet sich dieser Compound-Bogen durch un\u00fcbertroffene Pr\u00e4zision und Leistung aus. Diese hochmodernen Innovationen garantieren optimale Funktionalit\u00e4t und einen bemerkenswert sanften Auszug, was zu konsequenter Genauigkeit Schuss f\u00fcr Schuss f\u00fchrt. F\u00fcr Bogensch\u00fctzen, die ihre F\u00e4higkeiten verbessern m\u00f6chten, ist der Sequel 35 ST\u00b2 eine essentielle, unverzichtbare Erg\u00e4nzung.   <\/span><\/p>\n<p><span data-fontfamily=\"Oswald\" data-fontweight=\"300\"><strong>Einfaches Tuning f\u00fcr jeden Bogensch\u00fctzen<\/strong><\/span><\/p>\n<p><span data-fontfamily=\"Oswald\" data-fontweight=\"300\">Der Sequel 35 ST\u00b2 ist nicht nur ein Hochleistungsbogen, sondern auch bemerkenswert einfach einzustellen. Konzipiert mit Benutzerfreundlichkeit im Sinn, erm\u00f6glicht dieser Bogen schnelle und unkomplizierte Anpassungen, was ihn sowohl f\u00fcr erfahrene Bogensch\u00fctzen als auch f\u00fcr Anf\u00e4nger zug\u00e4nglich macht. Verbringen Sie weniger Zeit mit Feinabstimmungen und mehr Zeit damit, Ihren Schuss zu perfektionieren, dank seiner innovativen Funktionen, die den Einstell- und Timingprozess vereinfachen. Wenn Sie Pr\u00e4zision und Bequemlichkeit suchen, ist der Sequel 35 ST\u00b2 Ihre ideale Wahl.   <\/span><\/p>\n<div id=\"s-a09dd32f-c05f-4d9d-817e-d7b9415991c8\" class=\"shg-c \">\n<div class=\"shg-rich-text shg-theme-text-content\">\n<p>PR\u00c4ZISIONSSPEZIFIKATIONEN<\/p>\n<ul>\n<li>\n<ul>\n<li>\n<ul>\n<li><strong>GESCHWINDIGKEIT:<\/strong> TATS\u00c4CHLICH 330-331 FPS<\/li>\n<li><strong>GESCHWINDIGKEIT mit GESCHWINDIGKEITSMODUL: <\/strong>TATS\u00c4CHLICH 335-336 FPS<\/li>\n<li><strong>GESCHWINDIGKEIT mit 75% MODUL:<\/strong> TATS\u00c4CHLICH 340-341 FPS (75% MODUL SEPARAT ERH\u00c4LTLICH)<\/li>\n<li><strong>ACHSABSTAND:<\/strong> 35 1\/8&#8243;<\/li>\n<li><strong>BRACE-H\u00d6HE:<\/strong> 6,3<\/li>\n<li><strong>GEWICHT:<\/strong> 4,75 LBS (ohne installierten LVS; im Lieferumfang enthalten)<\/li>\n<li><strong>ZUGL\u00c4NGEN:<\/strong> 26 \u201e-31,5\u201c<\/li>\n<li><strong>ZUGGEWICHTE:<\/strong> 50, 60, 70 und 80<\/li>\n<li><strong>LET-OFF:<\/strong> 85-75% Einstellbar mit Auszugsstoppern und 75% Geschwindigkeitsmodul (separat erh\u00e4ltlich)<\/li>\n<li><strong>Ma\u00dfgefertigte Bogensehnen<\/strong><\/li>\n<li><strong>Hergestellt in den USA<\/strong><\/li>\n<\/ul>\n<\/li>\n<\/ul>\n<\/li>\n<\/ul>\n<\/div>\n<\/div>\n<div id=\"s-7b79f875-d761-4b64-a1cc-10c75e633514\" class=\"shg-c \">\n<div class=\"shg-rich-text shg-theme-text-content\">\n<p>Zu den Merkmalen geh\u00f6ren<\/p>\n<ul>\n<li>\n<ul>\n<li>\n<ul>\n<li><span data-fontfamily=\"Oswald\">7075 BBS Dual Sync Nocken (auch bekannt als Sequel Nocken)<\/span><\/li>\n<li><span data-fontfamily=\"Oswald\">1\/4&#8243; Rundkopf-Achsen (Keine E-Clips mehr)<\/span><\/li>\n<li><span data-fontfamily=\"Oswald\">5\/8&#8243; Lager<\/span><\/li>\n<li><span data-fontfamily=\"Oswald\">(Perfect Tune) Verstellbare Wurfarmtaschen (Patent angemeldet)<\/span><\/li>\n<li><span data-fontfamily=\"Oswald\">Die QAD Integrated und die Hamskea C.O.R. Pfeilauflage-Montage<\/span><\/li>\n<li><span data-fontfamily=\"Oswald\">Rollenf\u00fchrung<\/span><\/li>\n<li><span data-fontfamily=\"Oswald\">(Perfect Timing) Verstellbare Jochaufh\u00e4ngung (Patent angemeldet)<\/span><\/li>\n<li><span data-fontfamily=\"Oswald\">Geschwindigkeitsmodul enthalten, aber nicht installiert, f\u00fcr zus\u00e4tzliche 5-6 FPS.<\/span><\/li>\n<li><span data-fontfamily=\"Oswald\">Zwei S\u00e4tze von Auszugsstopp-Pfosten erm\u00f6glichen die Mikroanpassung Ihres Let-offs.<\/span><\/li>\n<\/ul>\n<\/li>\n<\/ul>\n<\/li>\n<\/ul>\n<\/div>\n<\/div>\n","protected":false},"excerpt":{"rendered":"<p>Bitte \u00fcberpr\u00fcfen Sie unsere Darton Sequel 35 ST2 &#8211; Auf Lager Seite, um zu sehen, ob wir den Bogen vorr\u00e4tig haben, bevor Sie hier bestellen. Sie k\u00f6nnen uns auch direkt kontaktieren, um weitere Informationen \u00fcber Verf\u00fcgbarkeit und Lieferzeiten zu erhalten. 75 Jahre Exzellenz und Innovation im Bogenschie\u00dfen: Der Sequel 35 ST\u00b2 wird enth\u00fcllt Der Sequel [&#8230;]\n","protected":false},"featured_media":275501,"comment_status":"open","ping_status":"closed","template":"","meta":[],"product_brand":[],"product_cat":[1145],"product_tag":[],"class_list":{"0":"post-279994","1":"product","2":"type-product","3":"status-publish","4":"has-post-thumbnail","6":"product_cat-sonstiges","7":"product_shipping_class-big-de","9":"first","10":"outofstock","11":"taxable","12":"shipping-taxable","13":"purchasable","14":"product-type-simple"},"composite_virtual":false,"composite_layout":"","composite_add_to_cart_form_location":"","composite_editable_in_cart":false,"composite_sold_individually_context":"","composite_shop_price_calc":"","composite_components":[],"composite_scenarios":[],"group_of_quantity":0,"min_quantity":0,"max_quantity":"","exclude_order_quantity_value_rules":"no","exclude_category_quantity_rules":"no","combine_variations":"no","exclude_global_add_ons":false,"addons":[{"name":"Bogenhand","type":"multiple_choice","position":0,"required":true,"title_format":"label","default":"","description_enable":false,"description":null,"placeholder_enable":false,"placeholder":null,"display":"select","restrictions_type":"any_text","adjust_price":false,"price":"","price_type":"flat_fee","restrictions":false,"min":"0","max":"0","options":[{"label":"Rechte Hand","price":"","price_type":"flat_fee","image":0,"visibility":true},{"label":"Linke Hand","price":"","price_type":"flat_fee","image":0,"visibility":true}],"id":1733304344},{"name":"Zuggewicht","type":"multiple_choice","position":1,"required":true,"title_format":"label","default":"","description_enable":false,"description":null,"placeholder_enable":false,"placeholder":null,"display":"select","restrictions_type":"any_text","adjust_price":false,"price":"","price_type":"flat_fee","restrictions":false,"min":"0","max":"0","options":[{"label":"40-50#","price":"","price_type":"flat_fee","image":0,"visibility":true},{"label":"50-60#","price":"","price_type":"flat_fee","image":0,"visibility":true},{"label":"60-70#","price":"","price_type":"flat_fee","image":0,"visibility":true},{"label":"70-80#","price":"","price_type":"flat_fee","image":0,"visibility":true}],"id":1733304346},{"name":"Farbe","type":"multiple_choice","position":2,"required":true,"title_format":"label","default":"","description_enable":false,"description":null,"placeholder_enable":false,"placeholder":null,"display":"select","restrictions_type":"any_text","adjust_price":false,"price":"","price_type":"flat_fee","restrictions":false,"min":"0","max":"0","options":[{"label":"Schwarz mit schwarzen Wurfarmen","price":"","price_type":"flat_fee","image":0,"visibility":true},{"label":"Flaches Dunkelerdfarben mit schwarzen Wurfarmen","price":"","price_type":"flat_fee","image":0,"visibility":true},{"label":"Grau mit schwarzen Wurfarmen","price":"","price_type":"flat_fee","image":0,"visibility":true},{"label":"OD Green mit schwarzen Wurfarmen","price":"","price_type":"flat_fee","image":0,"visibility":true},{"label":"Kings XK7 mit schwarzen Wurfarmen","price":"","price_type":"flat_fee","image":0,"visibility":true},{"label":"Multicam\/Folds of Honor mit schwarzen Wurfarmen","price":"","price_type":"flat_fee","image":0,"visibility":true},{"label":"Vumi Gear Tarnmuster","price":"","price_type":"flat_fee","image":0,"visibility":true},{"label":"Mossy Oak Bottom Land Tarnmuster","price":"","price_type":"flat_fee","image":0,"visibility":true}],"id":1733304345}],"_links":{"self":[{"href":"https:\/\/www.huntersfriend.eu\/de\/wp-json\/wp\/v2\/product\/279994","targetHints":{"allow":["GET"]}}],"collection":[{"href":"https:\/\/www.huntersfriend.eu\/de\/wp-json\/wp\/v2\/product"}],"about":[{"href":"https:\/\/www.huntersfriend.eu\/de\/wp-json\/wp\/v2\/types\/product"}],"replies":[{"embeddable":true,"href":"https:\/\/www.huntersfriend.eu\/de\/wp-json\/wp\/v2\/comments?post=279994"}],"wp:featuredmedia":[{"embeddable":true,"href":"https:\/\/www.huntersfriend.eu\/de\/wp-json\/wp\/v2\/media\/275501"}],"wp:attachment":[{"href":"https:\/\/www.huntersfriend.eu\/de\/wp-json\/wp\/v2\/media?parent=279994"}],"wp:term":[{"taxonomy":"product_brand","embeddable":true,"href":"https:\/\/www.huntersfriend.eu\/de\/wp-json\/wp\/v2\/product_brand?post=279994"},{"taxonomy":"product_cat","embeddable":true,"href":"https:\/\/www.huntersfriend.eu\/de\/wp-json\/wp\/v2\/product_cat?post=279994"},{"taxonomy":"product_tag","embeddable":true,"href":"https:\/\/www.huntersfriend.eu\/de\/wp-json\/wp\/v2\/product_tag?post=279994"}],"curies":[{"name":"wp","href":"https:\/\/api.w.org\/{rel}","templated":true}]}}