{"id":279988,"date":"2024-10-23T00:37:30","date_gmt":"2025-06-23T07:04:59","guid":{"rendered":"https:\/\/www.huntersfriend.eu\/product\/morakniv-wetzstahl\/"},"modified":"2026-03-04T12:55:27","modified_gmt":"2026-03-04T10:55:27","slug":"morakniv-wetzstahl","status":"publish","type":"product","link":"https:\/\/www.huntersfriend.eu\/de\/produkt\/morakniv-wetzstahl\/","title":{"rendered":"Morakniv Wetzstahl"},"content":{"rendered":"<p><span class=\"jCAhz ChMk0b\"><span class=\"ryNqvb\">Der Morakniv Wetzstahl ist besonders geeignet f\u00fcr das Sch\u00e4rfen von K\u00fcchen- und Metzgermessern.<\/span><\/span> <span class=\"jCAhz ChMk0b\"><span class=\"ryNqvb\">Er ist mit einem leicht zu reinigenden Kunststoffgriff mit Aufh\u00e4nge\u00f6se ausgestattet. <\/span><\/span><\/p>\n<p><span class=\"jCAhz ChMk0b\"><span class=\"ryNqvb\">Abmessungen: <ci id=\"gid_2\"><ci id=\"gid_3\">Durchmesser 9,5 mm.<cx id=\"gid_4\"><\/cx><ci id=\"gid_5\"><ci id=\"gid_6\">Stahll\u00e4nge 17,8 cm. <ci id=\"gid_7\"><ci id=\"gid_8\">G<cx id=\"gid_9\"><\/cx>esamtl\u00e4nge ca. <ci id=\"gid_10\"><ci id=\"gid_11\">32 cm. <ci id=\"gid_12\"><ci id=\"gid_13\">Gewicht ca. 160 g.<\/ci><\/ci><\/ci><\/ci><\/ci><\/ci><\/ci><\/ci><\/ci><\/ci><\/span><\/span><\/p>\n","protected":false},"excerpt":{"rendered":"<p>Der Morakniv Wetzstahl ist besonders geeignet f\u00fcr das Sch\u00e4rfen von K\u00fcchen- und Metzgermessern. Er ist mit einem leicht zu reinigenden Kunststoffgriff mit Aufh\u00e4nge\u00f6se ausgestattet. Abmessungen: Durchmesser 9,5 mm.Stahll\u00e4nge 17,8 cm. Gesamtl\u00e4nge ca. 32 cm. Gewicht ca. 160 g.<\/p>\n","protected":false},"featured_media":274953,"comment_status":"open","ping_status":"closed","template":"","meta":[],"product_brand":[],"product_cat":[2610,1134],"product_tag":[],"class_list":{"0":"post-279988","1":"product","2":"type-product","3":"status-publish","4":"has-post-thumbnail","6":"product_cat-knivar-yxor-och-slipar","7":"product_cat-messer-aexte-und-schaerfer","9":"first","10":"instock","11":"taxable","12":"shipping-taxable","13":"purchasable","14":"product-type-simple"},"composite_virtual":false,"composite_layout":"","composite_add_to_cart_form_location":"","composite_editable_in_cart":false,"composite_sold_individually_context":"","composite_shop_price_calc":"","composite_components":[],"composite_scenarios":[],"group_of_quantity":0,"min_quantity":0,"max_quantity":"","exclude_order_quantity_value_rules":"no","exclude_category_quantity_rules":"no","combine_variations":"no","exclude_global_add_ons":[],"addons":[],"_links":{"self":[{"href":"https:\/\/www.huntersfriend.eu\/de\/wp-json\/wp\/v2\/product\/279988","targetHints":{"allow":["GET"]}}],"collection":[{"href":"https:\/\/www.huntersfriend.eu\/de\/wp-json\/wp\/v2\/product"}],"about":[{"href":"https:\/\/www.huntersfriend.eu\/de\/wp-json\/wp\/v2\/types\/product"}],"replies":[{"embeddable":true,"href":"https:\/\/www.huntersfriend.eu\/de\/wp-json\/wp\/v2\/comments?post=279988"}],"wp:featuredmedia":[{"embeddable":true,"href":"https:\/\/www.huntersfriend.eu\/de\/wp-json\/wp\/v2\/media\/274953"}],"wp:attachment":[{"href":"https:\/\/www.huntersfriend.eu\/de\/wp-json\/wp\/v2\/media?parent=279988"}],"wp:term":[{"taxonomy":"product_brand","embeddable":true,"href":"https:\/\/www.huntersfriend.eu\/de\/wp-json\/wp\/v2\/product_brand?post=279988"},{"taxonomy":"product_cat","embeddable":true,"href":"https:\/\/www.huntersfriend.eu\/de\/wp-json\/wp\/v2\/product_cat?post=279988"},{"taxonomy":"product_tag","embeddable":true,"href":"https:\/\/www.huntersfriend.eu\/de\/wp-json\/wp\/v2\/product_tag?post=279988"}],"curies":[{"name":"wp","href":"https:\/\/api.w.org\/{rel}","templated":true}]}}