{"id":279987,"date":"2024-11-28T10:50:52","date_gmt":"2025-06-23T07:04:58","guid":{"rendered":"https:\/\/www.huntersfriend.eu\/product\/vpa-diamantschleifstein-doppelseitig\/"},"modified":"2025-08-26T10:45:44","modified_gmt":"2025-08-26T08:45:44","slug":"vpa-diamantschleifstein-doppelseitig","status":"publish","type":"product","link":"https:\/\/www.huntersfriend.eu\/de\/produkt\/vpa-diamantschleifstein-doppelseitig\/","title":{"rendered":"VPA Diamantschleifstein &#8211; doppelseitig"},"content":{"rendered":"<p>Pr\u00e4sentieren wir Ihnen den doppelseitigen DMT Diamantstein! Dieses vielseitige Werkzeug wurde entwickelt, um sicherzustellen, dass Ihre Jagdausr\u00fcstung stets in bestem Zustand ist. Es bietet mehrere Optionen, um Ihren Sch\u00e4rfbed\u00fcrfnissen gerecht zu werden:  <\/p>\n<ul>\n<li><strong>325\/600 K\u00f6rnung<\/strong>: 325er-Seite f\u00fcr grobes Schleifen und eine 600er-Seite, um Ihre Jagdspitzen rasiermesserscharf zu machen.<\/li>\n<li><strong>600\/1200 K\u00f6rnung<\/strong>: F\u00fcr diejenigen, die eine feinere Bearbeitung w\u00fcnschen, ist die 600er-Seite perfekt f\u00fcr die t\u00e4gliche Pflege, w\u00e4hrend die 1200er-Seite Ihre Jagdspitzen auf Hochglanz poliert.<\/li>\n<\/ul>\n<p>Dieses Werkzeug ist auf Langlebigkeit ausgelegt und h\u00e4lt unz\u00e4hligen Sch\u00e4rfdurchg\u00e4ngen stand, was es zu einer zuverl\u00e4ssigen Wahl f\u00fcr den langfristigen Einsatz macht. Halten Sie Ihre Jagdspitzen mit unserer zuverl\u00e4ssigen Sch\u00e4rfl\u00f6sung rasiermesserscharf und einsatzbereit. <\/p>\n<p>Erh\u00e4ltlich in zwei Gr\u00f6\u00dfen:<\/p>\n<ul>\n<li><strong>3 \u201ex 8\u201c<\/strong>: Gro\u00df und inklusive rutschfester Matte f\u00fcr Stabilit\u00e4t, erh\u00e4ltlich in den K\u00f6rnungen 325\/600 und 600\/1200.<\/li>\n<li><strong>3 \u201ex 2\u201c<\/strong>: Kompakt und tragbar (ohne rutschfeste Matte), erh\u00e4ltlich in den K\u00f6rnungen 325\/600 und 600\/1200.<\/li>\n<\/ul>\n<p>Die 3 x 8 Gr\u00f6\u00dfe ist auch hervorragend geeignet f\u00fcr die Pflege Ihrer Messer!<\/p>\n","protected":false},"excerpt":{"rendered":"<p>Doppelseitig &#8211; zwei K\u00f6rnungen<\/p>\n","protected":false},"featured_media":275201,"comment_status":"open","ping_status":"closed","template":"","meta":[],"product_brand":[],"product_cat":[1134],"product_tag":[],"class_list":{"0":"post-279987","1":"product","2":"type-product","3":"status-publish","4":"has-post-thumbnail","6":"product_cat-messer-aexte-und-schaerfer","8":"first","9":"instock","10":"taxable","11":"shipping-taxable","12":"purchasable","13":"product-type-variable"},"composite_virtual":false,"composite_layout":"","composite_add_to_cart_form_location":"","composite_editable_in_cart":false,"composite_sold_individually_context":"","composite_shop_price_calc":"","composite_components":[],"composite_scenarios":[],"group_of_quantity":0,"min_quantity":0,"max_quantity":"","exclude_order_quantity_value_rules":"no","exclude_category_quantity_rules":"no","combine_variations":"no","exclude_global_add_ons":[],"addons":[],"_links":{"self":[{"href":"https:\/\/www.huntersfriend.eu\/de\/wp-json\/wp\/v2\/product\/279987","targetHints":{"allow":["GET"]}}],"collection":[{"href":"https:\/\/www.huntersfriend.eu\/de\/wp-json\/wp\/v2\/product"}],"about":[{"href":"https:\/\/www.huntersfriend.eu\/de\/wp-json\/wp\/v2\/types\/product"}],"replies":[{"embeddable":true,"href":"https:\/\/www.huntersfriend.eu\/de\/wp-json\/wp\/v2\/comments?post=279987"}],"wp:featuredmedia":[{"embeddable":true,"href":"https:\/\/www.huntersfriend.eu\/de\/wp-json\/wp\/v2\/media\/275201"}],"wp:attachment":[{"href":"https:\/\/www.huntersfriend.eu\/de\/wp-json\/wp\/v2\/media?parent=279987"}],"wp:term":[{"taxonomy":"product_brand","embeddable":true,"href":"https:\/\/www.huntersfriend.eu\/de\/wp-json\/wp\/v2\/product_brand?post=279987"},{"taxonomy":"product_cat","embeddable":true,"href":"https:\/\/www.huntersfriend.eu\/de\/wp-json\/wp\/v2\/product_cat?post=279987"},{"taxonomy":"product_tag","embeddable":true,"href":"https:\/\/www.huntersfriend.eu\/de\/wp-json\/wp\/v2\/product_tag?post=279987"}],"curies":[{"name":"wp","href":"https:\/\/api.w.org\/{rel}","templated":true}]}}