{"id":279986,"date":"2024-12-03T11:53:36","date_gmt":"2024-12-03T09:53:36","guid":{"rendered":"https:\/\/www.huntersfriend.eu\/product\/hoyt-carbon-rx-9-bogen\/"},"modified":"2025-06-23T09:04:57","modified_gmt":"2025-06-23T07:04:57","slug":"hoyt-carbon-rx-9-bogen","status":"publish","type":"product","link":"https:\/\/www.huntersfriend.eu\/de\/produkt\/hoyt-carbon-rx-9-bogen\/","title":{"rendered":"Hoyt Carbon RX-9 Bogen"},"content":{"rendered":"<p><span data-text-color=\"alert\"><strong>Bitte \u00fcberpr\u00fcfen Sie unsere Hoyt RX-9 Lagerbestandsseite, um zu sehen, ob wir den Bogen vorr\u00e4tig haben, bevor Sie hier bestellen. Die Lieferzeiten betragen etwa 1-2 Wochen f\u00fcr B\u00f6gen, die bei Hoyt Europe auf Lager sind, und 8-10 Wochen f\u00fcr Sonderbestellungen von Hoyt USA. Bitte kontaktieren Sie uns direkt f\u00fcr genauere Informationen zur Verf\u00fcgbarkeit.  <\/strong><\/span><\/p>\n<p><strong>Hoyt Carbon RX-9 2025 Compound-Bogen \u2013 Leistung, Pr\u00e4zision und Leichtigkeit der n\u00e4chsten Generation<\/strong><\/p>\n<p>Hoyt hat mit der Einf\u00fchrung des mit Spannung erwarteten Hoyt Carbon RX-9 2025 Modells erneut einen neuen Standard in der Welt der Compound-B\u00f6gen gesetzt. Viele dachten, der beliebte RX-8 k\u00f6nnte nicht verbessert werden, doch Hoyt bewies das Gegenteil. Der neue RX-9 kombiniert innovative Rahmengeometrie, aktualisierte Wurfarme und Wurfarmtaschen sowie das hocheffiziente HBX Gen 4 Nockensystem. Das Ergebnis ist ein unglaublich pr\u00e4ziser, leichter und extrem stabiler Jagdbogen, der die Industriestandards anhebt.   <\/p>\n<p><strong>Au\u00dfergew\u00f6hnliche Effizienz<\/strong> Eines der bedeutendsten Merkmale des RX-9 ist seine au\u00dfergew\u00f6hnliche Effizienz. Im Vergleich zu seinem Vorg\u00e4nger, dem RX-8, liefert der RX-9 eine Steigerung der FPS (Fu\u00df pro Sekunde) \u00fcber alle verf\u00fcgbaren Zuggewichte und -l\u00e4ngen hinweg \u2013 in einigen F\u00e4llen bis zu fast 20 FPS mehr. Diese Leistungsverbesserung wurde erreicht, w\u00e4hrend der Bogen gleichzeitig leichter und der Auszug geschmeidiger wurde. Dies wird durch die aktualisierten Wurfarme, Wurfarmtaschen und die \u00fcberarbeitete Rahmengeometrie erm\u00f6glicht. Der gr\u00f6\u00dfte Verdienst geb\u00fchrt jedoch dem neuen HBX Gen 4 Nocken, dessen optimiertes Modulsystem sicherstellt, dass keine Energie oder Leistung verloren geht. Der RX-9 maximiert die Kraft bei jedem Schuss, unabh\u00e4ngig von Zuggewicht oder -l\u00e4nge.     <\/p>\n<p><strong>Neu gestaltete Rahmengeometrie<\/strong> Der Rahmen des RX-9 wurde neu gestaltet, um die Gesamteffizienz und Steifigkeit zu verbessern. Diese neue Geometrie erh\u00f6ht nicht nur die Stabilit\u00e4t, sondern reduziert auch potenzielle Fehlerquellen w\u00e4hrend des Schusses. Das Ergebnis ist ein Bogen, der \u00e4u\u00dferst verzeihend und pr\u00e4zise ist, was besonders in anspruchsvollen Jagdsituationen entscheidend ist.  <\/p>\n<p><strong>HBX Gen 4 Nockensystem<\/strong> Der neue HBX Gen 4 Nocken ist das Herzst\u00fcck des RX-9. Dieses verbesserte Modulsystem ist in den Modulen #1\u2013#5 optimiert und stellt sicher, dass bei keiner Zugl\u00e4nge oder -gewicht Leistung eingeb\u00fc\u00dft wird. Zus\u00e4tzlich bietet das System \u201eHard wall\u201c und \u201eX Hard wall\u201c Optionen, die es dem Sch\u00fctzen erm\u00f6glichen, das Zuggef\u00fchl individuell anzupassen. Dies bedeutet, dass Sie den Bogen perfekt auf Ihre Pr\u00e4ferenzen abstimmen k\u00f6nnen, ohne Kompromisse bei der Leistung eingehen zu m\u00fcssen.   <\/p>\n<p><strong>Aktualisierte Wurfarme und Wurfarmtaschen<\/strong> Die Wurfarme und Wurfarmtaschen des RX-9 wurden neu gestaltet, um sicherzustellen, dass Effizienz und Geschwindigkeit beibehalten werden, auch wenn die Zugphase geschmeidiger wird. Dies bedeutet, dass der Bogen sowohl angenehm zu ziehen als auch extrem effizient beim Loslassen ist. In Kombination mit dem neu gestalteten Rahmen machen diese Aktualisierungen den RX-9 zu einem der leistungsst\u00e4rksten und zuverl\u00e4ssigsten Jagdb\u00f6gen auf dem Markt.  <\/p>\n<p><strong>\u201eDead in the Hand\u201c Kohlefaserkonstruktion<\/strong> Hoyt hat die Kohlefasertechnologie mit dem RX-9 Bogen auf die n\u00e4chste Stufe gehoben. Die meisten Karbonb\u00f6gen zielen darauf ab, das Handgef\u00fchl nach der Freigabe zu reduzieren, aber der RX-9 eliminiert es fast vollst\u00e4ndig. Diese \u201eDead in the Hand\u201c Funktion sorgt daf\u00fcr, dass der Bogen nach der Freigabe ruhig und leise bleibt, was die Genauigkeit verbessert und die Erm\u00fcdung des Sch\u00fctzen w\u00e4hrend langer Jagdtage reduziert.  <\/p>\n<p><strong>Perfekte Synergie mit Hoyt Zubeh\u00f6r<\/strong> Der RX-9 ist so konzipiert, dass er sich nahtlos mit Hoyt-Zubeh\u00f6r integrieren l\u00e4sst. Dies gew\u00e4hrleistet, dass Ihr System so stabil, zuverl\u00e4ssig und anpassungsf\u00e4hig wie m\u00f6glich ist. Hoyt-Zubeh\u00f6r wie Stabilisatoren, Visiere und Ausl\u00f6ser erg\u00e4nzen die Eigenschaften des RX-9 und machen das gesamte Setup zu mehr als der Summe seiner Teile.  <\/p>\n<p><strong>Verbessertes 4-Spur-Tuning-System<\/strong> Das neue, verbesserte 4-Spur-Tuning-System erm\u00f6glicht ein effizientes und unkompliziertes Tuning. Dies macht die Einstellung des Bogens schnell und einfach, ohne komplizierte Prozesse. Weniger Zeit f\u00fcr das Tuning bedeutet mehr Zeit im Feld, was besonders f\u00fcr passionierte J\u00e4ger wichtig ist.  <\/p>\n<p><strong>Technische Spezifikationen:<\/strong><\/p>\n<ul>\n<li>Achse-zu-Achse-L\u00e4nge: 30,5 Zoll<\/li>\n<li>Standh\u00f6he: 6 1\/8 Zoll<\/li>\n<li>Abzugserleichterung: 75%, 80%, 85%<\/li>\n<li>IBO-Geschwindigkeit: 342 FPS<\/li>\n<li>Gewicht: 4 lbs<\/li>\n<li>Zugl\u00e4nge: 25 \u201e\u2013 30\u201c (mit entsprechenden Modulen, \u00bc \u201eAnpassungen)<br \/>\nMods 1-5 &#8211; 25-26\u201c \/ 26,25-27 \u201e\/ 27,25-28\u201c \/ 28,25-29 \u201e\/ 29,25-30\u201c \/<\/li>\n<li>Zuggewicht: 40\u201350, 50\u201360, 55\u201365, 60\u201370, 65\u201375, 70\u201380 lbs<\/li>\n<li>Nocke\/Modul: HBX Gen 4 Nocke<\/li>\n<li>H\u00e4ndigkeit: rechts- und linksh\u00e4ndig<\/li>\n<li>Standardfarben: bourbon, tombstone, wilderness, blackout<\/li>\n<li>Jagdfarben: Realtree APX, Mossy Oak Bottomland, Optifade Subalpine, Optifade Elevated II, Kuiu Verde, Origin Raptor Highland, Firstlite Cerca<\/li>\n<\/ul>\n<p><strong>Vielseitigkeit und Anpassungsf\u00e4higkeit<\/strong> Der RX-9 bietet eine gro\u00dfe Bandbreite an Zugl\u00e4ngen und Zuggewichten, was ihn f\u00fcr eine Vielzahl von Sch\u00fctzen und Jagdsituationen geeignet macht. Abzugserleichterungsoptionen von 75%, 80% und 85% erm\u00f6glichen es Ihnen, das Gef\u00fchl und die Kontrolle des Bogens entsprechend Ihren Bed\u00fcrfnissen anzupassen. <\/p>\n<p><strong>\u00c4sthetik und Oberfl\u00e4che<\/strong> Der Bogen ist in mehreren stilvollen Farben erh\u00e4ltlich. Standardfarben wie Bourbon, Tombstone, Wilderness und Blackout bieten ein klassisches Erscheinungsbild, w\u00e4hrend Jagdfarben wie Realtree APX und Optifade Subalpine Ihnen helfen, sich w\u00e4hrend der Jagd in Ihrer Umgebung zu tarnen. <\/p>\n<p><strong>Zusammenfassung<\/strong> Der Hoyt Carbon RX-9 2025 Compound-Bogen ist f\u00fcr J\u00e4ger und Bogensch\u00fctzen konzipiert, die nichts Geringeres als das Beste verlangen. Seine Kombination aus Kraft, Leichtigkeit und Pr\u00e4zision macht ihn zum f\u00fchrenden Jagdbogen auf dem Markt. Die neu gestaltete Rahmengeometrie, die aktualisierten Wurfarm und das erstklassige HBX Gen 4 Nockensystem gew\u00e4hrleisten, dass der RX-9 in jeder Situation eine zuverl\u00e4ssige Leistung erbringt.  <\/p>\n<p>Ob Sie ein erfahrener Sch\u00fctze sind oder gerade erst Ihre Bogenschie\u00dfkarriere beginnen, der RX-9 bietet Funktionen, die Ihnen helfen werden, Ihre Ziele zu erreichen. Seine Anpassungsf\u00e4higkeit, Effizienz und sein Komfort machen ihn zu einer Investition, die sich bei jedem Schuss auszahlt. <\/p>\n<p><strong>Warum sollten Sie sich f\u00fcr den Hoyt Carbon RX-9 entscheiden?<\/strong><\/p>\n<ul>\n<li><strong>Erstklassige Leistung<\/strong>: Erh\u00f6hte FPS-Geschwindigkeit und Effizienz \u00fcber alle Zuggewichte und -l\u00e4ngen hinweg.<\/li>\n<li><strong>Leichtgewichtiges Design<\/strong>: Mit einem Gewicht von nur 4 lbs ist der Bogen leicht zu tragen und \u00fcber l\u00e4ngere Zeitr\u00e4ume zu handhaben.<\/li>\n<li><strong>Anpassungsf\u00e4higkeit<\/strong>: Eine breite Palette an Zugl\u00e4ngen, -gewichten und Let-off-Optionen.<\/li>\n<li><strong>Komfort<\/strong>: Die \u201eDead in the Hand\u201c Konstruktion reduziert das Handgef\u00fchl und verbessert die Schussqualit\u00e4t.<\/li>\n<li><strong>Zuverl\u00e4ssigkeit<\/strong>: Hoyts renommierte Qualit\u00e4t und Haltbarkeit gew\u00e4hrleisten, dass der Bogen Ihnen \u00fcber Jahre hinweg dienen wird.<\/li>\n<li><strong>Kompatibilit\u00e4t und Zubeh\u00f6r<\/strong>: Der RX-9 ist darauf ausgelegt, nahtlos mit Hoyt-Zubeh\u00f6r zu funktionieren, ist aber auch mit vielen anderen Zubeh\u00f6rteilen auf dem Markt kompatibel, sodass Sie Ihren Bogen genau nach Ihren Vorlieben anpassen k\u00f6nnen.<\/li>\n<\/ul>\n<p><strong>Hinweis<\/strong>: Die Lieferzeiten k\u00f6nnen je nach Verf\u00fcgbarkeit variieren und zwischen 1 und 8 Wochen betragen. Bitte kontaktieren Sie uns vor der Bestellung, um sich \u00fcber beschleunigte Lieferoptionen zu informieren. <\/p>\n","protected":false},"excerpt":{"rendered":"<p>Bitte \u00fcberpr\u00fcfen Sie unsere Hoyt RX-9 Lagerbestandsseite, um zu sehen, ob wir den Bogen vorr\u00e4tig haben, bevor Sie hier bestellen. Die Lieferzeiten betragen etwa 1-2 Wochen f\u00fcr B\u00f6gen, die bei Hoyt Europe auf Lager sind, und 8-10 Wochen f\u00fcr Sonderbestellungen von Hoyt USA. Bitte kontaktieren Sie uns direkt f\u00fcr genauere Informationen zur Verf\u00fcgbarkeit. Hoyt Carbon [&#8230;]\n","protected":false},"featured_media":275547,"comment_status":"open","ping_status":"closed","template":"","meta":[],"product_brand":[],"product_cat":[1145],"product_tag":[],"class_list":{"0":"post-279986","1":"product","2":"type-product","3":"status-publish","4":"has-post-thumbnail","6":"product_cat-sonstiges","7":"product_shipping_class-big-de","9":"first","10":"outofstock","11":"taxable","12":"shipping-taxable","13":"purchasable","14":"product-type-simple"},"composite_virtual":false,"composite_layout":"","composite_add_to_cart_form_location":"","composite_editable_in_cart":false,"composite_sold_individually_context":"","composite_shop_price_calc":"","composite_components":[],"composite_scenarios":[],"group_of_quantity":0,"min_quantity":0,"max_quantity":"","exclude_order_quantity_value_rules":"no","exclude_category_quantity_rules":"no","combine_variations":"no","exclude_global_add_ons":false,"addons":[{"name":"Bogenhand","type":"multiple_choice","position":0,"required":true,"title_format":"label","default":"","description_enable":false,"description":null,"placeholder_enable":false,"placeholder":null,"display":"select","restrictions_type":"any_text","adjust_price":false,"price":"","price_type":"flat_fee","restrictions":false,"min":"0","max":"0","options":[{"label":"Rechte Hand","price":"","price_type":"flat_fee","image":0,"visibility":true},{"label":"Linke Hand","price":"","price_type":"flat_fee","image":0,"visibility":true}],"id":1733311198},{"name":"Auszugsl\u00e4nge","type":"multiple_choice","position":1,"required":true,"title_format":"label","default":"","description_enable":false,"description":null,"placeholder_enable":false,"placeholder":null,"display":"select","restrictions_type":"any_text","adjust_price":false,"price":"","price_type":"flat_fee","restrictions":false,"min":"0","max":"0","options":[{"label":"25-26\" Mod 1","price":"","price_type":"flat_fee","image":0,"visibility":true},{"label":"26,25-27\" Mod 2","price":"","price_type":"flat_fee","image":0,"visibility":true},{"label":"27,25-28\" Mod 3","price":"","price_type":"flat_fee","image":0,"visibility":true},{"label":"28,25-29\" Mod 4","price":"","price_type":"flat_fee","image":0,"visibility":true},{"label":"29,25-30\" Mod 5","price":"","price_type":"flat_fee","image":0,"visibility":true}],"id":1733311200},{"name":"Farbe","type":"multiple_choice","position":2,"required":true,"title_format":"label","default":"","description_enable":false,"description":null,"placeholder_enable":false,"placeholder":null,"display":"select","restrictions_type":"any_text","adjust_price":false,"price":"","price_type":"flat_fee","restrictions":false,"min":"0","max":"0","options":[{"label":"Black out","price":"","price_type":"flat_fee","image":0,"visibility":true},{"label":"Wilderness","price":"","price_type":"flat_fee","image":0,"visibility":true},{"label":"Bourbon","price":"","price_type":"flat_fee","image":0,"visibility":true},{"label":"Tombstone","price":"","price_type":"flat_fee","image":0,"visibility":true},{"label":"Realtree APX","price":"90","price_type":"flat_fee","image":0,"visibility":true},{"label":"Kuiu Verde","price":"90","price_type":"flat_fee","image":0,"visibility":true},{"label":"Optifade Elevated II","price":"90","price_type":"flat_fee","image":0,"visibility":true},{"label":"Optifade Subalpine","price":"90","price_type":"flat_fee","image":0,"visibility":true},{"label":"Origin Raptor Highland","price":"90","price_type":"flat_fee","image":0,"visibility":true},{"label":"First Lite Cerca","price":"90","price_type":"flat_fee","image":0,"visibility":true},{"label":"Mossy Oak Bottomland","price":"155","price_type":"flat_fee","image":0,"visibility":true},{"label":"Realtree APX Bone Collector","price":"155","price_type":"flat_fee","image":0,"visibility":true},{"label":"Black out Bone Collector","price":"155","price_type":"flat_fee","image":0,"visibility":true},{"label":"Black out Keep Hammering","price":"155","price_type":"flat_fee","image":0,"visibility":true}],"id":1733311201},{"name":"Zuggewicht","type":"multiple_choice","position":3,"required":true,"title_format":"label","default":"","description_enable":false,"description":null,"placeholder_enable":false,"placeholder":null,"display":"select","restrictions_type":"any_text","adjust_price":false,"price":"","price_type":"flat_fee","restrictions":false,"min":"0","max":"0","options":[{"label":"40-50#","price":"","price_type":"flat_fee","image":0,"visibility":true},{"label":"50-60#","price":"","price_type":"flat_fee","image":0,"visibility":true},{"label":"55-65#","price":"","price_type":"flat_fee","image":0,"visibility":true},{"label":"60-70#","price":"","price_type":"flat_fee","image":0,"visibility":true},{"label":"65-75#","price":"","price_type":"flat_fee","image":0,"visibility":true},{"label":"70-80#","price":"","price_type":"flat_fee","image":0,"visibility":true}],"id":1733311199}],"_links":{"self":[{"href":"https:\/\/www.huntersfriend.eu\/de\/wp-json\/wp\/v2\/product\/279986","targetHints":{"allow":["GET"]}}],"collection":[{"href":"https:\/\/www.huntersfriend.eu\/de\/wp-json\/wp\/v2\/product"}],"about":[{"href":"https:\/\/www.huntersfriend.eu\/de\/wp-json\/wp\/v2\/types\/product"}],"replies":[{"embeddable":true,"href":"https:\/\/www.huntersfriend.eu\/de\/wp-json\/wp\/v2\/comments?post=279986"}],"wp:featuredmedia":[{"embeddable":true,"href":"https:\/\/www.huntersfriend.eu\/de\/wp-json\/wp\/v2\/media\/275547"}],"wp:attachment":[{"href":"https:\/\/www.huntersfriend.eu\/de\/wp-json\/wp\/v2\/media?parent=279986"}],"wp:term":[{"taxonomy":"product_brand","embeddable":true,"href":"https:\/\/www.huntersfriend.eu\/de\/wp-json\/wp\/v2\/product_brand?post=279986"},{"taxonomy":"product_cat","embeddable":true,"href":"https:\/\/www.huntersfriend.eu\/de\/wp-json\/wp\/v2\/product_cat?post=279986"},{"taxonomy":"product_tag","embeddable":true,"href":"https:\/\/www.huntersfriend.eu\/de\/wp-json\/wp\/v2\/product_tag?post=279986"}],"curies":[{"name":"wp","href":"https:\/\/api.w.org\/{rel}","templated":true}]}}