{"id":279983,"date":"2024-11-28T10:44:08","date_gmt":"2025-06-23T07:04:56","guid":{"rendered":"https:\/\/www.huntersfriend.eu\/product\/maximal-genericproductname-3er-pack\/"},"modified":"2026-03-27T10:17:34","modified_gmt":"2026-03-27T08:17:34","slug":"maximal-genericproductname-3er-pack","status":"publish","type":"product","link":"https:\/\/www.huntersfriend.eu\/de\/produkt\/maximal-genericproductname-3er-pack\/","title":{"rendered":"Maximal GenericProductName 3er-Pack"},"content":{"rendered":"<p>Eine erschwingliche einteilige &amp; komplett aus Stahl gefertigte feststehende Klinge mit Kontaktschnitt ist konzipiert, um die Pr\u00e4zision zu maximieren und eine maximale Penetration zu gew\u00e4hrleisten! Die Klingen sind rasiermesserscharf und bieten den bestm\u00f6glichen Kontaktschnitt. Da es sich um ein einteiliges Design handelt, werden Sie niemals Probleme mit losen oder verlorenen Klingen erfahren!  <\/p>\n<p>Erh\u00e4ltlich in 100gr &amp; 125gr.<\/p>\n","protected":false},"excerpt":{"rendered":"<p>100 oder 125 Grain 3er-Pack<\/p>\n","protected":false},"featured_media":275213,"comment_status":"open","ping_status":"closed","template":"","meta":[],"product_brand":[],"product_cat":[1079],"product_tag":[],"class_list":{"0":"post-279983","1":"product","2":"type-product","3":"status-publish","4":"has-post-thumbnail","6":"product_cat-jagd-spitzen","8":"first","9":"instock","10":"taxable","11":"shipping-taxable","12":"purchasable","13":"product-type-variable"},"composite_virtual":false,"composite_layout":"","composite_add_to_cart_form_location":"","composite_editable_in_cart":false,"composite_sold_individually_context":"","composite_shop_price_calc":"","composite_components":[],"composite_scenarios":[],"group_of_quantity":0,"min_quantity":0,"max_quantity":"","exclude_order_quantity_value_rules":"no","exclude_category_quantity_rules":"no","combine_variations":"no","exclude_global_add_ons":[],"addons":[],"_links":{"self":[{"href":"https:\/\/www.huntersfriend.eu\/de\/wp-json\/wp\/v2\/product\/279983","targetHints":{"allow":["GET"]}}],"collection":[{"href":"https:\/\/www.huntersfriend.eu\/de\/wp-json\/wp\/v2\/product"}],"about":[{"href":"https:\/\/www.huntersfriend.eu\/de\/wp-json\/wp\/v2\/types\/product"}],"replies":[{"embeddable":true,"href":"https:\/\/www.huntersfriend.eu\/de\/wp-json\/wp\/v2\/comments?post=279983"}],"wp:featuredmedia":[{"embeddable":true,"href":"https:\/\/www.huntersfriend.eu\/de\/wp-json\/wp\/v2\/media\/275213"}],"wp:attachment":[{"href":"https:\/\/www.huntersfriend.eu\/de\/wp-json\/wp\/v2\/media?parent=279983"}],"wp:term":[{"taxonomy":"product_brand","embeddable":true,"href":"https:\/\/www.huntersfriend.eu\/de\/wp-json\/wp\/v2\/product_brand?post=279983"},{"taxonomy":"product_cat","embeddable":true,"href":"https:\/\/www.huntersfriend.eu\/de\/wp-json\/wp\/v2\/product_cat?post=279983"},{"taxonomy":"product_tag","embeddable":true,"href":"https:\/\/www.huntersfriend.eu\/de\/wp-json\/wp\/v2\/product_tag?post=279983"}],"curies":[{"name":"wp","href":"https:\/\/api.w.org\/{rel}","templated":true}]}}