{"id":279981,"date":"2024-11-27T01:30:12","date_gmt":"2025-06-23T07:04:55","guid":{"rendered":"https:\/\/www.huntersfriend.eu\/product\/easton-bogenschiessen-essentials-pro-shop-werkzeugset\/"},"modified":"2025-06-23T09:04:55","modified_gmt":"2025-06-23T07:04:55","slug":"easton-bogenschiessen-essentials-pro-shop-werkzeugset","status":"publish","type":"product","link":"https:\/\/www.huntersfriend.eu\/de\/produkt\/easton-bogenschiessen-essentials-pro-shop-werkzeugset\/","title":{"rendered":"Easton Bogenschie\u00dfen-Essentials Pro-Shop-Werkzeugset"},"content":{"rendered":"<p><span class=\"jCAhz ChMk0b\"><span class=\"ryNqvb\">Easton Essentials 12-teiliges Easton Pro-Shop-Werkzeugset f\u00fcr Bogenservice. <\/span><\/span><span class=\"jCAhz ChMk0b\"><span class=\"ryNqvb\">Eine angemessene Wartung des Bogens ist von gr\u00f6\u00dfter Bedeutung. <\/span><\/span><span class=\"jCAhz ChMk0b\"><span class=\"ryNqvb\">In dem vielseitigen Easton Essentials Pro-Shop-Werkzeugset finden Sie alles Erforderliche f\u00fcr die allgemeine Instandhaltung Ihrer gesch\u00e4tzten Investition. <\/span><\/span><span class=\"jCAhz ChMk0b\"><span class=\"ryNqvb\">Dank der praktischen Aufbewahrungsbox begleitet es Sie sowohl auf die 3D-Strecke als auch in den Wald. <\/span><\/span><\/p>\n<p><span class=\"jCAhz\"><span class=\"ryNqvb\">Im Lieferumfang enthalten:<\/p>\n<p><\/span><\/span><span class=\"jCAhz ChMk0b\"><span class=\"ryNqvb\">Inbusschl\u00fcssels\u00e4tze in XL- und Kleingr\u00f6\u00dfe<br \/>\n<\/span><\/span>Werkzeug zum Entfernen und Installieren von Nocken<br \/>\n<span class=\"jCAhz ChMk0b\"><span class=\"ryNqvb\">Pfeilzieher<br \/>\n<\/span><\/span><span class=\"jCAhz ChMk0b\"><span class=\"ryNqvb\">Sehnen-Wachs<br \/>\n<\/span><\/span><span class=\"jCAhz ChMk0b\"><span class=\"ryNqvb\">Flechtfaden<br \/>\n<\/span><\/span><span class=\"jCAhz ChMk0b\"><span class=\"ryNqvb\">D-Loop-Schnur<br \/>\n<\/span><\/span><span class=\"jCAhz ChMk0b\"><span class=\"ryNqvb\">Installationswerkzeug f\u00fcr Jagdspitzen<br \/>\n<\/span><\/span><span class=\"jCAhz ChMk0b\"><span class=\"ryNqvb\">Bogenlehre<br \/>\n<\/span><\/span><span class=\"jCAhz ChMk0b\"><span class=\"ryNqvb\">D-Loop-Zange<br \/>\n<\/span><\/span><span class=\"jCAhz ChMk0b\"><span class=\"ryNqvb\">Pfeil-Pr\u00e4parationswerkzeugset mit B\u00fcrsten f\u00fcr Pfeile<br \/>\n<\/span><\/span><span class=\"jCAhz ChMk0b\"><span class=\"ryNqvb\">Aufbewahrungsbox mit Rei\u00dfverschluss<\/span><\/span><\/p>\n","protected":false},"excerpt":{"rendered":"<p>12-teiliges Wartungsset<\/p>\n","protected":false},"featured_media":275228,"comment_status":"open","ping_status":"closed","template":"","meta":[],"product_brand":[],"product_cat":[1137,1254,1256],"product_tag":[],"class_list":{"0":"post-279981","1":"product","2":"type-product","3":"status-publish","4":"has-post-thumbnail","6":"product_cat-peeps-nocken-kisserbottons-und-zubehoer","7":"product_cat-justage-werkzeuge","8":"product_cat-verschiedenes-bogenschiessen","10":"first","11":"instock","12":"taxable","13":"shipping-taxable","14":"purchasable","15":"product-type-simple"},"composite_virtual":false,"composite_layout":"","composite_add_to_cart_form_location":"","composite_editable_in_cart":false,"composite_sold_individually_context":"","composite_shop_price_calc":"","composite_components":[],"composite_scenarios":[],"group_of_quantity":0,"min_quantity":0,"max_quantity":"","exclude_order_quantity_value_rules":"no","exclude_category_quantity_rules":"no","combine_variations":"no","exclude_global_add_ons":[],"addons":[],"_links":{"self":[{"href":"https:\/\/www.huntersfriend.eu\/de\/wp-json\/wp\/v2\/product\/279981","targetHints":{"allow":["GET"]}}],"collection":[{"href":"https:\/\/www.huntersfriend.eu\/de\/wp-json\/wp\/v2\/product"}],"about":[{"href":"https:\/\/www.huntersfriend.eu\/de\/wp-json\/wp\/v2\/types\/product"}],"replies":[{"embeddable":true,"href":"https:\/\/www.huntersfriend.eu\/de\/wp-json\/wp\/v2\/comments?post=279981"}],"wp:featuredmedia":[{"embeddable":true,"href":"https:\/\/www.huntersfriend.eu\/de\/wp-json\/wp\/v2\/media\/275228"}],"wp:attachment":[{"href":"https:\/\/www.huntersfriend.eu\/de\/wp-json\/wp\/v2\/media?parent=279981"}],"wp:term":[{"taxonomy":"product_brand","embeddable":true,"href":"https:\/\/www.huntersfriend.eu\/de\/wp-json\/wp\/v2\/product_brand?post=279981"},{"taxonomy":"product_cat","embeddable":true,"href":"https:\/\/www.huntersfriend.eu\/de\/wp-json\/wp\/v2\/product_cat?post=279981"},{"taxonomy":"product_tag","embeddable":true,"href":"https:\/\/www.huntersfriend.eu\/de\/wp-json\/wp\/v2\/product_tag?post=279981"}],"curies":[{"name":"wp","href":"https:\/\/api.w.org\/{rel}","templated":true}]}}