{"id":279976,"date":"2024-11-21T10:04:14","date_gmt":"2025-06-23T07:04:51","guid":{"rendered":"https:\/\/www.huntersfriend.eu\/product\/hunter-futternapf\/"},"modified":"2026-02-25T10:37:36","modified_gmt":"2026-02-25T08:37:36","slug":"hunter-futternapf","status":"publish","type":"product","link":"https:\/\/www.huntersfriend.eu\/de\/produkt\/hunter-futternapf\/","title":{"rendered":"Hunter Futternapf"},"content":{"rendered":"<p><span class=\"jCAhz ChMk0b\"><span class=\"ryNqvb\">Der Hunter Hundefutternapf mit erh\u00f6hten R\u00e4ndern gew\u00e4hrleistet, dass Nahrung und Fl\u00fcssigkeiten bei der F\u00fctterung Ihres Haustieres nicht auf den Boden gelangen.<\/span><\/span> <span class=\"jCAhz ChMk0b\"><span class=\"ryNqvb\">Der rutschfeste Silikonnapf ist \u00e4u\u00dferst pflegeleicht und kann bei Bedarf sogar in der Sp\u00fclmaschine gereinigt werden. <\/span><\/span><\/p>\n<p><span class=\"jCAhz ChMk0b\"><span class=\"ryNqvb\">Gr\u00f6\u00dfenoptionen: <\/span><\/span><\/p>\n<p><span class=\"jCAhz ChMk0b\"><span class=\"ryNqvb\">Gr\u00f6\u00dfe S: 48 x 30cm, 312g, Farbe Anthrazit. <\/span><\/span><\/p>\n<p><span class=\"jCAhz ChMk0b\"><span class=\"ryNqvb\">Gr\u00f6\u00dfe M: 60 x 40cm, 510g, Farbe Anthrazit.<\/span><\/span><\/p>\n","protected":false},"excerpt":{"rendered":"<p>Der Hunter Hundefutternapf mit erh\u00f6hten R\u00e4ndern gew\u00e4hrleistet, dass Nahrung und Fl\u00fcssigkeiten bei der F\u00fctterung Ihres Haustieres nicht auf den Boden gelangen. Der rutschfeste Silikonnapf ist \u00e4u\u00dferst pflegeleicht und kann bei Bedarf sogar in der Sp\u00fclmaschine gereinigt werden. Gr\u00f6\u00dfenoptionen: Gr\u00f6\u00dfe S: 48 x 30cm, 312g, Farbe Anthrazit. Gr\u00f6\u00dfe M: 60 x 40cm, 510g, Farbe Anthrazit.<\/p>\n","protected":false},"featured_media":274924,"comment_status":"open","ping_status":"closed","template":"","meta":[],"product_brand":[],"product_cat":[1389],"product_tag":[],"class_list":{"0":"post-279976","1":"product","2":"type-product","3":"status-publish","4":"has-post-thumbnail","6":"product_cat-tarnschirme-fur-hunde","8":"first","9":"instock","10":"taxable","11":"shipping-taxable","12":"purchasable","13":"product-type-variable"},"composite_virtual":false,"composite_layout":"","composite_add_to_cart_form_location":"","composite_editable_in_cart":false,"composite_sold_individually_context":"","composite_shop_price_calc":"","composite_components":[],"composite_scenarios":[],"group_of_quantity":0,"min_quantity":0,"max_quantity":"","exclude_order_quantity_value_rules":"no","exclude_category_quantity_rules":"no","combine_variations":"no","exclude_global_add_ons":[],"addons":[],"_links":{"self":[{"href":"https:\/\/www.huntersfriend.eu\/de\/wp-json\/wp\/v2\/product\/279976","targetHints":{"allow":["GET"]}}],"collection":[{"href":"https:\/\/www.huntersfriend.eu\/de\/wp-json\/wp\/v2\/product"}],"about":[{"href":"https:\/\/www.huntersfriend.eu\/de\/wp-json\/wp\/v2\/types\/product"}],"replies":[{"embeddable":true,"href":"https:\/\/www.huntersfriend.eu\/de\/wp-json\/wp\/v2\/comments?post=279976"}],"wp:featuredmedia":[{"embeddable":true,"href":"https:\/\/www.huntersfriend.eu\/de\/wp-json\/wp\/v2\/media\/274924"}],"wp:attachment":[{"href":"https:\/\/www.huntersfriend.eu\/de\/wp-json\/wp\/v2\/media?parent=279976"}],"wp:term":[{"taxonomy":"product_brand","embeddable":true,"href":"https:\/\/www.huntersfriend.eu\/de\/wp-json\/wp\/v2\/product_brand?post=279976"},{"taxonomy":"product_cat","embeddable":true,"href":"https:\/\/www.huntersfriend.eu\/de\/wp-json\/wp\/v2\/product_cat?post=279976"},{"taxonomy":"product_tag","embeddable":true,"href":"https:\/\/www.huntersfriend.eu\/de\/wp-json\/wp\/v2\/product_tag?post=279976"}],"curies":[{"name":"wp","href":"https:\/\/api.w.org\/{rel}","templated":true}]}}