{"id":279973,"date":"2024-11-21T12:57:52","date_gmt":"2025-06-23T07:04:50","guid":{"rendered":"https:\/\/www.huntersfriend.eu\/product\/morakniv-eldris-lightduty-messer\/"},"modified":"2026-02-25T10:37:35","modified_gmt":"2026-02-25T08:37:35","slug":"morakniv-eldris-lightduty-messer","status":"publish","type":"product","link":"https:\/\/www.huntersfriend.eu\/de\/produkt\/morakniv-eldris-lightduty-messer\/","title":{"rendered":"Morakniv eldris LightDuty Messer"},"content":{"rendered":"<h3><span data-text-bg=\"primary\" data-text-color=\"secondary\"><em><strong>Bitte beachten Sie, dass wir dieses Messer aufgrund lokaler Einfuhrbeschr\u00e4nkungen nicht in das Vereinigte K\u00f6nigreich versenden k\u00f6nnen. Bitte beachten Sie die f\u00fcr Sie geltenden Messergesetze. <\/strong><\/em><\/span><\/h3>\n<p><span class=\"jCAhz ChMk0b\"><span class=\"ryNqvb\">Das Morakniv Eldris LightDuty Messer ist ein zuverl\u00e4ssiges Messer mit einer sehr kurzen, robusten Klinge.<\/span><\/span> <span class=\"jCAhz ChMk0b\"><span class=\"ryNqvb\">Das Messer eignet sich hervorragend f\u00fcr kleine Hilfestellungen im Alltag, aber auch f\u00fcr au\u00dfergew\u00f6hnliche Situationen.<\/span><\/span> <span class=\"jCAhz ChMk0b\"><span class=\"ryNqvb\">Ob Sie zu Hause, im Garten oder auf Outdoor- und Jagdausfl\u00fcgen sind, dieses Messer wird stets Verwendung finden. <\/span><\/span><span class=\"jCAhz ChMk0b\"><span class=\"ryNqvb\">Das Morakniv Eldris LightDuty Messer liegt perfekt in der Hand und passt in einen Rucksack, eine Hosentasche oder einen Werkzeugkasten.<\/span><\/span> <span class=\"jCAhz ChMk0b\"><span class=\"ryNqvb\">Dieses Messer kann auch als schnell zug\u00e4ngliches Messer verwendet werden, das um den Hals h\u00e4ngt. <\/span><\/span><span class=\"jCAhz ChMk0b\"><span class=\"ryNqvb\">Die 54 mm lange polierte Klinge dieses Messers ist aus hochwertigem rostfreiem Stahl gefertigt.<\/span><\/span> D<span class=\"jCAhz ChMk0b\"><span class=\"ryNqvb\">ie Klinge bleibt lange scharf und wird von Feuchtigkeit oder Oxiden nicht beeintr\u00e4chtigt.<\/span><\/span> <span class=\"jCAhz ChMk0b\"><span class=\"ryNqvb\">Der ergonomische Polymergriff bietet einen stabilen Halt f\u00fcr sicheres Schneiden.<\/span><\/span> <span class=\"jCAhz ChMk0b\"><span class=\"ryNqvb\">Es ist \u00e4u\u00dferst praktisch, dass das Messer sowohl f\u00fcr Rechts- als auch f\u00fcr Linksh\u00e4nder geeignet ist, da es von beiden Seiten in die Messerscheide eingef\u00fchrt werden kann. <\/span><\/span><\/p>\n<p><span class=\"jCAhz\"><span class=\"ryNqvb\">Abmessungen: <\/span><\/span><\/p>\n<p><span class=\"jCAhz ChMk0b\"><span class=\"ryNqvb\">Die L\u00e4nge der Klinge betr\u00e4gt etwa 5,4 cm.<br \/>\n<\/span><\/span><span class=\"jCAhz ChMk0b\"><span class=\"ryNqvb\">Gesamtl\u00e4nge circa 14,3 cm.<br \/>\n<\/span><\/span><span class=\"jCAhz\"><span class=\"ryNqvb\">Gewicht etwa 61 Gramm.<\/span><\/span><\/p>\n<p>In drei Farben erh\u00e4ltlich<\/p>\n","protected":false},"excerpt":{"rendered":"<p>Bitte beachten Sie, dass wir dieses Messer aufgrund lokaler Einfuhrbeschr\u00e4nkungen nicht in das Vereinigte K\u00f6nigreich versenden k\u00f6nnen. Bitte beachten Sie die f\u00fcr Sie geltenden Messergesetze. Das Morakniv Eldris LightDuty Messer ist ein zuverl\u00e4ssiges Messer mit einer sehr kurzen, robusten Klinge. Das Messer eignet sich hervorragend f\u00fcr kleine Hilfestellungen im Alltag, aber auch f\u00fcr au\u00dfergew\u00f6hnliche Situationen. [&#8230;]\n","protected":false},"featured_media":275029,"comment_status":"open","ping_status":"closed","template":"","meta":[],"product_brand":[],"product_cat":[1134],"product_tag":[],"class_list":{"0":"post-279973","1":"product","2":"type-product","3":"status-publish","4":"has-post-thumbnail","6":"product_cat-messer-aexte-und-schaerfer","8":"first","9":"outofstock","10":"taxable","11":"shipping-taxable","12":"purchasable","13":"product-type-variable"},"composite_virtual":false,"composite_layout":"","composite_add_to_cart_form_location":"","composite_editable_in_cart":false,"composite_sold_individually_context":"","composite_shop_price_calc":"","composite_components":[],"composite_scenarios":[],"group_of_quantity":0,"min_quantity":0,"max_quantity":"","exclude_order_quantity_value_rules":"no","exclude_category_quantity_rules":"no","combine_variations":"no","exclude_global_add_ons":[],"addons":[],"_links":{"self":[{"href":"https:\/\/www.huntersfriend.eu\/de\/wp-json\/wp\/v2\/product\/279973","targetHints":{"allow":["GET"]}}],"collection":[{"href":"https:\/\/www.huntersfriend.eu\/de\/wp-json\/wp\/v2\/product"}],"about":[{"href":"https:\/\/www.huntersfriend.eu\/de\/wp-json\/wp\/v2\/types\/product"}],"replies":[{"embeddable":true,"href":"https:\/\/www.huntersfriend.eu\/de\/wp-json\/wp\/v2\/comments?post=279973"}],"wp:featuredmedia":[{"embeddable":true,"href":"https:\/\/www.huntersfriend.eu\/de\/wp-json\/wp\/v2\/media\/275029"}],"wp:attachment":[{"href":"https:\/\/www.huntersfriend.eu\/de\/wp-json\/wp\/v2\/media?parent=279973"}],"wp:term":[{"taxonomy":"product_brand","embeddable":true,"href":"https:\/\/www.huntersfriend.eu\/de\/wp-json\/wp\/v2\/product_brand?post=279973"},{"taxonomy":"product_cat","embeddable":true,"href":"https:\/\/www.huntersfriend.eu\/de\/wp-json\/wp\/v2\/product_cat?post=279973"},{"taxonomy":"product_tag","embeddable":true,"href":"https:\/\/www.huntersfriend.eu\/de\/wp-json\/wp\/v2\/product_tag?post=279973"}],"curies":[{"name":"wp","href":"https:\/\/api.w.org\/{rel}","templated":true}]}}