{"id":279972,"date":"2024-11-20T11:07:58","date_gmt":"2024-11-20T09:07:58","guid":{"rendered":"https:\/\/www.huntersfriend.eu\/product\/hoyt-rx8-ultra-70-80-rh-bourbon-paket\/"},"modified":"2025-09-02T08:55:54","modified_gmt":"2025-09-02T06:55:54","slug":"hoyt-rx8-ultra-70-80-rh-bourbon-paket","status":"publish","type":"product","link":"https:\/\/www.huntersfriend.eu\/de\/produkt\/hoyt-rx8-ultra-70-80-rh-bourbon-paket\/","title":{"rendered":"Hoyt RX8 Ultra 70-80# RH Bourbon Paket"},"content":{"rendered":"<p>Hoyt RX8 Ultra 70-80# RH Bourbon Paket &#8211; Alles neu in der Originalverpackung mit voller Herstellergarantie!<\/p>\n<p><strong>Ein unglaubliches Angebot f\u00fcr ein Bogen-Paket, das wir speziell bestellt hatten und der Kunde leider stornieren musste. Die Ersparnis ist somit Ihre! <\/strong><\/p>\n<p>Dieses Sonderpaket k\u00f6nnte als nicht vorr\u00e4tig angezeigt werden, aber wir haben es tats\u00e4chlich auf Lager. Kontaktieren Sie uns, wenn Sie dennoch eine Best\u00e4tigung w\u00fcnschen: info@huntersfriend.eu <\/p>\n<p>Beinhaltet:<\/p>\n<p>1. Hoyt RX8 Ultra 70-80# Rechtshand Bourbon \u2013 Auszugsl\u00e4ngenbereiche 25-26 Zoll, 26,25-28 Zoll, 28,25-30 Zoll<br \/>\nAktuell 28,25-30 Zoll<\/p>\n<p>2. Hoyt Pfeilauflage Compound Integrate MX2<\/p>\n<p>3. Hoyt Superlite 2-teiliger K\u00f6cher f\u00fcr 6 Pfeile in Bourbon<\/p>\n<p>4. Hoyt 10&#8243; Pro Series Stabilisator in Bourbon<\/p>\n<p>5. Hoyt 8&#8243; Pro Series Stabilisator in Bourbon<\/p>\n<p>6. Hoyt Seitenstabilisator-Montagepaket SL<\/p>\n","protected":false},"excerpt":{"rendered":"<p>Hoyt RX8 Ultra 70-80# RH Bourbon Paket &#8211; Alles neu in der Originalverpackung mit voller Herstellergarantie! Ein unglaubliches Angebot f\u00fcr ein Bogen-Paket, das wir speziell bestellt hatten und der Kunde leider stornieren musste. Die Ersparnis ist somit Ihre! Dieses Sonderpaket k\u00f6nnte als nicht vorr\u00e4tig angezeigt werden, aber wir haben es tats\u00e4chlich auf Lager. Kontaktieren Sie [&#8230;]\n","protected":false},"featured_media":274861,"comment_status":"open","ping_status":"closed","template":"","meta":[],"product_brand":[],"product_cat":[1145],"product_tag":[],"class_list":{"0":"post-279972","1":"product","2":"type-product","3":"status-publish","4":"has-post-thumbnail","6":"product_cat-sonstiges","7":"product_shipping_class-big-de","9":"first","10":"outofstock","11":"taxable","12":"shipping-taxable","13":"purchasable","14":"product-type-simple"},"composite_virtual":false,"composite_layout":"","composite_add_to_cart_form_location":"","composite_editable_in_cart":false,"composite_sold_individually_context":"","composite_shop_price_calc":"","composite_components":[],"composite_scenarios":[],"group_of_quantity":0,"min_quantity":0,"max_quantity":"","exclude_order_quantity_value_rules":"no","exclude_category_quantity_rules":"no","combine_variations":"no","exclude_global_add_ons":[],"addons":[],"_links":{"self":[{"href":"https:\/\/www.huntersfriend.eu\/de\/wp-json\/wp\/v2\/product\/279972","targetHints":{"allow":["GET"]}}],"collection":[{"href":"https:\/\/www.huntersfriend.eu\/de\/wp-json\/wp\/v2\/product"}],"about":[{"href":"https:\/\/www.huntersfriend.eu\/de\/wp-json\/wp\/v2\/types\/product"}],"replies":[{"embeddable":true,"href":"https:\/\/www.huntersfriend.eu\/de\/wp-json\/wp\/v2\/comments?post=279972"}],"wp:featuredmedia":[{"embeddable":true,"href":"https:\/\/www.huntersfriend.eu\/de\/wp-json\/wp\/v2\/media\/274861"}],"wp:attachment":[{"href":"https:\/\/www.huntersfriend.eu\/de\/wp-json\/wp\/v2\/media?parent=279972"}],"wp:term":[{"taxonomy":"product_brand","embeddable":true,"href":"https:\/\/www.huntersfriend.eu\/de\/wp-json\/wp\/v2\/product_brand?post=279972"},{"taxonomy":"product_cat","embeddable":true,"href":"https:\/\/www.huntersfriend.eu\/de\/wp-json\/wp\/v2\/product_cat?post=279972"},{"taxonomy":"product_tag","embeddable":true,"href":"https:\/\/www.huntersfriend.eu\/de\/wp-json\/wp\/v2\/product_tag?post=279972"}],"curies":[{"name":"wp","href":"https:\/\/api.w.org\/{rel}","templated":true}]}}