{"id":279969,"date":"2024-11-21T12:12:49","date_gmt":"2025-06-23T07:04:49","guid":{"rendered":"https:\/\/www.huntersfriend.eu\/product\/opinel-junior-messer\/"},"modified":"2026-02-25T10:38:06","modified_gmt":"2026-02-25T08:38:06","slug":"opinel-junior-messer","status":"publish","type":"product","link":"https:\/\/www.huntersfriend.eu\/de\/produkt\/opinel-junior-messer\/","title":{"rendered":"Opinel Junior Messer"},"content":{"rendered":"<h3><span data-text-bg=\"primary\" data-text-color=\"secondary\"><em><strong>Bitte beachten Sie, dass wir dieses Messer aufgrund \u00f6rtlicher Einfuhrbeschr\u00e4nkungen nicht in das Vereinigte K\u00f6nigreich versenden k\u00f6nnen.<\/strong><\/em><\/span><\/h3>\n<p><span class=\"jCAhz ChMk0b\"><span class=\"ryNqvb\">Das Opinel Junior Klappmesser ist als erstes Messer f\u00fcr Kinder und Jugendliche konzipiert.<\/span><\/span> <span class=\"jCAhz ChMk0b\"><span class=\"ryNqvb\">Dieses Klappmesser verf\u00fcgt \u00fcber eine abgerundete Spitze.<\/span><\/span> <span class=\"jCAhz ChMk0b\"><span class=\"ryNqvb\">Opinel Junior ist eine Weiterentwicklung der seit Jahren beliebten Kindermesserserie.<\/span><\/span> <span class=\"jCAhz ChMk0b\"><span class=\"ryNqvb\">Das Material des Griffs besteht aus glasfaserverst\u00e4rktem Polyamid, welches sich durch seinen Griff und seine Haltbarkeit bew\u00e4hrt hat.<\/span><\/span> <span class=\"jCAhz ChMk0b\"><span class=\"ryNqvb\">Die Klinge wird w\u00e4hrend des Gebrauchs durch einen Virobloc-Ring arretiert.<\/span><\/span> <span class=\"jCAhz ChMk0b\"><span class=\"ryNqvb\">Die Klappklinge ist aus rostfreiem 12C27-Stahl gefertigt.<\/span><\/span> <span class=\"jCAhz ChMk0b\"><span class=\"ryNqvb\">Der Griff verf\u00fcgt zudem \u00fcber eine Signalpfeife. <\/span><\/span><\/p>\n<p><span class=\"jCAhz ChMk0b\"><span class=\"ryNqvb\">Abmessungen: <\/span><\/span><span class=\"jCAhz ChMk0b\"><span class=\"ryNqvb\">Klingenl\u00e4nge 7,5 cm.<br \/>\n<\/span><\/span><span class=\"jCAhz ChMk0b\"><span class=\"ryNqvb\">Gesamtl\u00e4nge 17,5 cm.<br \/>\n<\/span><\/span><span class=\"jCAhz\"><span class=\"ryNqvb\">Gewicht 47g.<\/span><\/span><\/p>\n<p><span class=\"jCAhz\"><span class=\"ryNqvb\">Achtung!<\/span><\/span> <span class=\"jCAhz ChMk0b\"><span class=\"ryNqvb\">Bei diesem Produkt handelt es sich um ein echtes, scharfes Messer, das nur mit Einwilligung und in Anwesenheit eines Erziehungsberechtigten verwendet werden darf.<\/span><\/span><\/p>\n","protected":false},"excerpt":{"rendered":"<p>Bitte beachten Sie, dass wir dieses Messer aufgrund \u00f6rtlicher Einfuhrbeschr\u00e4nkungen nicht in das Vereinigte K\u00f6nigreich versenden k\u00f6nnen. Das Opinel Junior Klappmesser ist als erstes Messer f\u00fcr Kinder und Jugendliche konzipiert. Dieses Klappmesser verf\u00fcgt \u00fcber eine abgerundete Spitze. Opinel Junior ist eine Weiterentwicklung der seit Jahren beliebten Kindermesserserie. Das Material des Griffs besteht aus glasfaserverst\u00e4rktem Polyamid, [&#8230;]\n","protected":false},"featured_media":274962,"comment_status":"open","ping_status":"closed","template":"","meta":[],"product_brand":[],"product_cat":[1134],"product_tag":[],"class_list":{"0":"post-279969","1":"product","2":"type-product","3":"status-publish","4":"has-post-thumbnail","6":"product_cat-messer-aexte-und-schaerfer","8":"first","9":"instock","10":"taxable","11":"shipping-taxable","12":"purchasable","13":"product-type-variable"},"composite_virtual":false,"composite_layout":"","composite_add_to_cart_form_location":"","composite_editable_in_cart":false,"composite_sold_individually_context":"","composite_shop_price_calc":"","composite_components":[],"composite_scenarios":[],"group_of_quantity":0,"min_quantity":0,"max_quantity":"","exclude_order_quantity_value_rules":"no","exclude_category_quantity_rules":"no","combine_variations":"no","exclude_global_add_ons":[],"addons":[],"_links":{"self":[{"href":"https:\/\/www.huntersfriend.eu\/de\/wp-json\/wp\/v2\/product\/279969","targetHints":{"allow":["GET"]}}],"collection":[{"href":"https:\/\/www.huntersfriend.eu\/de\/wp-json\/wp\/v2\/product"}],"about":[{"href":"https:\/\/www.huntersfriend.eu\/de\/wp-json\/wp\/v2\/types\/product"}],"replies":[{"embeddable":true,"href":"https:\/\/www.huntersfriend.eu\/de\/wp-json\/wp\/v2\/comments?post=279969"}],"wp:featuredmedia":[{"embeddable":true,"href":"https:\/\/www.huntersfriend.eu\/de\/wp-json\/wp\/v2\/media\/274962"}],"wp:attachment":[{"href":"https:\/\/www.huntersfriend.eu\/de\/wp-json\/wp\/v2\/media?parent=279969"}],"wp:term":[{"taxonomy":"product_brand","embeddable":true,"href":"https:\/\/www.huntersfriend.eu\/de\/wp-json\/wp\/v2\/product_brand?post=279969"},{"taxonomy":"product_cat","embeddable":true,"href":"https:\/\/www.huntersfriend.eu\/de\/wp-json\/wp\/v2\/product_cat?post=279969"},{"taxonomy":"product_tag","embeddable":true,"href":"https:\/\/www.huntersfriend.eu\/de\/wp-json\/wp\/v2\/product_tag?post=279969"}],"curies":[{"name":"wp","href":"https:\/\/api.w.org\/{rel}","templated":true}]}}