{"id":279965,"date":"2024-11-21T10:28:28","date_gmt":"2025-06-23T07:04:48","guid":{"rendered":"https:\/\/www.huntersfriend.eu\/product\/lapport-record-brocken-eckiger-schleifstein\/"},"modified":"2026-03-04T12:55:31","modified_gmt":"2026-03-04T10:55:31","slug":"lapport-record-brocken-eckiger-schleifstein","status":"publish","type":"product","link":"https:\/\/www.huntersfriend.eu\/de\/produkt\/lapport-record-brocken-eckiger-schleifstein\/","title":{"rendered":"Lapport Record-Brocken eckiger Schleifstein"},"content":{"rendered":"<p><span class=\"jCAhz ChMk0b\"><span class=\"ryNqvb\">Der Lapport Record-Brocken eckige Schleifstein eignet sich f\u00fcr das Nassschleifen aller Schneidwerkzeuge;<\/span><\/span> <span class=\"jCAhz ChMk0b\"><span class=\"ryNqvb\">Sensen, \u00c4xte, Messer, Klingen, Gartenger\u00e4te usw. Dieser Wetzstein ist beidseitig verwendbar; <\/span><\/span> <span class=\"jCAhz ChMk0b\"><span class=\"ryNqvb\">grob (100) und fein (280).<\/span><\/span><span class=\"jCAhz\"><span class=\"ryNqvb\">Die Schleifsteine haben eine H\u00f6he von 20 mm.<\/span><\/span> <span class=\"jCAhz ChMk0b\"><span class=\"ryNqvb\">erh\u00e4ltlich in zwei verschiedenen Gr\u00f6\u00dfen. <\/span><\/span><\/p>\n<p><span class=\"jCAhz ChMk0b\"><span class=\"ryNqvb\">Anwendung: mit Wasser &#8211; Nassschleifen. <\/span><\/span><\/p>\n<p><span class=\"jCAhz ChMk0b\"><span class=\"ryNqvb\">Schleifen: Dies bedeutet das Abtragen von Material, bis der gew\u00fcnschte Sch\u00e4rfwinkel erreicht ist. <\/span><\/span><span class=\"jCAhz ChMk0b\"><span class=\"ryNqvb\">Die Schleifseite wird erst gewechselt, wenn die gesamte Klingenseite einen Grat aufweist. <\/span><\/span><\/p>\n<p><span class=\"jCAhz ChMk0b\"><span class=\"ryNqvb\">Endg\u00fcltiges Abziehen: Dies erfolgt mit feineren Scheiben\/Steinen.<\/span><\/span><\/p>\n<p><span class=\"jCAhz ChMk0b\"><span class=\"ryNqvb\">Dieser Vorgang entfernt Grate und Werkzeugspuren, die von zuvor verwendeten oder gr\u00f6beren Steinen hinterlassen wurden, und verleiht der Klinge eine glattere Oberfl\u00e4che.<\/span><\/span><\/p>\n<p>Zwei Gr\u00f6\u00dfen verf\u00fcgbar:<\/p>\n<p>100 x 50 mm, Gewicht 240 g<br \/>\n115 x 60 mm, Gewicht 320 g<\/p>\n","protected":false},"excerpt":{"rendered":"<p>Der Lapport Record-Brocken eckige Schleifstein eignet sich f\u00fcr das Nassschleifen aller Schneidwerkzeuge; Sensen, \u00c4xte, Messer, Klingen, Gartenger\u00e4te usw. Dieser Wetzstein ist beidseitig verwendbar; grob (100) und fein (280).Die Schleifsteine haben eine H\u00f6he von 20 mm. erh\u00e4ltlich in zwei verschiedenen Gr\u00f6\u00dfen. Anwendung: mit Wasser &#8211; Nassschleifen. Schleifen: Dies bedeutet das Abtragen von Material, bis der gew\u00fcnschte [&#8230;]\n","protected":false},"featured_media":274948,"comment_status":"open","ping_status":"closed","template":"","meta":[],"product_brand":[],"product_cat":[1134],"product_tag":[],"class_list":{"0":"post-279965","1":"product","2":"type-product","3":"status-publish","4":"has-post-thumbnail","6":"product_cat-messer-aexte-und-schaerfer","8":"first","9":"instock","10":"taxable","11":"shipping-taxable","12":"purchasable","13":"product-type-variable"},"composite_virtual":false,"composite_layout":"","composite_add_to_cart_form_location":"","composite_editable_in_cart":false,"composite_sold_individually_context":"","composite_shop_price_calc":"","composite_components":[],"composite_scenarios":[],"group_of_quantity":0,"min_quantity":0,"max_quantity":"","exclude_order_quantity_value_rules":"no","exclude_category_quantity_rules":"no","combine_variations":"no","exclude_global_add_ons":[],"addons":[],"_links":{"self":[{"href":"https:\/\/www.huntersfriend.eu\/de\/wp-json\/wp\/v2\/product\/279965","targetHints":{"allow":["GET"]}}],"collection":[{"href":"https:\/\/www.huntersfriend.eu\/de\/wp-json\/wp\/v2\/product"}],"about":[{"href":"https:\/\/www.huntersfriend.eu\/de\/wp-json\/wp\/v2\/types\/product"}],"replies":[{"embeddable":true,"href":"https:\/\/www.huntersfriend.eu\/de\/wp-json\/wp\/v2\/comments?post=279965"}],"wp:featuredmedia":[{"embeddable":true,"href":"https:\/\/www.huntersfriend.eu\/de\/wp-json\/wp\/v2\/media\/274948"}],"wp:attachment":[{"href":"https:\/\/www.huntersfriend.eu\/de\/wp-json\/wp\/v2\/media?parent=279965"}],"wp:term":[{"taxonomy":"product_brand","embeddable":true,"href":"https:\/\/www.huntersfriend.eu\/de\/wp-json\/wp\/v2\/product_brand?post=279965"},{"taxonomy":"product_cat","embeddable":true,"href":"https:\/\/www.huntersfriend.eu\/de\/wp-json\/wp\/v2\/product_cat?post=279965"},{"taxonomy":"product_tag","embeddable":true,"href":"https:\/\/www.huntersfriend.eu\/de\/wp-json\/wp\/v2\/product_tag?post=279965"}],"curies":[{"name":"wp","href":"https:\/\/api.w.org\/{rel}","templated":true}]}}