{"id":279961,"date":"2024-11-21T10:10:45","date_gmt":"2025-06-23T07:04:47","guid":{"rendered":"https:\/\/www.huntersfriend.eu\/product\/nordforest-hundeunterlage\/"},"modified":"2026-02-25T10:37:36","modified_gmt":"2026-02-25T08:37:36","slug":"nordforest-hundeunterlage","status":"publish","type":"product","link":"https:\/\/www.huntersfriend.eu\/de\/produkt\/nordforest-hundeunterlage\/","title":{"rendered":"Nordforest Hundeunterlage"},"content":{"rendered":"<p><span class=\"jCAhz ChMk0b\"><span class=\"ryNqvb\">Die Nordforest Hundeunterlage bietet Ihrem vierbeinigen Begleiter eine komfortable Schlafgelegenheit, die ideal ist, um sich nach einer Jagd oder einem langen Spaziergang auszuruhen und neue Energie zu tanken.<\/span><\/span> <span class=\"jCAhz ChMk0b\"><span class=\"ryNqvb\">Die Unterseite der Decke besteht aus besonders weichem Fleece und ist in Kombination mit der dicken, flauschigen F\u00fcllung \u00e4u\u00dferst bequem.<\/span><\/span> <span class=\"jCAhz ChMk0b\"><span class=\"ryNqvb\">Dank der dunklen Farbe sind eventuelle Verschmutzungen nicht so schnell sichtbar, wodurch die Decke auch nach h\u00e4ufigem Gebrauch optisch ansprechend bleibt. <\/span><\/span><span class=\"jCAhz ChMk0b\"><span class=\"ryNqvb\">Das Produkt ist maschinenwaschbar (30 \u00b0C).<\/span><\/span> <span class=\"jCAhz ChMk0b\"><span class=\"ryNqvb\">Nicht b\u00fcgeln, nicht im W\u00e4schetrockner trocknen, nicht bleichen oder chemisch reinigen.<\/span><\/span> <span class=\"jCAhz\"><span class=\"ryNqvb\">Hergestellt in Portugal.<\/span><\/span> <span class=\"jCAhz\"><span class=\"ryNqvb\">Dicke circa 2,5 cm. <\/span><\/span><\/p>\n<p><span class=\"jCAhz ChMk0b\"><span class=\"ryNqvb\">Gr\u00f6\u00dfenoptionen: <\/span><\/span><\/p>\n<p><span class=\"jCAhz ChMk0b\"><span class=\"ryNqvb\">Gr\u00f6\u00dfe S: 50 x 75 cm, 228 g. <\/span><\/span><\/p>\n<p><span class=\"jCAhz ChMk0b\"><span class=\"ryNqvb\">Gr\u00f6\u00dfe M: 75 x 100 cm, 446 g.<\/span><\/span><\/p>\n","protected":false},"excerpt":{"rendered":"<p>Die Nordforest Hundeunterlage bietet Ihrem vierbeinigen Begleiter eine komfortable Schlafgelegenheit, die ideal ist, um sich nach einer Jagd oder einem langen Spaziergang auszuruhen und neue Energie zu tanken. Die Unterseite der Decke besteht aus besonders weichem Fleece und ist in Kombination mit der dicken, flauschigen F\u00fcllung \u00e4u\u00dferst bequem. Dank der dunklen Farbe sind eventuelle Verschmutzungen [&#8230;]\n","protected":false},"featured_media":274934,"comment_status":"open","ping_status":"closed","template":"","meta":[],"product_brand":[],"product_cat":[1389],"product_tag":[],"class_list":{"0":"post-279961","1":"product","2":"type-product","3":"status-publish","4":"has-post-thumbnail","6":"product_cat-tarnschirme-fur-hunde","8":"first","9":"instock","10":"taxable","11":"shipping-taxable","12":"purchasable","13":"product-type-variable"},"composite_virtual":false,"composite_layout":"","composite_add_to_cart_form_location":"","composite_editable_in_cart":false,"composite_sold_individually_context":"","composite_shop_price_calc":"","composite_components":[],"composite_scenarios":[],"group_of_quantity":0,"min_quantity":0,"max_quantity":"","exclude_order_quantity_value_rules":"no","exclude_category_quantity_rules":"no","combine_variations":"no","exclude_global_add_ons":[],"addons":[],"_links":{"self":[{"href":"https:\/\/www.huntersfriend.eu\/de\/wp-json\/wp\/v2\/product\/279961","targetHints":{"allow":["GET"]}}],"collection":[{"href":"https:\/\/www.huntersfriend.eu\/de\/wp-json\/wp\/v2\/product"}],"about":[{"href":"https:\/\/www.huntersfriend.eu\/de\/wp-json\/wp\/v2\/types\/product"}],"replies":[{"embeddable":true,"href":"https:\/\/www.huntersfriend.eu\/de\/wp-json\/wp\/v2\/comments?post=279961"}],"wp:featuredmedia":[{"embeddable":true,"href":"https:\/\/www.huntersfriend.eu\/de\/wp-json\/wp\/v2\/media\/274934"}],"wp:attachment":[{"href":"https:\/\/www.huntersfriend.eu\/de\/wp-json\/wp\/v2\/media?parent=279961"}],"wp:term":[{"taxonomy":"product_brand","embeddable":true,"href":"https:\/\/www.huntersfriend.eu\/de\/wp-json\/wp\/v2\/product_brand?post=279961"},{"taxonomy":"product_cat","embeddable":true,"href":"https:\/\/www.huntersfriend.eu\/de\/wp-json\/wp\/v2\/product_cat?post=279961"},{"taxonomy":"product_tag","embeddable":true,"href":"https:\/\/www.huntersfriend.eu\/de\/wp-json\/wp\/v2\/product_tag?post=279961"}],"curies":[{"name":"wp","href":"https:\/\/api.w.org\/{rel}","templated":true}]}}