{"id":279960,"date":"2024-11-16T01:02:11","date_gmt":"2025-06-23T07:04:46","guid":{"rendered":"https:\/\/www.huntersfriend.eu\/product\/duke-koerperfalle-330-2-koerperfalle\/"},"modified":"2026-04-29T21:22:02","modified_gmt":"2026-04-29T19:22:02","slug":"duke-koerperfalle-330-2-koerperfalle","status":"publish","type":"product","link":"https:\/\/www.huntersfriend.eu\/de\/produkt\/duke-koerperfalle-330-2-koerperfalle\/","title":{"rendered":"Duke K\u00f6rperfalle 330-2 K\u00f6rperfalle"},"content":{"rendered":"<h3>Duke K\u00f6rperfallen sind rotierende Kieferfallen, die zur schnellen Erfassung und Entsendung von Wildtieren eingesetzt werden. Diese Art von Falle wurde in den 1950er Jahren entwickelt und hat aufgrund der Vielseitigkeit und Effektivit\u00e4t des Fallendesigns stetig an Bedeutung gewonnen. Duke K\u00f6rperfallen wie die Gr\u00f6\u00dfen #330 und #280 werden von staatlichen und f\u00f6deralen Naturschutzbeh\u00f6rden weithin als die effektivsten und humansten Fallen zur Kontrolle der Biberpopulation anerkannt.  <\/h3>\n<h3>Modell: 0430<br \/>\nKiefer\u00f6ffnung: 25,4 cm<br \/>\nZielarten: Biber, Rotluchs, Kojote, Otter<\/h3>\n","protected":false},"excerpt":{"rendered":"<p>Duke K\u00f6rperfallen sind rotierende Kieferfallen, die zur schnellen Erfassung und Entsendung von Wildtieren eingesetzt werden. Diese Art von Falle wurde in den 1950er Jahren entwickelt und hat aufgrund der Vielseitigkeit und Effektivit\u00e4t des Fallendesigns stetig an Bedeutung gewonnen. Duke K\u00f6rperfallen wie die Gr\u00f6\u00dfen #330 und #280 werden von staatlichen und f\u00f6deralen Naturschutzbeh\u00f6rden weithin als die [&#8230;]\n","protected":false},"featured_media":274823,"comment_status":"open","ping_status":"closed","template":"","meta":[],"product_brand":[],"product_cat":[2696,1410],"product_tag":[],"class_list":{"0":"post-279960","1":"product","2":"type-product","3":"status-publish","4":"has-post-thumbnail","6":"product_cat-fallor-och-fangsttillbehor","7":"product_cat-fallen-und-fallenzubehor","9":"first","10":"instock","11":"taxable","12":"shipping-taxable","13":"purchasable","14":"product-type-simple"},"composite_virtual":false,"composite_layout":"","composite_add_to_cart_form_location":"","composite_editable_in_cart":false,"composite_sold_individually_context":"","composite_shop_price_calc":"","composite_components":[],"composite_scenarios":[],"group_of_quantity":0,"min_quantity":0,"max_quantity":"","exclude_order_quantity_value_rules":"no","exclude_category_quantity_rules":"no","combine_variations":"no","exclude_global_add_ons":[],"addons":[],"_links":{"self":[{"href":"https:\/\/www.huntersfriend.eu\/de\/wp-json\/wp\/v2\/product\/279960","targetHints":{"allow":["GET"]}}],"collection":[{"href":"https:\/\/www.huntersfriend.eu\/de\/wp-json\/wp\/v2\/product"}],"about":[{"href":"https:\/\/www.huntersfriend.eu\/de\/wp-json\/wp\/v2\/types\/product"}],"replies":[{"embeddable":true,"href":"https:\/\/www.huntersfriend.eu\/de\/wp-json\/wp\/v2\/comments?post=279960"}],"wp:featuredmedia":[{"embeddable":true,"href":"https:\/\/www.huntersfriend.eu\/de\/wp-json\/wp\/v2\/media\/274823"}],"wp:attachment":[{"href":"https:\/\/www.huntersfriend.eu\/de\/wp-json\/wp\/v2\/media?parent=279960"}],"wp:term":[{"taxonomy":"product_brand","embeddable":true,"href":"https:\/\/www.huntersfriend.eu\/de\/wp-json\/wp\/v2\/product_brand?post=279960"},{"taxonomy":"product_cat","embeddable":true,"href":"https:\/\/www.huntersfriend.eu\/de\/wp-json\/wp\/v2\/product_cat?post=279960"},{"taxonomy":"product_tag","embeddable":true,"href":"https:\/\/www.huntersfriend.eu\/de\/wp-json\/wp\/v2\/product_tag?post=279960"}],"curies":[{"name":"wp","href":"https:\/\/api.w.org\/{rel}","templated":true}]}}