{"id":279959,"date":"2024-12-03T11:53:36","date_gmt":"2024-12-03T09:53:36","guid":{"rendered":"https:\/\/www.huntersfriend.eu\/product\/darton-sequel-31-st2-massanfertigungsbogen\/"},"modified":"2025-06-23T09:00:49","modified_gmt":"2025-06-23T07:00:49","slug":"darton-sequel-31-st2-massanfertigungsbogen","status":"publish","type":"product","link":"https:\/\/www.huntersfriend.eu\/de\/produkt\/darton-sequel-31-st2-massanfertigungsbogen\/","title":{"rendered":"Darton Sequel 31 ST2 Ma\u00dfanfertigungsbogen"},"content":{"rendered":"<p><span data-text-color=\"alert\"><strong>Wir bitten Sie h\u00f6flichst, unsere Darton Sequel 31 ST2 &#8211; Auf Lager Seite zu konsultieren, um die Verf\u00fcgbarkeit des Bogens vor einer Bestellung zu \u00fcberpr\u00fcfen. Sie k\u00f6nnen uns auch direkt kontaktieren, um weitere Informationen bez\u00fcglich Verf\u00fcgbarkeit und Lieferzeiten zu erhalten. <\/strong><\/span><\/p>\n<p><strong>75 Jahre Exzellenz und Innovation im Bogenschie\u00dfen: Der Sequel 31 ST\u00b2 entfesselt<\/strong><\/p>\n<p><strong>Der Sequel 31 ST\u00b2: Ein pr\u00e4zisionsabgestimmtes Kraftpaket<\/strong><\/p>\n<p><span data-fontfamily=\"Oswald\" data-fontweight=\"300\">Dartons j\u00fcngste Kreation, der Sequel 31 ST2, verk\u00f6rpert das Engagement der Marke f\u00fcr Innovation. Ausgestattet mit einer Reihe von Geschwindigkeitsmodulen, bahnbrechenden &#8222;Perfect Timing&#8220; verstellbaren Jochaufh\u00e4ngungen (Patent angemeldet) und dem &#8222;Perfect Tune&#8220; verstellbaren Wurfarmtaschensystem (Patent angemeldet), zeichnet sich dieser Compoundbogen durch un\u00fcbertroffene Pr\u00e4zision und Leistung aus. Diese hochmodernen Innovationen garantieren optimale Funktionalit\u00e4t und einen bemerkenswert geschmeidigen Auszug, was zu konstanter Genauigkeit Schuss f\u00fcr Schuss f\u00fchrt. F\u00fcr Bogensch\u00fctzen, die ihre F\u00e4higkeiten verbessern m\u00f6chten, ist der Sequel 31 ST\u00b2 eine essentielle, unverzichtbare Erg\u00e4nzung.   <\/span><\/p>\n<p><span data-fontfamily=\"Oswald\" data-fontweight=\"300\"><strong>Einfaches Tuning f\u00fcr jeden Bogensch\u00fctzen<\/strong><\/span><\/p>\n<p><span data-fontfamily=\"Oswald\" data-fontweight=\"300\">Der Sequel 31 ST\u00b2 ist nicht nur ein Hochleistungsbogen, sondern auch bemerkenswert einfach einzustellen. Konzipiert mit Benutzerfreundlichkeit im Fokus, erm\u00f6glicht dieser Bogen schnelle und unkomplizierte Anpassungen, wodurch er sowohl f\u00fcr erfahrene Bogensch\u00fctzen als auch f\u00fcr Anf\u00e4nger zug\u00e4nglich ist. Verbringen Sie dank seiner innovativen Funktionen, die den Abstimmungs- und Timingprozess vereinfachen, weniger Zeit mit der Feinabstimmung und mehr Zeit mit der Perfektionierung Ihres Schusses. Wenn Sie Pr\u00e4zision und Bequemlichkeit suchen, ist der Sequel 31 ST\u00b2 Ihre ideale Wahl.   <\/span><\/p>\n<div id=\"s-45c4b8d1-925c-4a24-be93-d20f6e8a9575\" class=\"shg-c \">\n<div class=\"shg-rich-text shg-theme-text-content\">\n<p>PR\u00c4ZISIONSSPEZIFIKATIONEN<\/p>\n<p><strong>GESCHWINDIGKEIT:<\/strong> TATS\u00c4CHLICH 334-335 FPS<br \/>\n<strong>GESCHWINDIGKEIT MIT SPEED-MODUL:<\/strong> TATS\u00c4CHLICH 339-341 FPS<br \/>\n<strong>GESCHWINDIGKEIT MIT 75% MODUL:<\/strong> TATS\u00c4CHLICH 341-343 FPS<br \/>\n(MODUL SEPARAT ERH\u00c4LTLICH)<br \/>\n<strong>ACHSABSTAND:<\/strong> 31 3\/16&#8243;<br \/>\n<strong>STANDH\u00d6HE:<\/strong> 6 3\/8 &#8220;<br \/>\n<strong>GEWICHT: <\/strong>4,6 LBS<br \/>\n(ohne installiertes LVS; im Lieferumfang enthalten)<br \/>\n<strong>ZUGL\u00c4NGEN: <\/strong>25 \u201e-30,5\u201c<br \/>\n<strong>Zuggewichte: <\/strong>50, 60, 70 und 80<br \/>\n<strong>LET-OFF:<\/strong> 85-75% Einstellbar mit Auszugsbegrenzungspfosten<br \/>\nund 75% MODUL (Separat erh\u00e4ltlich)<br \/>\n<strong>Ma\u00dfgefertigte Bogensehnen<br \/>\n<\/strong><strong>Hergestellt in den USA<\/strong><\/p>\n<\/div>\n<\/div>\n<div id=\"s-d25440d6-20fa-4260-bd1a-46b8d7b631eb\" class=\"shg-c \">\n<div class=\"shg-rich-text shg-theme-text-content\">\n<p>Zu den Merkmalen geh\u00f6ren<\/p>\n<p>7075 BBS Dual Sync Nocken (auch als Sequel Nocken bekannt) (6.990.970 B1)<br \/>\nPatentierte Tiefnut-Nocke (#8.714.143)<br \/>\n1\/4 \u201eZoll Flachkopf-Achsen (Keine E-Clips mehr)<br \/>\n5\/8\u201c Zoll Lager<br \/>\n(Perfect Tune) Verstellbare Wurfarmtaschen (Patent angemeldet)<br \/>\nDie QAD Integrated und die Hamskea C.O.R. Pfeilauflage-Halterung<br \/>\nRollenf\u00fchrung<br \/>\n(Perfect Timing) Verstellbare Jochaufh\u00e4ngung (Patent angemeldet)<br \/>\nGeschwindigkeitsmodul enthalten, aber nicht installiert, f\u00fcr zus\u00e4tzliche 5-6 FPS.<br \/>\nZwei S\u00e4tze Auszugsbegrenzungspfosten erm\u00f6glichen eine Feineinstellung Ihres Let-offs.<\/p>\n<\/div>\n<\/div>\n","protected":false},"excerpt":{"rendered":"<p>Wir bitten Sie h\u00f6flichst, unsere Darton Sequel 31 ST2 &#8211; Auf Lager Seite zu konsultieren, um die Verf\u00fcgbarkeit des Bogens vor einer Bestellung zu \u00fcberpr\u00fcfen. Sie k\u00f6nnen uns auch direkt kontaktieren, um weitere Informationen bez\u00fcglich Verf\u00fcgbarkeit und Lieferzeiten zu erhalten. 75 Jahre Exzellenz und Innovation im Bogenschie\u00dfen: Der Sequel 31 ST\u00b2 entfesselt Der Sequel 31 [&#8230;]\n","protected":false},"featured_media":275445,"comment_status":"open","ping_status":"closed","template":"","meta":[],"product_brand":[],"product_cat":[1145],"product_tag":[],"class_list":{"0":"post-279959","1":"product","2":"type-product","3":"status-publish","4":"has-post-thumbnail","6":"product_cat-sonstiges","7":"product_shipping_class-big-de","9":"first","10":"outofstock","11":"taxable","12":"shipping-taxable","13":"purchasable","14":"product-type-simple"},"composite_virtual":false,"composite_layout":"","composite_add_to_cart_form_location":"","composite_editable_in_cart":false,"composite_sold_individually_context":"","composite_shop_price_calc":"","composite_components":[],"composite_scenarios":[],"group_of_quantity":0,"min_quantity":0,"max_quantity":"","exclude_order_quantity_value_rules":"no","exclude_category_quantity_rules":"no","combine_variations":"no","exclude_global_add_ons":false,"addons":[{"name":"Bogenhand","type":"multiple_choice","position":0,"required":true,"title_format":"label","default":"","description_enable":false,"description":null,"placeholder_enable":false,"placeholder":null,"display":"select","restrictions_type":"any_text","adjust_price":false,"price":"","price_type":"flat_fee","restrictions":false,"min":"0","max":"0","options":[{"label":"Rechte Hand","price":"","price_type":"flat_fee","image":0,"visibility":true},{"label":"Linke Hand","price":"","price_type":"flat_fee","image":0,"visibility":true}],"id":1733237086},{"name":"Farbe","type":"multiple_choice","position":1,"required":true,"title_format":"label","default":"","description_enable":false,"description":null,"placeholder_enable":false,"placeholder":null,"display":"select","restrictions_type":"any_text","adjust_price":false,"price":"","price_type":"flat_fee","restrictions":false,"min":"0","max":"0","options":[{"label":"Schwarz mit schwarzen Wurfarmen","price":"","price_type":"flat_fee","image":0,"visibility":true},{"label":"Flaches Dunkelerdfarben mit schwarzen Wurfarmen","price":"","price_type":"flat_fee","image":0,"visibility":true},{"label":"Grau mit schwarzen Wurfarmen","price":"","price_type":"flat_fee","image":0,"visibility":true},{"label":"OD Green mit schwarzen Wurfarmen","price":"","price_type":"flat_fee","image":0,"visibility":true},{"label":"Kings XK7 mit schwarzen Wurfarmen","price":"","price_type":"flat_fee","image":0,"visibility":true},{"label":"Multicam\/Folds of Honor mit schwarzen Wurfarmen","price":"","price_type":"flat_fee","image":0,"visibility":true},{"label":"Vuni Gear Tarnmuster","price":"","price_type":"flat_fee","image":0,"visibility":true},{"label":"Mossy Oak Bottom Land Tarnmuster","price":"","price_type":"flat_fee","image":0,"visibility":true}],"id":1733237087},{"name":"Zuggewicht","type":"multiple_choice","position":2,"required":true,"title_format":"label","default":"","description_enable":false,"description":null,"placeholder_enable":false,"placeholder":null,"display":"select","restrictions_type":"any_text","adjust_price":false,"price":"","price_type":"flat_fee","restrictions":false,"min":"0","max":"0","options":[{"label":"40-50#","price":"","price_type":"flat_fee","image":0,"visibility":true},{"label":"50-60#","price":"","price_type":"flat_fee","image":0,"visibility":true},{"label":"60-70#","price":"","price_type":"flat_fee","image":0,"visibility":true},{"label":"70-80#","price":"","price_type":"flat_fee","image":0,"visibility":true}],"id":1733237088}],"_links":{"self":[{"href":"https:\/\/www.huntersfriend.eu\/de\/wp-json\/wp\/v2\/product\/279959","targetHints":{"allow":["GET"]}}],"collection":[{"href":"https:\/\/www.huntersfriend.eu\/de\/wp-json\/wp\/v2\/product"}],"about":[{"href":"https:\/\/www.huntersfriend.eu\/de\/wp-json\/wp\/v2\/types\/product"}],"replies":[{"embeddable":true,"href":"https:\/\/www.huntersfriend.eu\/de\/wp-json\/wp\/v2\/comments?post=279959"}],"wp:featuredmedia":[{"embeddable":true,"href":"https:\/\/www.huntersfriend.eu\/de\/wp-json\/wp\/v2\/media\/275445"}],"wp:attachment":[{"href":"https:\/\/www.huntersfriend.eu\/de\/wp-json\/wp\/v2\/media?parent=279959"}],"wp:term":[{"taxonomy":"product_brand","embeddable":true,"href":"https:\/\/www.huntersfriend.eu\/de\/wp-json\/wp\/v2\/product_brand?post=279959"},{"taxonomy":"product_cat","embeddable":true,"href":"https:\/\/www.huntersfriend.eu\/de\/wp-json\/wp\/v2\/product_cat?post=279959"},{"taxonomy":"product_tag","embeddable":true,"href":"https:\/\/www.huntersfriend.eu\/de\/wp-json\/wp\/v2\/product_tag?post=279959"}],"curies":[{"name":"wp","href":"https:\/\/api.w.org\/{rel}","templated":true}]}}