{"id":279958,"date":"2024-12-19T01:38:07","date_gmt":"2024-12-18T23:38:07","guid":{"rendered":"https:\/\/www.huntersfriend.eu\/product\/qad-mathews-integrate-mx2-rh\/"},"modified":"2025-06-23T08:59:42","modified_gmt":"2025-06-23T06:59:42","slug":"qad-mathews-integrate-mx2-rh","status":"publish","type":"product","link":"https:\/\/www.huntersfriend.eu\/de\/produkt\/qad-mathews-integrate-mx2-rh\/","title":{"rendered":"QAD Mathews integrate MX2 RH"},"content":{"rendered":"<p>Der MX auf Steroiden, der MX2 ist mit einer robusten, unauff\u00e4lligen Einfangvorrichtung und einem widerstandsf\u00e4higen 7075-Aluminium-Launcher konzipiert, um Ihren anspruchsvollsten Jagden standzuhalten. Der pr\u00e4zise gefertigte Launcher ist kugelsicher und dennoch ger\u00e4uscharm dank der eingebauten, farblich anpassbaren D\u00e4mpfer. Der ULTRAREST\u00ae Integrate MX2 ist mit allen innovativen Technologien ausgestattet, die Bogensch\u00fctzen von QAD erwarten, einschlie\u00dflich pr\u00e4ziser Mikro-Klick-Einstellungen, Drop-Away-Funktion, langsamer Ablassmechanismus, vollst\u00e4ndiger Pfeilf\u00fchrung und Lock-Down-Technologie. Eine nahtlose Verbindung zum Integrate Mounting System\u00ae garantiert eine felsenfeste Montage und ein schlankes Design, bis zu 60% leichter als Berger-Montage-Pfeilauflagen. Kompatibel mit dem Integrate Mounting System\u00ae, das bei Mathews, Hoyt, PSE, Bowtech, Prime, Athens, Darton, Bear, Xpedition und APA B\u00f6gen zu finden ist. Hergestellt in den USA. Lebenslange Garantie.      <\/p>\n<p>Speziell f\u00fcr einen Mathews-Bogen konzipiert.<\/p>\n<p><strong>Verbesserungen:<\/strong><\/p>\n<ul>\n<li>Austauschbare Launcher-D\u00e4mpfer erm\u00f6glichen individuelle Anpassung.<\/li>\n<li>Launcher-D\u00e4mpfer reduzieren Ger\u00e4usche und Vibrationen.<\/li>\n<li>Die Launcher-D\u00e4mpfer haben die Notwendigkeit von Gabelfilz eliminiert. Dies f\u00fchrt zu einer schnelleren Einrichtungszeit. <\/li>\n<li>Die Haltbarkeit der Launcher-D\u00e4mpfer \u00fcbertrifft die von Gabelfilz bei weitem.<\/li>\n<li>Verbessertes kompaktes Launcher-Design, das noch robuster als zuvor ist, jedoch pr\u00e4zise gefertigt f\u00fcr ein beeindruckendes Erscheinungsbild.<\/li>\n<li>Eine neu gestaltete robuste, unauff\u00e4llige Einfangvorrichtung, die 20% st\u00e4rker ist als die MX-Version.<\/li>\n<\/ul>\n<p><strong>Intelligente Auflagetechnologien:<\/strong><\/p>\n<ul>\n<li>Total Containment Technology (TCT\u2122)<br \/>\n&#8211; Mithilfe des Daumenhebels k\u00f6nnen Sie schnell Ihren Pfeil laden und den Launcher in die 80\u00b0-Einfangposition bringen. Ihr Pfeil wird niemals von der Auflage fallen und bleibt vollst\u00e4ndig gef\u00fchrt, bis Sie zum Schuss bereit sind.<br \/>\n&#8211; Das verbesserte Design der Einfangvorrichtung ist nach vorne geneigt, um ein kompaktes Einfangfenster zu erm\u00f6glichen, wodurch das Pfeilprellen und die Bewegung beim Positionieren Ihres Bogens begrenzt werden.<\/li>\n<li>Velocity Drop-Away Technology (VDT\u2122)<br \/>\n&#8211; Wenn der Bogen gespannt wird, rotiert der Launcher auf 90\u00b0 und VDT wird aktiviert. Der Launcher f\u00e4llt nur ab, wenn der Bogen abgeschossen wird. Bei langsamem Ablassen kehrt die Auflage in die 80\u00b0-Einfangposition zur\u00fcck, der Pfeil bleibt vollst\u00e4ndig gef\u00fchrt, und der Bogen ist bereit f\u00fcr einen erneuten Spannvorgang.  <\/li>\n<li>Lock Down Technology (LDT\u2122)<br \/>\n&#8211; Wenn der Launcher f\u00e4llt, verriegelt LDT den Launcher bei 0\u00b0, was ein Zur\u00fcckprallen verhindert und eine vollst\u00e4ndige Befiederungsfreiheit f\u00fcr die pr\u00e4zisesten Sch\u00fcsse gew\u00e4hrleistet.<\/li>\n<li>Safety Breakaway Technology (SBT\u2122)<br \/>\n&#8211; Sollte der Launcher unsachgem\u00e4\u00df nach unten gedr\u00fcckt werden, bricht er sicher weg und verhindert so Sch\u00e4den oder Verletzungen.<\/li>\n<li>Anti-Vibration Technology (AVT\u2122)<br \/>\n&#8211; Nockenbremse und D\u00e4mpfer eliminieren Ger\u00e4usche und Vibrationen.<br \/>\n&#8211; Der neu gestaltete Launcher wurde mit Verbundd\u00e4mpfern verkn\u00fcpft, was die Notwendigkeit von Filz an den Gabeln eliminiert und Ger\u00e4usche sowie Vibrationen reduziert.<\/li>\n<li>Micro-Click Technology (MCT\u2122)<br \/>\n&#8211; Horizontale und vertikale Einstellung mit 0,0019 Zoll pro Klick. Anti-Backlash-Technologie stellt sicher, dass jeder Klick eine Anpassung ist \u2013 kein Raten mehr. <\/li>\n<li>EZ Clamp Technology (EZT\u2122)<br \/>\n&#8211; Schnelle und einfache Einstellungen der Timingschnur. Keine Bogenpresse oder Wicklung erforderlich. <\/li>\n<\/ul>\n<p><strong>Integrate Mounting System\u00ae Funktionen:<\/strong><\/p>\n<ul>\n<li>Auto Level Technology (ALT\u2122) nivelliert die Auflage automatisch mit dem Mittelst\u00fcck f\u00fcr schnelleres Tuning.<\/li>\n<li>Kein Montageblock, keine Bolzen oder Stellschrauben f\u00fchren zu einem schlanken, leichten Design.<\/li>\n<li>Doppelte Schwalbenschwanz-Klemmen resultieren in einem doppelt so starken Halt wie bei verschraubten Auflagen. Die Auflage kann sich nach dem Festziehen physisch nicht drehen. <\/li>\n<li>Da die Auflage an der R\u00fcckseite des Mittelst\u00fccks montiert ist, k\u00f6nnen flache K\u00f6cher n\u00e4her am Mittelst\u00fcck montiert werden, was zu einem ausgewogeneren Bogenaufbau f\u00fchrt.<\/li>\n<\/ul>\n<p>Eine Linkshand-Version ist verf\u00fcgbar &#8211; bitte kontaktieren Sie uns direkt<\/p>\n","protected":false},"excerpt":{"rendered":"<p>Der MX auf Steroiden, der MX2 ist mit einer robusten, unauff\u00e4lligen Einfangvorrichtung und einem widerstandsf\u00e4higen 7075-Aluminium-Launcher konzipiert, um Ihren anspruchsvollsten Jagden standzuhalten. Der pr\u00e4zise gefertigte Launcher ist kugelsicher und dennoch ger\u00e4uscharm dank der eingebauten, farblich anpassbaren D\u00e4mpfer. Der ULTRAREST\u00ae Integrate MX2 ist mit allen innovativen Technologien ausgestattet, die Bogensch\u00fctzen von QAD erwarten, einschlie\u00dflich pr\u00e4ziser Mikro-Klick-Einstellungen, [&#8230;]\n","protected":false},"featured_media":276683,"comment_status":"open","ping_status":"closed","template":"","meta":[],"product_brand":[],"product_cat":[1145],"product_tag":[],"class_list":{"0":"post-279958","1":"product","2":"type-product","3":"status-publish","4":"has-post-thumbnail","6":"product_cat-sonstiges","8":"first","9":"outofstock","10":"taxable","11":"shipping-taxable","12":"purchasable","13":"product-type-simple"},"composite_virtual":false,"composite_layout":"","composite_add_to_cart_form_location":"","composite_editable_in_cart":false,"composite_sold_individually_context":"","composite_shop_price_calc":"","composite_components":[],"composite_scenarios":[],"group_of_quantity":0,"min_quantity":0,"max_quantity":"","exclude_order_quantity_value_rules":"no","exclude_category_quantity_rules":"no","combine_variations":"no","exclude_global_add_ons":[],"addons":[],"_links":{"self":[{"href":"https:\/\/www.huntersfriend.eu\/de\/wp-json\/wp\/v2\/product\/279958","targetHints":{"allow":["GET"]}}],"collection":[{"href":"https:\/\/www.huntersfriend.eu\/de\/wp-json\/wp\/v2\/product"}],"about":[{"href":"https:\/\/www.huntersfriend.eu\/de\/wp-json\/wp\/v2\/types\/product"}],"replies":[{"embeddable":true,"href":"https:\/\/www.huntersfriend.eu\/de\/wp-json\/wp\/v2\/comments?post=279958"}],"wp:featuredmedia":[{"embeddable":true,"href":"https:\/\/www.huntersfriend.eu\/de\/wp-json\/wp\/v2\/media\/276683"}],"wp:attachment":[{"href":"https:\/\/www.huntersfriend.eu\/de\/wp-json\/wp\/v2\/media?parent=279958"}],"wp:term":[{"taxonomy":"product_brand","embeddable":true,"href":"https:\/\/www.huntersfriend.eu\/de\/wp-json\/wp\/v2\/product_brand?post=279958"},{"taxonomy":"product_cat","embeddable":true,"href":"https:\/\/www.huntersfriend.eu\/de\/wp-json\/wp\/v2\/product_cat?post=279958"},{"taxonomy":"product_tag","embeddable":true,"href":"https:\/\/www.huntersfriend.eu\/de\/wp-json\/wp\/v2\/product_tag?post=279958"}],"curies":[{"name":"wp","href":"https:\/\/api.w.org\/{rel}","templated":true}]}}