{"id":279957,"date":"2025-01-04T01:34:08","date_gmt":"2025-01-03T23:34:08","guid":{"rendered":"https:\/\/www.huntersfriend.eu\/product\/scott-archery-legacy-ausloeser\/"},"modified":"2026-03-01T09:08:13","modified_gmt":"2026-03-01T07:08:13","slug":"scott-archery-legacy-ausloeser","status":"publish","type":"product","link":"https:\/\/www.huntersfriend.eu\/de\/produkt\/scott-archery-legacy-ausloeser\/","title":{"rendered":"Scott Archery Legacy Ausl\u00f6ser"},"content":{"rendered":"<p>Die patentierte HyperJaw<sup>TM<\/sup> Technologie operiert in perfekter Synchronisation, wodurch jegliches laterales Drehmoment, das durch eine imperfekte Schie\u00dfhaltung entstehen k\u00f6nnte, eliminiert wird. Der Legacy verf\u00fcgt \u00fcber Scott Archerys Roller Trigger System\u2122 (RTS), welches eine seidenweiche Ausl\u00f6seaktion bietet, die durch eine breite Palette an Einstellungsm\u00f6glichkeiten an spezifische Schie\u00dfstile angepasst werden kann, um Ihrer einzigartigen Form und Ihrem Stil gerecht zu werden. <\/p>\n<p><strong>EIGENSCHAFTEN <\/strong><\/p>\n<ul>\n<li>HyperJaw<sup>TM<\/sup> Technologie: Bietet eine un\u00fcbertroffene \u00d6ffnungsreaktion, eliminiert Drehmomente &amp; erh\u00f6ht die Genauigkeit<\/li>\n<li>Roller Trigger System (RTS) Bietet Eine Seidenweiche, Einstellbare Ausl\u00f6seaktion<\/li>\n<li>Selbstschlie\u00dfende Edelstahlbacken<\/li>\n<li>Kompaktes ergonomisches Geh\u00e4usedesign bietet einen komfortableren und wiederholbaren Ankerpunkt<\/li>\n<li>Bew\u00e4hrtes Scott Caliper-Rollensperrklinkendesign<\/li>\n<li>Nylon-Verbindungsriemensystem f\u00fcr unendliche L\u00e4ngeneinstellungen<\/li>\n<li>Lederriemen mit Neopren f\u00fcr zus\u00e4tzlichen Komfort<\/li>\n<\/ul>\n","protected":false},"excerpt":{"rendered":"<p>Die patentierte HyperJawTM Technologie operiert in perfekter Synchronisation, wodurch jegliches laterales Drehmoment, das durch eine imperfekte Schie\u00dfhaltung entstehen k\u00f6nnte, eliminiert wird. Der Legacy verf\u00fcgt \u00fcber Scott Archerys Roller Trigger System\u2122 (RTS), welches eine seidenweiche Ausl\u00f6seaktion bietet, die durch eine breite Palette an Einstellungsm\u00f6glichkeiten an spezifische Schie\u00dfstile angepasst werden kann, um Ihrer einzigartigen Form und Ihrem [&#8230;]\n","protected":false},"featured_media":276129,"comment_status":"open","ping_status":"closed","template":"","meta":[],"product_brand":[],"product_cat":[1145],"product_tag":[],"class_list":{"0":"post-279957","1":"product","2":"type-product","3":"status-publish","4":"has-post-thumbnail","6":"product_cat-sonstiges","8":"first","9":"outofstock","10":"taxable","11":"shipping-taxable","12":"purchasable","13":"product-type-simple"},"composite_virtual":false,"composite_layout":"","composite_add_to_cart_form_location":"","composite_editable_in_cart":false,"composite_sold_individually_context":"","composite_shop_price_calc":"","composite_components":[],"composite_scenarios":[],"group_of_quantity":0,"min_quantity":0,"max_quantity":"","exclude_order_quantity_value_rules":"no","exclude_category_quantity_rules":"no","combine_variations":"no","exclude_global_add_ons":[],"addons":[],"_links":{"self":[{"href":"https:\/\/www.huntersfriend.eu\/de\/wp-json\/wp\/v2\/product\/279957","targetHints":{"allow":["GET"]}}],"collection":[{"href":"https:\/\/www.huntersfriend.eu\/de\/wp-json\/wp\/v2\/product"}],"about":[{"href":"https:\/\/www.huntersfriend.eu\/de\/wp-json\/wp\/v2\/types\/product"}],"replies":[{"embeddable":true,"href":"https:\/\/www.huntersfriend.eu\/de\/wp-json\/wp\/v2\/comments?post=279957"}],"wp:featuredmedia":[{"embeddable":true,"href":"https:\/\/www.huntersfriend.eu\/de\/wp-json\/wp\/v2\/media\/276129"}],"wp:attachment":[{"href":"https:\/\/www.huntersfriend.eu\/de\/wp-json\/wp\/v2\/media?parent=279957"}],"wp:term":[{"taxonomy":"product_brand","embeddable":true,"href":"https:\/\/www.huntersfriend.eu\/de\/wp-json\/wp\/v2\/product_brand?post=279957"},{"taxonomy":"product_cat","embeddable":true,"href":"https:\/\/www.huntersfriend.eu\/de\/wp-json\/wp\/v2\/product_cat?post=279957"},{"taxonomy":"product_tag","embeddable":true,"href":"https:\/\/www.huntersfriend.eu\/de\/wp-json\/wp\/v2\/product_tag?post=279957"}],"curies":[{"name":"wp","href":"https:\/\/api.w.org\/{rel}","templated":true}]}}