{"id":279956,"date":"2025-01-04T01:34:07","date_gmt":"2025-06-23T06:46:50","guid":{"rendered":"https:\/\/www.huntersfriend.eu\/product\/scott-bogenschiessen-vibe-ausloeser\/"},"modified":"2025-06-23T08:46:50","modified_gmt":"2025-06-23T06:46:50","slug":"scott-bogenschiessen-vibe-ausloeser","status":"publish","type":"product","link":"https:\/\/www.huntersfriend.eu\/de\/produkt\/scott-bogenschiessen-vibe-ausloeser\/","title":{"rendered":"Scott Bogenschie\u00dfen Vibe-Ausl\u00f6ser"},"content":{"rendered":"<p>Der <em><strong>Vibe<\/strong><\/em> ist ein auf Jugendliche ausgerichteter Bogenschie\u00dfausl\u00f6ser mit einem sanften Rollenschnappermechanismus, einem robusten Doppelbacken im Zangenstil und einstellbarem Weg f\u00fcr un\u00fcbertroffene Pr\u00e4zision, konzipiert, um das Selbstvertrauen jedes jungen Bogensch\u00fctzen zu st\u00e4rken. Mit einem innovativen NCS-Verbinder, einer zuverl\u00e4ssigen R\u00fcckstellfeder und einem speziell f\u00fcr Jugendliche entwickelten Riemen bietet der <em><strong>Vibe<\/strong><\/em> eine sichere, individuell anpassbare Passform, die Komfort und Konsistenz priorisiert. Erh\u00e4ltlich in kr\u00e4ftigem Rot oder hellem Blau vereint dieser Ausl\u00f6ser Spitzenleistung mit herausragendem Stil und erm\u00f6glicht es jungen Bogensch\u00fctzen, mit Zuversicht zu schie\u00dfen.  <\/p>\n<p><strong>Eigenschaften:<\/strong><\/p>\n<ul>\n<li>Doppelbacken im Zangenstil<\/li>\n<li>Automatischer R\u00fcckholfeder-Abzug<\/li>\n<li>NCS-Verbindung<\/li>\n<li>Rollenklinkenabzug<\/li>\n<li>Wegeinstellung<\/li>\n<li>Jugendriemen<\/li>\n<\/ul>\n","protected":false},"excerpt":{"rendered":"<p>Roter NCS-Riemen mit schwarzer Schnalle<\/p>\n","protected":false},"featured_media":276136,"comment_status":"open","ping_status":"closed","template":"","meta":[],"product_brand":[],"product_cat":[1095],"product_tag":[],"class_list":{"0":"post-279956","1":"product","2":"type-product","3":"status-publish","4":"has-post-thumbnail","6":"product_cat-handgelenks-release","8":"first","9":"instock","10":"taxable","11":"shipping-taxable","12":"purchasable","13":"product-type-simple"},"composite_virtual":false,"composite_layout":"","composite_add_to_cart_form_location":"","composite_editable_in_cart":false,"composite_sold_individually_context":"","composite_shop_price_calc":"","composite_components":[],"composite_scenarios":[],"group_of_quantity":0,"min_quantity":0,"max_quantity":"","exclude_order_quantity_value_rules":"no","exclude_category_quantity_rules":"no","combine_variations":"no","exclude_global_add_ons":[],"addons":[],"_links":{"self":[{"href":"https:\/\/www.huntersfriend.eu\/de\/wp-json\/wp\/v2\/product\/279956","targetHints":{"allow":["GET"]}}],"collection":[{"href":"https:\/\/www.huntersfriend.eu\/de\/wp-json\/wp\/v2\/product"}],"about":[{"href":"https:\/\/www.huntersfriend.eu\/de\/wp-json\/wp\/v2\/types\/product"}],"replies":[{"embeddable":true,"href":"https:\/\/www.huntersfriend.eu\/de\/wp-json\/wp\/v2\/comments?post=279956"}],"wp:featuredmedia":[{"embeddable":true,"href":"https:\/\/www.huntersfriend.eu\/de\/wp-json\/wp\/v2\/media\/276136"}],"wp:attachment":[{"href":"https:\/\/www.huntersfriend.eu\/de\/wp-json\/wp\/v2\/media?parent=279956"}],"wp:term":[{"taxonomy":"product_brand","embeddable":true,"href":"https:\/\/www.huntersfriend.eu\/de\/wp-json\/wp\/v2\/product_brand?post=279956"},{"taxonomy":"product_cat","embeddable":true,"href":"https:\/\/www.huntersfriend.eu\/de\/wp-json\/wp\/v2\/product_cat?post=279956"},{"taxonomy":"product_tag","embeddable":true,"href":"https:\/\/www.huntersfriend.eu\/de\/wp-json\/wp\/v2\/product_tag?post=279956"}],"curies":[{"name":"wp","href":"https:\/\/api.w.org\/{rel}","templated":true}]}}