{"id":279955,"date":"2025-01-04T01:34:07","date_gmt":"2025-06-23T06:46:50","guid":{"rendered":"https:\/\/www.huntersfriend.eu\/product\/scott-archery-aspen-ausloeser\/"},"modified":"2025-06-23T08:46:50","modified_gmt":"2025-06-23T06:46:50","slug":"scott-archery-aspen-ausloeser","status":"publish","type":"product","link":"https:\/\/www.huntersfriend.eu\/de\/produkt\/scott-archery-aspen-ausloeser\/","title":{"rendered":"Scott Archery Aspen Ausl\u00f6ser"},"content":{"rendered":"<p>Der <em><strong>Aspen<\/strong><\/em> ist ein Handgelenkausl\u00f6ser, der f\u00fcr Bogensch\u00fctzen konzipiert wurde, die Pr\u00e4zision und Komfort priorisieren. Ausgestattet mit sowohl Weg- als auch L\u00e4ngeneinstellungen passt sich der Aspen nahtlos an Ihren individuellen Schie\u00dfstil an. Der Rollenklinkenabzug und der einzelne geschlossene Kiefer gew\u00e4hrleisten eine pr\u00e4zise und konsistente Ausl\u00f6sung, w\u00e4hrend der rotierende Ausl\u00f6sekopf f\u00fcr eine reibungslose und zuverl\u00e4ssige Funktion sorgt. Der Aspen verleiht einem bew\u00e4hrten Design eine moderne Note und liefert bei jedem Schuss h\u00f6chste Genauigkeit.   <\/p>\n<p><strong>Merkmale: <\/strong><\/p>\n<ul>\n<li>Geschlossener Einzelkiefer<\/li>\n<li>Wegeinstellung<\/li>\n<li>Solider rotierender Ausl\u00f6sekopf<\/li>\n<li>Rollenklinkenabzug<\/li>\n<li>5-Loch-L\u00e4ngeneinstellung<\/li>\n<li>Gepolsterter Komfortriemen<\/li>\n<\/ul>\n","protected":false},"excerpt":{"rendered":"<p>Schwarzer Schnallenriemenstift<\/p>\n","protected":false},"featured_media":276106,"comment_status":"open","ping_status":"closed","template":"","meta":[],"product_brand":[],"product_cat":[1095],"product_tag":[],"class_list":{"0":"post-279955","1":"product","2":"type-product","3":"status-publish","4":"has-post-thumbnail","6":"product_cat-handgelenks-release","8":"first","9":"instock","10":"taxable","11":"shipping-taxable","12":"purchasable","13":"product-type-simple"},"composite_virtual":false,"composite_layout":"","composite_add_to_cart_form_location":"","composite_editable_in_cart":false,"composite_sold_individually_context":"","composite_shop_price_calc":"","composite_components":[],"composite_scenarios":[],"group_of_quantity":0,"min_quantity":0,"max_quantity":"","exclude_order_quantity_value_rules":"no","exclude_category_quantity_rules":"no","combine_variations":"no","exclude_global_add_ons":[],"addons":[],"_links":{"self":[{"href":"https:\/\/www.huntersfriend.eu\/de\/wp-json\/wp\/v2\/product\/279955","targetHints":{"allow":["GET"]}}],"collection":[{"href":"https:\/\/www.huntersfriend.eu\/de\/wp-json\/wp\/v2\/product"}],"about":[{"href":"https:\/\/www.huntersfriend.eu\/de\/wp-json\/wp\/v2\/types\/product"}],"replies":[{"embeddable":true,"href":"https:\/\/www.huntersfriend.eu\/de\/wp-json\/wp\/v2\/comments?post=279955"}],"wp:featuredmedia":[{"embeddable":true,"href":"https:\/\/www.huntersfriend.eu\/de\/wp-json\/wp\/v2\/media\/276106"}],"wp:attachment":[{"href":"https:\/\/www.huntersfriend.eu\/de\/wp-json\/wp\/v2\/media?parent=279955"}],"wp:term":[{"taxonomy":"product_brand","embeddable":true,"href":"https:\/\/www.huntersfriend.eu\/de\/wp-json\/wp\/v2\/product_brand?post=279955"},{"taxonomy":"product_cat","embeddable":true,"href":"https:\/\/www.huntersfriend.eu\/de\/wp-json\/wp\/v2\/product_cat?post=279955"},{"taxonomy":"product_tag","embeddable":true,"href":"https:\/\/www.huntersfriend.eu\/de\/wp-json\/wp\/v2\/product_tag?post=279955"}],"curies":[{"name":"wp","href":"https:\/\/api.w.org\/{rel}","templated":true}]}}