{"id":279954,"date":"2025-01-04T01:34:07","date_gmt":"2025-01-03T23:34:07","guid":{"rendered":"https:\/\/www.huntersfriend.eu\/product\/scott-archery-little-goose-rts-ausloeser\/"},"modified":"2025-06-23T08:46:48","modified_gmt":"2025-06-23T06:46:48","slug":"scott-archery-little-goose-rts-ausloeser","status":"publish","type":"product","link":"https:\/\/www.huntersfriend.eu\/de\/produkt\/scott-archery-little-goose-rts-ausloeser\/","title":{"rendered":"Scott Archery Little Goose RTS Ausl\u00f6ser"},"content":{"rendered":"<p><em><strong>Little Goose RTS<\/strong><\/em> bietet ein modernes Upgrade mit seinem neuen automatischen R\u00fcckholfeder-Abzug, der ein schnelleres und reibungsloseres Schie\u00dferlebnis erm\u00f6glicht. Dieser Handgelenkausl\u00f6ser verf\u00fcgt sowohl \u00fcber Weg- als auch L\u00e4ngeneinstellungen f\u00fcr eine individuelle Anpassung. Der einzelne geschlossene Kiefer und der zweiteilige Ausl\u00f6sekopf gew\u00e4hrleisten die Zuverl\u00e4ssigkeit, auf die Bogensch\u00fctzen angewiesen sind, nun erweitert durch die Pr\u00e4zision der R\u00fcckholfeder. Der Little Goose RTS definiert einen bew\u00e4hrten Klassiker f\u00fcr den modernen Bogensch\u00fctzen neu.   <\/p>\n<p><strong>MERKMALE:<\/strong><\/p>\n<ul>\n<li>Wegeinstellung<\/li>\n<li>4-Loch-L\u00e4ngeneinstellung<\/li>\n<li>Automatischer R\u00fcckholfeder-Abzug<\/li>\n<li>Einzelner geschlossener Kiefer<\/li>\n<li>Zweiteilig konstruierter Ausl\u00f6sekopf<\/li>\n<li>Lederriemen mit Neopren<\/li>\n<\/ul>\n","protected":false},"excerpt":{"rendered":"<p>Schwarzer Schnallenriemen mit Stiftverbindung<\/p>\n","protected":false},"featured_media":276148,"comment_status":"open","ping_status":"closed","template":"","meta":[],"product_brand":[],"product_cat":[1095],"product_tag":[],"class_list":{"0":"post-279954","1":"product","2":"type-product","3":"status-publish","4":"has-post-thumbnail","6":"product_cat-handgelenks-release","8":"first","9":"instock","10":"taxable","11":"shipping-taxable","12":"purchasable","13":"product-type-simple"},"composite_virtual":false,"composite_layout":"","composite_add_to_cart_form_location":"","composite_editable_in_cart":false,"composite_sold_individually_context":"","composite_shop_price_calc":"","composite_components":[],"composite_scenarios":[],"group_of_quantity":0,"min_quantity":0,"max_quantity":"","exclude_order_quantity_value_rules":"no","exclude_category_quantity_rules":"no","combine_variations":"no","exclude_global_add_ons":[],"addons":[],"_links":{"self":[{"href":"https:\/\/www.huntersfriend.eu\/de\/wp-json\/wp\/v2\/product\/279954","targetHints":{"allow":["GET"]}}],"collection":[{"href":"https:\/\/www.huntersfriend.eu\/de\/wp-json\/wp\/v2\/product"}],"about":[{"href":"https:\/\/www.huntersfriend.eu\/de\/wp-json\/wp\/v2\/types\/product"}],"replies":[{"embeddable":true,"href":"https:\/\/www.huntersfriend.eu\/de\/wp-json\/wp\/v2\/comments?post=279954"}],"wp:featuredmedia":[{"embeddable":true,"href":"https:\/\/www.huntersfriend.eu\/de\/wp-json\/wp\/v2\/media\/276148"}],"wp:attachment":[{"href":"https:\/\/www.huntersfriend.eu\/de\/wp-json\/wp\/v2\/media?parent=279954"}],"wp:term":[{"taxonomy":"product_brand","embeddable":true,"href":"https:\/\/www.huntersfriend.eu\/de\/wp-json\/wp\/v2\/product_brand?post=279954"},{"taxonomy":"product_cat","embeddable":true,"href":"https:\/\/www.huntersfriend.eu\/de\/wp-json\/wp\/v2\/product_cat?post=279954"},{"taxonomy":"product_tag","embeddable":true,"href":"https:\/\/www.huntersfriend.eu\/de\/wp-json\/wp\/v2\/product_tag?post=279954"}],"curies":[{"name":"wp","href":"https:\/\/api.w.org\/{rel}","templated":true}]}}