{"id":279947,"date":"2024-12-21T00:54:08","date_gmt":"2024-12-20T22:54:08","guid":{"rendered":"https:\/\/www.huntersfriend.eu\/product\/morakniv-companion-mg-carbonstahlmesser\/"},"modified":"2026-04-07T08:06:21","modified_gmt":"2026-04-07T06:06:21","slug":"morakniv-companion-mg-carbonstahlmesser","status":"publish","type":"product","link":"https:\/\/www.huntersfriend.eu\/de\/produkt\/morakniv-companion-mg-carbonstahlmesser\/","title":{"rendered":"Morakniv Companion MG Carbonstahlmesser"},"content":{"rendered":"<h2><span data-text-color=\"alert\">Bitte beachten Sie, dass wir aufgrund lokaler Importbeschr\u00e4nkungen dieses Messer nicht in das Vereinigte K\u00f6nigreich versenden k\u00f6nnen. Bitte informieren Sie sich vor der Bestellung \u00fcber Ihre \u00f6rtlichen Bestimmungen. <\/span><\/h2>\n<p><strong>Companion ist eines unserer beliebtesten Messer, da es, wie der Name schon andeutet, so zuverl\u00e4ssig ist. Dieses Modell verf\u00fcgt \u00fcber eine etwas d\u00fcnnere Klinge aus Kohlenstoffstahl, die sich leichter nachsch\u00e4rfen l\u00e4sst, obwohl die Klinge mehr Pflege erfordert. <\/strong><\/p>\n<p>Companion ist das perfekte Messer f\u00fcr ein Abenteuer, ein echtes Allzweckmesser. Die Erl erstreckt sich \u00fcber drei Viertel des Messers, sodass Sie mit Kraft und Pr\u00e4zision arbeiten k\u00f6nnen. Die Klinge besteht aus Kohlenstoffstahl, den wir nach unserem geheimen Firmenrezept f\u00fcr optimale Ergebnisse behandelt haben. Beachten Sie, dass Messer aus Kohlenstoffstahl nach Gebrauch abgewischt und ge\u00f6lt werden sollten, um Rost und Korrosion zu vermeiden. Der weiche Friktionsgriff besteht aus TPE-Gummi, wodurch sich das Messer sicher und stabil anf\u00fchlt. Die Polymermesserscheide verf\u00fcgt \u00fcber einen praktischen G\u00fcrtelclip, sodass das Messer an Ihrem Rucksack oder G\u00fcrtel befestigt werden kann \u2013 stets griffbereit.     <\/p>\n<p class=\"attribute-item\"><strong>Einsatzbereich:<\/strong> Bushcraft, Jagd, Outdoor<\/p>\n<p class=\"attribute-item\"><strong>Herkunftsland:<\/strong> SE<\/p>\n<p class=\"attribute-item\"><strong>Klingenl\u00e4nge:<\/strong> 104 mm<\/p>\n<p class=\"attribute-item\"><strong>Klingenst\u00e4rke:<\/strong> 2,0 mm<\/p>\n<p class=\"attribute-item\"><strong>Messerl\u00e4nge:<\/strong> 219 mm<\/p>\n<p class=\"attribute-item\"><strong>Stahltyp:<\/strong> Kohlenstoffstahl<\/p>\n<p class=\"attribute-item\"><strong>SGM:<\/strong> SGM\u00aeC-DDE101<\/p>\n<p class=\"attribute-item\"><strong>Nominelle H\u00e4rte (HRC):<\/strong> 58,5<\/p>\n<p class=\"attribute-item\"><strong>Griffmaterial:<\/strong> TPE-Gummi<\/p>\n<p class=\"attribute-item\"><strong>Farbe:<\/strong> Milit\u00e4rgr\u00fcn<\/p>\n<p class=\"attribute-item\"><strong>Nettogewicht:<\/strong> 110,0 g<\/p>\n","protected":false},"excerpt":{"rendered":"<p>Milit\u00e4rgr\u00fcn<\/p>\n","protected":false},"featured_media":275959,"comment_status":"open","ping_status":"closed","template":"","meta":[],"product_brand":[],"product_cat":[1145],"product_tag":[],"class_list":{"0":"post-279947","1":"product","2":"type-product","3":"status-publish","4":"has-post-thumbnail","6":"product_cat-sonstiges","8":"first","9":"outofstock","10":"taxable","11":"shipping-taxable","12":"purchasable","13":"product-type-simple"},"composite_virtual":false,"composite_layout":"","composite_add_to_cart_form_location":"","composite_editable_in_cart":false,"composite_sold_individually_context":"","composite_shop_price_calc":"","composite_components":[],"composite_scenarios":[],"group_of_quantity":0,"min_quantity":0,"max_quantity":"","exclude_order_quantity_value_rules":"no","exclude_category_quantity_rules":"no","combine_variations":"no","exclude_global_add_ons":[],"addons":[],"_links":{"self":[{"href":"https:\/\/www.huntersfriend.eu\/de\/wp-json\/wp\/v2\/product\/279947","targetHints":{"allow":["GET"]}}],"collection":[{"href":"https:\/\/www.huntersfriend.eu\/de\/wp-json\/wp\/v2\/product"}],"about":[{"href":"https:\/\/www.huntersfriend.eu\/de\/wp-json\/wp\/v2\/types\/product"}],"replies":[{"embeddable":true,"href":"https:\/\/www.huntersfriend.eu\/de\/wp-json\/wp\/v2\/comments?post=279947"}],"wp:featuredmedia":[{"embeddable":true,"href":"https:\/\/www.huntersfriend.eu\/de\/wp-json\/wp\/v2\/media\/275959"}],"wp:attachment":[{"href":"https:\/\/www.huntersfriend.eu\/de\/wp-json\/wp\/v2\/media?parent=279947"}],"wp:term":[{"taxonomy":"product_brand","embeddable":true,"href":"https:\/\/www.huntersfriend.eu\/de\/wp-json\/wp\/v2\/product_brand?post=279947"},{"taxonomy":"product_cat","embeddable":true,"href":"https:\/\/www.huntersfriend.eu\/de\/wp-json\/wp\/v2\/product_cat?post=279947"},{"taxonomy":"product_tag","embeddable":true,"href":"https:\/\/www.huntersfriend.eu\/de\/wp-json\/wp\/v2\/product_tag?post=279947"}],"curies":[{"name":"wp","href":"https:\/\/api.w.org\/{rel}","templated":true}]}}