{"id":279946,"date":"2024-12-27T11:19:33","date_gmt":"2025-06-23T06:46:47","guid":{"rendered":"https:\/\/www.huntersfriend.eu\/product\/peltonen-messer-m95-ranger-puukko-15cm\/"},"modified":"2026-04-16T07:30:30","modified_gmt":"2026-04-16T05:30:30","slug":"peltonen-messer-m95-ranger-puukko-15cm","status":"publish","type":"product","link":"https:\/\/www.huntersfriend.eu\/de\/produkt\/peltonen-messer-m95-ranger-puukko-15cm\/","title":{"rendered":"Peltonen Messer M95 Ranger Puukko 15CM"},"content":{"rendered":"<h2><span data-text-color=\"alert\">Bitte beachten Sie, dass wir aufgrund lokaler Importbeschr\u00e4nkungen dieses Messer nicht in das Vereinigte K\u00f6nigreich versenden k\u00f6nnen. Bitte informieren Sie sich vor der Bestellung \u00fcber Ihre \u00f6rtlichen Bestimmungen. <\/span><\/h2>\n<div class=\"feature-description\">\n<p>Entworfen von J-P Peltonen, ehemaliger Hauptmann der finnischen Streitkr\u00e4fte<br \/>\nGewicht: 200 g \/ 7,05 oz<br \/>\nGesamtl\u00e4nge: 273 mm \/ 10,7 Zoll<br \/>\nHerkunftsland: Finnland<\/p>\n<\/div>\n<div class=\"feature-row\">\n<div class=\"row\">\n<div class=\"col-5 col-lg-3\">\n<div class=\"feature-title\">\n<p>Beste Verwendung &#8211; Taktisch, \u00dcberlebens- und Campingzwecke.<\/p>\n<p>Mit Verbundscheide<\/p>\n<\/div>\n<\/div>\n<\/div>\n<\/div>\n<div class=\"feature-row\">\n<div class=\"row\">\n<div class=\"col-5 col-lg-3\">\n<div class=\"feature-title\">\n<p>Klinge<\/p>\n<\/div>\n<\/div>\n<div class=\"col-7 col-lg-9\">\n<div class=\"feature-text\">\n<ul>\n<li>Klingenmaterial: 80CrV2 Kohlenstoffstahl<\/li>\n<li>Klingenform: Tropfenspitze<\/li>\n<li>Klingenschliff: S\u00e4belschliff, Winkel 23\u00b0<\/li>\n<li>Klingenh\u00e4rtung: HRC 59<\/li>\n<li>Klingenbeschichtungsoptionen: unbeschichtet \/ PTFE Teflon \/ Cerakote<\/li>\n<li>Klingenl\u00e4nge: 150 mm \/ 5,9 Zoll<\/li>\n<li>Klingenst\u00e4rke: 4,25 mm \/ 0,167 Zoll<\/li>\n<\/ul>\n<\/div>\n<\/div>\n<\/div>\n<\/div>\n<div class=\"feature-row\">\n<div class=\"row\">\n<div class=\"col-5 col-lg-3\">\n<div class=\"feature-title\">\n<p>Griff<\/p>\n<\/div>\n<\/div>\n<div class=\"col-7 col-lg-9\">\n<div class=\"feature-text\">\n<ul>\n<li>TPE<\/li>\n<li>Exzellenter Griff<\/li>\n<li>Ergonomisches Design<\/li>\n<li>Verst\u00e4rkte verdeckte Erl<\/li>\n<\/ul>\n<\/div>\n<\/div>\n<\/div>\n<\/div>\n","protected":false},"excerpt":{"rendered":"<p>Verbundscheide<\/p>\n","protected":false},"featured_media":275930,"comment_status":"open","ping_status":"closed","template":"","meta":[],"product_brand":[],"product_cat":[1134],"product_tag":[],"class_list":{"0":"post-279946","1":"product","2":"type-product","3":"status-publish","4":"has-post-thumbnail","6":"product_cat-messer-aexte-und-schaerfer","8":"first","9":"instock","10":"taxable","11":"shipping-taxable","12":"purchasable","13":"product-type-variable"},"composite_virtual":false,"composite_layout":"","composite_add_to_cart_form_location":"","composite_editable_in_cart":false,"composite_sold_individually_context":"","composite_shop_price_calc":"","composite_components":[],"composite_scenarios":[],"group_of_quantity":0,"min_quantity":0,"max_quantity":"","exclude_order_quantity_value_rules":"no","exclude_category_quantity_rules":"no","combine_variations":"no","exclude_global_add_ons":[],"addons":[],"_links":{"self":[{"href":"https:\/\/www.huntersfriend.eu\/de\/wp-json\/wp\/v2\/product\/279946","targetHints":{"allow":["GET"]}}],"collection":[{"href":"https:\/\/www.huntersfriend.eu\/de\/wp-json\/wp\/v2\/product"}],"about":[{"href":"https:\/\/www.huntersfriend.eu\/de\/wp-json\/wp\/v2\/types\/product"}],"replies":[{"embeddable":true,"href":"https:\/\/www.huntersfriend.eu\/de\/wp-json\/wp\/v2\/comments?post=279946"}],"wp:featuredmedia":[{"embeddable":true,"href":"https:\/\/www.huntersfriend.eu\/de\/wp-json\/wp\/v2\/media\/275930"}],"wp:attachment":[{"href":"https:\/\/www.huntersfriend.eu\/de\/wp-json\/wp\/v2\/media?parent=279946"}],"wp:term":[{"taxonomy":"product_brand","embeddable":true,"href":"https:\/\/www.huntersfriend.eu\/de\/wp-json\/wp\/v2\/product_brand?post=279946"},{"taxonomy":"product_cat","embeddable":true,"href":"https:\/\/www.huntersfriend.eu\/de\/wp-json\/wp\/v2\/product_cat?post=279946"},{"taxonomy":"product_tag","embeddable":true,"href":"https:\/\/www.huntersfriend.eu\/de\/wp-json\/wp\/v2\/product_tag?post=279946"}],"curies":[{"name":"wp","href":"https:\/\/api.w.org\/{rel}","templated":true}]}}