{"id":279945,"date":"2024-12-21T00:54:08","date_gmt":"2025-06-23T06:46:46","guid":{"rendered":"https:\/\/www.huntersfriend.eu\/product\/morakniv-companion-mg-rostfreies-puukko\/"},"modified":"2025-08-08T03:44:37","modified_gmt":"2025-08-08T01:44:37","slug":"morakniv-companion-mg-rostfreies-puukko","status":"publish","type":"product","link":"https:\/\/www.huntersfriend.eu\/de\/produkt\/morakniv-companion-mg-rostfreies-puukko\/","title":{"rendered":"Morakniv Companion MG rostfreies Puukko"},"content":{"rendered":"<h2><span data-text-color=\"alert\">Bitte beachten Sie, dass wir aufgrund lokaler Importbeschr\u00e4nkungen dieses Messer nicht in das Vereinigte K\u00f6nigreich versenden k\u00f6nnen. Bitte informieren Sie sich vor der Bestellung \u00fcber Ihre \u00f6rtlichen Bestimmungen. <\/span><\/h2>\n<p><strong>Der Companion ist eines unserer beliebtesten Messer, da er, wie der Name schon sagt, ein \u00e4u\u00dferst zuverl\u00e4ssiger Begleiter ist. Es eignet sich sowohl als Einsteigermesser f\u00fcr die j\u00fcngere Generation als auch f\u00fcr erfahrenere Outdoor-Enthusiasten. <\/strong><\/p>\n<p>Der ergonomische Polymergriff verf\u00fcgt \u00fcber einen weichen Reibungsgriff, einen Fingerschutz und eine 2,5 mm dicke Klinge aus recyceltem schwedischem Edelstahl, die bei jedem Schnitt sowohl St\u00e4rke als auch Stabilit\u00e4t bietet. Dank des Klingen- und Griffdesigns ist das Messer ideal f\u00fcr sicheres und effizientes Arbeiten unter verschiedenen Wetterbedingungen das ganze Jahr \u00fcber geeignet. Die Polymerscheide verf\u00fcgt \u00fcber einen praktischen G\u00fcrtelclip, sodass das Messer am G\u00fcrtel oder Rucksack befestigt werden kann und stets griffbereit ist.  <\/p>\n<p class=\"attribute-item\"><strong>Einsatzbereich:<\/strong> Bushcraft, Jagd, Outdoor<\/p>\n<p class=\"attribute-item\"><strong>Herkunftsland:<\/strong> SE<\/p>\n<p class=\"attribute-item\"><strong>Klingenl\u00e4nge:<\/strong> 104 mm<\/p>\n<p class=\"attribute-item\"><strong>Klingenst\u00e4rke:<\/strong> 2,5 mm<\/p>\n<p class=\"attribute-item\"><strong>Messerl\u00e4nge:<\/strong> 219 mm<\/p>\n<p class=\"attribute-item\"><strong>Stahltyp:<\/strong> Schwedischer Edelstahl<\/p>\n<p class=\"attribute-item\"><strong>SGM:<\/strong> SGM\u00aeS-ASE101<\/p>\n<p class=\"attribute-item\"><strong>Nominale H\u00e4rte (HRC):<\/strong> 56,5<\/p>\n<p class=\"attribute-item\"><strong>Griffmaterial:<\/strong> TPE-Gummi<\/p>\n<p class=\"attribute-item\"><strong>Farbe:<\/strong> Milit\u00e4rgr\u00fcn<\/p>\n<p class=\"attribute-item\"><strong>Nettogewicht:<\/strong> 117,0 g<\/p>\n","protected":false},"excerpt":{"rendered":"<p>Milit\u00e4rgr\u00fcn \/ Edelstahl<\/p>\n","protected":false},"featured_media":275961,"comment_status":"open","ping_status":"closed","template":"","meta":[],"product_brand":[],"product_cat":[1134],"product_tag":[],"class_list":{"0":"post-279945","1":"product","2":"type-product","3":"status-publish","4":"has-post-thumbnail","6":"product_cat-messer-aexte-und-schaerfer","8":"first","9":"instock","10":"taxable","11":"shipping-taxable","12":"purchasable","13":"product-type-simple"},"composite_virtual":false,"composite_layout":"","composite_add_to_cart_form_location":"","composite_editable_in_cart":false,"composite_sold_individually_context":"","composite_shop_price_calc":"","composite_components":[],"composite_scenarios":[],"group_of_quantity":0,"min_quantity":0,"max_quantity":"","exclude_order_quantity_value_rules":"no","exclude_category_quantity_rules":"no","combine_variations":"no","exclude_global_add_ons":[],"addons":[],"_links":{"self":[{"href":"https:\/\/www.huntersfriend.eu\/de\/wp-json\/wp\/v2\/product\/279945","targetHints":{"allow":["GET"]}}],"collection":[{"href":"https:\/\/www.huntersfriend.eu\/de\/wp-json\/wp\/v2\/product"}],"about":[{"href":"https:\/\/www.huntersfriend.eu\/de\/wp-json\/wp\/v2\/types\/product"}],"replies":[{"embeddable":true,"href":"https:\/\/www.huntersfriend.eu\/de\/wp-json\/wp\/v2\/comments?post=279945"}],"wp:featuredmedia":[{"embeddable":true,"href":"https:\/\/www.huntersfriend.eu\/de\/wp-json\/wp\/v2\/media\/275961"}],"wp:attachment":[{"href":"https:\/\/www.huntersfriend.eu\/de\/wp-json\/wp\/v2\/media?parent=279945"}],"wp:term":[{"taxonomy":"product_brand","embeddable":true,"href":"https:\/\/www.huntersfriend.eu\/de\/wp-json\/wp\/v2\/product_brand?post=279945"},{"taxonomy":"product_cat","embeddable":true,"href":"https:\/\/www.huntersfriend.eu\/de\/wp-json\/wp\/v2\/product_cat?post=279945"},{"taxonomy":"product_tag","embeddable":true,"href":"https:\/\/www.huntersfriend.eu\/de\/wp-json\/wp\/v2\/product_tag?post=279945"}],"curies":[{"name":"wp","href":"https:\/\/api.w.org\/{rel}","templated":true}]}}