{"id":279938,"date":"2024-12-27T11:07:09","date_gmt":"2025-06-23T06:46:45","guid":{"rendered":"https:\/\/www.huntersfriend.eu\/product\/peltonen-messer-m07-ranger-puukko-12-cm\/"},"modified":"2026-03-26T13:45:49","modified_gmt":"2026-03-26T11:45:49","slug":"peltonen-messer-m07-ranger-puukko-12-cm","status":"publish","type":"product","link":"https:\/\/www.huntersfriend.eu\/de\/produkt\/peltonen-messer-m07-ranger-puukko-12-cm\/","title":{"rendered":"Peltonen Messer M07 Ranger Puukko 12 cm"},"content":{"rendered":"<div class=\"feature-description\">\n<h2><span data-text-color=\"alert\">Bitte beachten Sie, dass wir aufgrund lokaler Importbeschr\u00e4nkungen dieses Messer nicht in das Vereinigte K\u00f6nigreich versenden k\u00f6nnen. Bitte informieren Sie sich vor der Bestellung \u00fcber Ihre \u00f6rtlichen Bestimmungen. <\/span><\/h2>\n<p>Entworfen von J-P Peltonen, ehemaliger Hauptmann der finnischen Streitkr\u00e4fte<br \/>\nGewicht: 180 g \/ 6,35 oz<br \/>\nGesamtl\u00e4nge: 243 mm \/ 9,57 Zoll<br \/>\nHerkunftsland: Finnland<\/p>\n<p>Verbundscheide<\/p>\n<\/div>\n<div class=\"feature-row\">\n<div class=\"row\">\n<div class=\"col-5 col-lg-3\">\n<div class=\"feature-title\">\n<p>Optimale Verwendung &#8211; Bushcraft, Jagd und Wandern.<\/p>\n<\/div>\n<\/div>\n<\/div>\n<\/div>\n<div class=\"feature-row\">\n<div class=\"row\">\n<div class=\"col-5 col-lg-3\">\n<div class=\"feature-title\">\n<p>Klinge<\/p>\n<\/div>\n<\/div>\n<div class=\"col-7 col-lg-9\">\n<div class=\"feature-text\">\n<ul>\n<li>Klingenmaterial: 80CrV2 Kohlenstoffstahl<\/li>\n<li>Klingenform: Tropfenspitze<\/li>\n<li>Klingenschliff: S\u00e4belschliff, Winkel 23\u00b0<\/li>\n<li>Klingenh\u00e4rte: HRC 59<\/li>\n<li>Klingenbeschichtungsoptionen: unbeschichtet \/ PTFE Teflon \/ Cerakote<\/li>\n<li>Klingenl\u00e4nge: 119 mm \/ 4,68 Zoll<\/li>\n<li>Klingenst\u00e4rke: 4,25 mm \/ 0,167 Zoll<\/li>\n<\/ul>\n<\/div>\n<\/div>\n<\/div>\n<\/div>\n<div class=\"feature-row\">\n<div class=\"row\">\n<div class=\"col-5 col-lg-3\">\n<div class=\"feature-title\">\n<p>Griff<\/p>\n<\/div>\n<\/div>\n<div class=\"col-7 col-lg-9\">\n<div class=\"feature-text\">\n<ul>\n<li>TPE<\/li>\n<li>Exzellenter Griff<\/li>\n<li>Ergonomisches Design<\/li>\n<li>Verst\u00e4rkte verdeckte Erl<\/li>\n<\/ul>\n<\/div>\n<\/div>\n<\/div>\n<\/div>\n","protected":false},"excerpt":{"rendered":"<p>Verbundscheide<\/p>\n","protected":false},"featured_media":275916,"comment_status":"open","ping_status":"closed","template":"","meta":[],"product_brand":[],"product_cat":[1134],"product_tag":[],"class_list":{"0":"post-279938","1":"product","2":"type-product","3":"status-publish","4":"has-post-thumbnail","6":"product_cat-messer-aexte-und-schaerfer","8":"first","9":"instock","10":"taxable","11":"shipping-taxable","12":"purchasable","13":"product-type-variable"},"composite_virtual":false,"composite_layout":"","composite_add_to_cart_form_location":"","composite_editable_in_cart":false,"composite_sold_individually_context":"","composite_shop_price_calc":"","composite_components":[],"composite_scenarios":[],"group_of_quantity":0,"min_quantity":0,"max_quantity":"","exclude_order_quantity_value_rules":"no","exclude_category_quantity_rules":"no","combine_variations":"no","exclude_global_add_ons":[],"addons":[],"_links":{"self":[{"href":"https:\/\/www.huntersfriend.eu\/de\/wp-json\/wp\/v2\/product\/279938","targetHints":{"allow":["GET"]}}],"collection":[{"href":"https:\/\/www.huntersfriend.eu\/de\/wp-json\/wp\/v2\/product"}],"about":[{"href":"https:\/\/www.huntersfriend.eu\/de\/wp-json\/wp\/v2\/types\/product"}],"replies":[{"embeddable":true,"href":"https:\/\/www.huntersfriend.eu\/de\/wp-json\/wp\/v2\/comments?post=279938"}],"wp:featuredmedia":[{"embeddable":true,"href":"https:\/\/www.huntersfriend.eu\/de\/wp-json\/wp\/v2\/media\/275916"}],"wp:attachment":[{"href":"https:\/\/www.huntersfriend.eu\/de\/wp-json\/wp\/v2\/media?parent=279938"}],"wp:term":[{"taxonomy":"product_brand","embeddable":true,"href":"https:\/\/www.huntersfriend.eu\/de\/wp-json\/wp\/v2\/product_brand?post=279938"},{"taxonomy":"product_cat","embeddable":true,"href":"https:\/\/www.huntersfriend.eu\/de\/wp-json\/wp\/v2\/product_cat?post=279938"},{"taxonomy":"product_tag","embeddable":true,"href":"https:\/\/www.huntersfriend.eu\/de\/wp-json\/wp\/v2\/product_tag?post=279938"}],"curies":[{"name":"wp","href":"https:\/\/api.w.org\/{rel}","templated":true}]}}