{"id":279937,"date":"2024-12-21T00:54:08","date_gmt":"2025-06-23T06:46:45","guid":{"rendered":"https:\/\/www.huntersfriend.eu\/product\/morakniv-craftline-basic-546-messer\/"},"modified":"2025-12-15T08:40:00","modified_gmt":"2025-12-15T06:40:00","slug":"morakniv-craftline-basic-546-messer","status":"publish","type":"product","link":"https:\/\/www.huntersfriend.eu\/de\/produkt\/morakniv-craftline-basic-546-messer\/","title":{"rendered":"Morakniv Craftline Basic 546 Messer"},"content":{"rendered":"<h2><span data-text-color=\"alert\">Bitte beachten Sie, dass wir aufgrund lokaler Importbeschr\u00e4nkungen dieses Messer nicht in das Vereinigte K\u00f6nigreich versenden k\u00f6nnen. Bitte informieren Sie sich vor der Bestellung \u00fcber Ihre \u00f6rtlichen Bestimmungen. <\/span><\/h2>\n<p>Morakniv 546 in der Auflage 2024 mit einem exklusiven zweifarbigen Griff aus Polypropylen. Feststehende Klinge aus rostfreiem Stahl. L\u00e4nge 9,1 cm. Klingenst\u00e4rke 2 mm. Gesamtl\u00e4nge 22,4 cm. Gewicht 110 g. Inklusive Kunststoffscheide mit G\u00fcrtelclip.      <\/p>\n<div class=\"product-features__element product-features__item product-features__item-grey\">\n<div class=\"product-features__item-name\">Stahlart &#8211; rostfreier Stahl<\/div>\n<\/div>\n<div class=\"product-features__element product-features__item product-features__item-grey product-features__item-left\">\n<div class=\"product-features__item-name\">Griffmaterial &#8211; Kunststoff<\/div>\n<\/div>\n<div class=\"product-features__element product-features__item\">\n<div class=\"product-features__item-name\">Rostfrei oder nichtrostend &#8211; Ja<\/div>\n<\/div>\n<div class=\"product-features__element product-features__item product-features__item-left\">\n<div class=\"product-features__item-name\">Klingenl\u00e4nge &#8211; 9,1 cm<\/div>\n<\/div>\n<div class=\"product-features__element product-features__item product-features__item-grey\">\n<div class=\"product-features__item-name\">Klingenst\u00e4rke &#8211; 2 mm<\/div>\n<\/div>\n<div class=\"product-features__element product-features__item product-features__item-grey product-features__item-left\">\n<div class=\"product-features__item-name\">Hersteller &#8211; Morakniv<\/div>\n<\/div>\n<div class=\"product-features__element product-features__item\">\n<div class=\"product-features__item-value\">\n<div class=\"product-features__item-value-element\">Hergestellt in Schweden<\/div>\n<\/div>\n<\/div>\n<div class=\"product-features__element product-features__item product-features__item-grey product-features__item-left\">\n<div class=\"product-features__item-name\">L\u00e4nge &#8211; 22,4 cm<\/div>\n<\/div>\n<div class=\"product-features__element product-features__item\">\n<div class=\"product-features__item-name\">Gewicht &#8211; 110 g<\/div>\n<\/div>\n","protected":false},"excerpt":{"rendered":"<p>Bitte beachten Sie, dass wir aufgrund lokaler Importbeschr\u00e4nkungen dieses Messer nicht in das Vereinigte K\u00f6nigreich versenden k\u00f6nnen. Bitte informieren Sie sich vor der Bestellung \u00fcber Ihre \u00f6rtlichen Bestimmungen. Morakniv 546 in der Auflage 2024 mit einem exklusiven zweifarbigen Griff aus Polypropylen. Feststehende Klinge aus rostfreiem Stahl. L\u00e4nge 9,1 cm. Klingenst\u00e4rke 2 mm. Gesamtl\u00e4nge 22,4 cm. [&#8230;]\n","protected":false},"featured_media":275966,"comment_status":"open","ping_status":"closed","template":"","meta":[],"product_brand":[],"product_cat":[1134],"product_tag":[],"class_list":{"0":"post-279937","1":"product","2":"type-product","3":"status-publish","4":"has-post-thumbnail","6":"product_cat-messer-aexte-und-schaerfer","8":"first","9":"onbackorder","10":"taxable","11":"shipping-taxable","12":"purchasable","13":"product-type-simple"},"composite_virtual":false,"composite_layout":"","composite_add_to_cart_form_location":"","composite_editable_in_cart":false,"composite_sold_individually_context":"","composite_shop_price_calc":"","composite_components":[],"composite_scenarios":[],"group_of_quantity":0,"min_quantity":0,"max_quantity":"","exclude_order_quantity_value_rules":"no","exclude_category_quantity_rules":"no","combine_variations":"no","exclude_global_add_ons":[],"addons":[],"_links":{"self":[{"href":"https:\/\/www.huntersfriend.eu\/de\/wp-json\/wp\/v2\/product\/279937","targetHints":{"allow":["GET"]}}],"collection":[{"href":"https:\/\/www.huntersfriend.eu\/de\/wp-json\/wp\/v2\/product"}],"about":[{"href":"https:\/\/www.huntersfriend.eu\/de\/wp-json\/wp\/v2\/types\/product"}],"replies":[{"embeddable":true,"href":"https:\/\/www.huntersfriend.eu\/de\/wp-json\/wp\/v2\/comments?post=279937"}],"wp:featuredmedia":[{"embeddable":true,"href":"https:\/\/www.huntersfriend.eu\/de\/wp-json\/wp\/v2\/media\/275966"}],"wp:attachment":[{"href":"https:\/\/www.huntersfriend.eu\/de\/wp-json\/wp\/v2\/media?parent=279937"}],"wp:term":[{"taxonomy":"product_brand","embeddable":true,"href":"https:\/\/www.huntersfriend.eu\/de\/wp-json\/wp\/v2\/product_brand?post=279937"},{"taxonomy":"product_cat","embeddable":true,"href":"https:\/\/www.huntersfriend.eu\/de\/wp-json\/wp\/v2\/product_cat?post=279937"},{"taxonomy":"product_tag","embeddable":true,"href":"https:\/\/www.huntersfriend.eu\/de\/wp-json\/wp\/v2\/product_tag?post=279937"}],"curies":[{"name":"wp","href":"https:\/\/api.w.org\/{rel}","templated":true}]}}