{"id":279936,"date":"2024-12-21T00:54:08","date_gmt":"2024-12-20T22:54:08","guid":{"rendered":"https:\/\/www.huntersfriend.eu\/product\/morakniv-eldris-messer\/"},"modified":"2026-01-29T12:12:46","modified_gmt":"2026-01-29T10:12:46","slug":"morakniv-eldris-messer","status":"publish","type":"product","link":"https:\/\/www.huntersfriend.eu\/de\/produkt\/morakniv-eldris-messer\/","title":{"rendered":"Morakniv eldris Messer"},"content":{"rendered":"<h2><span data-text-color=\"alert\">Bitte beachten Sie, dass wir aufgrund lokaler Importbeschr\u00e4nkungen dieses Messer nicht in das Vereinigte K\u00f6nigreich versenden k\u00f6nnen. Bitte informieren Sie sich vor der Bestellung \u00fcber Ihre \u00f6rtlichen Bestimmungen. <\/span><\/h2>\n<p>Vielseitiges Outdoor-Messer in Taschengr\u00f6\u00dfe, das sich perfekt f\u00fcr kleinere Aufgaben auf Ihren Abenteuern eignet und problemlos im Rucksack oder in der Tasche mitgef\u00fchrt werden kann. Hergestellt aus best\u00e4ndigem Polymer und hochwertigem schwedischem Edelstahl ist dieses Messer ein unverzichtbares Werkzeug in Ihrer Ausr\u00fcstung. Ein hervorragendes Halsmesser!  <\/p>\n<ul>\n<li>Stilvolles, taschengro\u00dfes und flexibles Outdoor-Messer, das in der Hosentasche oder im Rucksack mitgef\u00fchrt werden kann<\/li>\n<li>Perfekt geeignet sowohl f\u00fcr unerfahrene als auch f\u00fcr erfahrenere Abenteurer<\/li>\n<li>Kann mit einem Feuerstarter verwendet werden, um ein Lagerfeuer zu entz\u00fcnden<\/li>\n<li>Komfortabler Griff mit Reibungsgriff, der in allen Wetterbedingungen einen sicheren Halt gew\u00e4hrleistet<\/li>\n<\/ul>\n<p class=\"attribute-item\"><strong>Einsatzbereich:<\/strong> Bushcraft, Jagd, Outdoor<\/p>\n<p class=\"attribute-item\"><strong>Herkunftsland:<\/strong> Schweden<\/p>\n<p class=\"attribute-item\"><strong>Klingenl\u00e4nge:<\/strong> 59 mm<\/p>\n<p class=\"attribute-item\"><strong>Klingenst\u00e4rke:<\/strong> 2,0 mm<\/p>\n<p class=\"attribute-item\"><strong>Messerl\u00e4nge:<\/strong> 145 mm<\/p>\n<p class=\"attribute-item\"><strong>Stahltyp:<\/strong> Schwedischer Edelstahl<\/p>\n<p class=\"attribute-item\"><strong>SGM:<\/strong> SGM\u00aeS-ASE101<\/p>\n<p class=\"attribute-item\"><strong>Nominale H\u00e4rte (HRC):<\/strong> 56,5<\/p>\n<p class=\"attribute-item\"><strong>Griffmaterial:<\/strong> TPE-Gummi<\/p>\n<p class=\"attribute-item\"><strong>Nettogewicht:<\/strong> 80,0 g<\/p>\n","protected":false},"excerpt":{"rendered":"<p>Bitte beachten Sie, dass wir aufgrund lokaler Importbeschr\u00e4nkungen dieses Messer nicht in das Vereinigte K\u00f6nigreich versenden k\u00f6nnen. Bitte informieren Sie sich vor der Bestellung \u00fcber Ihre \u00f6rtlichen Bestimmungen. Vielseitiges Outdoor-Messer in Taschengr\u00f6\u00dfe, das sich perfekt f\u00fcr kleinere Aufgaben auf Ihren Abenteuern eignet und problemlos im Rucksack oder in der Tasche mitgef\u00fchrt werden kann. Hergestellt aus [&#8230;]\n","protected":false},"featured_media":275939,"comment_status":"open","ping_status":"closed","template":"","meta":[],"product_brand":[],"product_cat":[1145],"product_tag":[],"class_list":{"0":"post-279936","1":"product","2":"type-product","3":"status-publish","4":"has-post-thumbnail","6":"product_cat-sonstiges","8":"first","9":"outofstock","10":"taxable","11":"shipping-taxable","12":"purchasable","13":"product-type-simple"},"composite_virtual":false,"composite_layout":"","composite_add_to_cart_form_location":"","composite_editable_in_cart":false,"composite_sold_individually_context":"","composite_shop_price_calc":"","composite_components":[],"composite_scenarios":[],"group_of_quantity":0,"min_quantity":0,"max_quantity":"","exclude_order_quantity_value_rules":"no","exclude_category_quantity_rules":"no","combine_variations":"no","exclude_global_add_ons":[],"addons":[],"_links":{"self":[{"href":"https:\/\/www.huntersfriend.eu\/de\/wp-json\/wp\/v2\/product\/279936","targetHints":{"allow":["GET"]}}],"collection":[{"href":"https:\/\/www.huntersfriend.eu\/de\/wp-json\/wp\/v2\/product"}],"about":[{"href":"https:\/\/www.huntersfriend.eu\/de\/wp-json\/wp\/v2\/types\/product"}],"replies":[{"embeddable":true,"href":"https:\/\/www.huntersfriend.eu\/de\/wp-json\/wp\/v2\/comments?post=279936"}],"wp:featuredmedia":[{"embeddable":true,"href":"https:\/\/www.huntersfriend.eu\/de\/wp-json\/wp\/v2\/media\/275939"}],"wp:attachment":[{"href":"https:\/\/www.huntersfriend.eu\/de\/wp-json\/wp\/v2\/media?parent=279936"}],"wp:term":[{"taxonomy":"product_brand","embeddable":true,"href":"https:\/\/www.huntersfriend.eu\/de\/wp-json\/wp\/v2\/product_brand?post=279936"},{"taxonomy":"product_cat","embeddable":true,"href":"https:\/\/www.huntersfriend.eu\/de\/wp-json\/wp\/v2\/product_cat?post=279936"},{"taxonomy":"product_tag","embeddable":true,"href":"https:\/\/www.huntersfriend.eu\/de\/wp-json\/wp\/v2\/product_tag?post=279936"}],"curies":[{"name":"wp","href":"https:\/\/api.w.org\/{rel}","templated":true}]}}