{"id":279935,"date":"2024-12-21T00:54:07","date_gmt":"2025-06-23T06:46:45","guid":{"rendered":"https:\/\/www.huntersfriend.eu\/product\/morakniv-kansbol-messer\/"},"modified":"2026-02-25T10:37:50","modified_gmt":"2026-02-25T08:37:50","slug":"morakniv-kansbol-messer","status":"publish","type":"product","link":"https:\/\/www.huntersfriend.eu\/de\/produkt\/morakniv-kansbol-messer\/","title":{"rendered":"Morakniv kansbol Messer"},"content":{"rendered":"<h2><span data-text-color=\"alert\">Bitte beachten Sie, dass wir aufgrund lokaler Importbeschr\u00e4nkungen dieses Messer nicht in das Vereinigte K\u00f6nigreich versenden k\u00f6nnen. Bitte informieren Sie sich vor der Bestellung \u00fcber Ihre \u00f6rtlichen Bestimmungen. <\/span><\/h2>\n<p><strong>Ein zuverl\u00e4ssiges Outdoor-Messer, das in vielen anspruchsvollen Situationen eingesetzt werden kann. Konzipiert f\u00fcr J\u00e4ger und Abenteurer, ist dieses Messer eine exzellente Wahl, wenn Sie ein sicheres und robustes Werkzeug griffbereit ben\u00f6tigen. Die Klinge aus recyceltem schwedischem Edelstahl beh\u00e4lt ihre Sch\u00e4rfe langfristig bei. Zudem ist es mit einem Feuerstarter kompatibel.   <\/strong><\/p>\n<p>Der ergonomische, fassf\u00f6rmige Polymergriff verf\u00fcgt \u00fcber einen weichen Reibungsgriff, einen Fingerschutz und eine 2,5 mm dicke, profilgeschliffene Klinge aus recyceltem schwedischem Edelstahl, die sowohl St\u00e4rke als auch Stabilit\u00e4t bei jedem Schnitt gew\u00e4hrleistet. Dank des Klingen- und Griffdesigns eignet sich das Messer ideal f\u00fcr sicheres und effizientes Arbeiten unter verschiedenen Wetterbedingungen in allen Jagdsaisons. Die symmetrische Polymermesserscheide ist sowohl f\u00fcr Rechts- als auch f\u00fcr Linksh\u00e4nder geeignet und verf\u00fcgt \u00fcber einen Lederriemen aus schwedischem pflanzlich gegerbtem Leder, der sich leicht am G\u00fcrtel befestigen l\u00e4sst.  <\/p>\n<p class=\"attribute-item\"><strong>Einsatzbereich:<\/strong> Bushcraft, Jagd, Outdoor<\/p>\n<p class=\"attribute-item\"><strong>Herkunftsland:<\/strong> Schweden<\/p>\n<p class=\"attribute-item\"><strong>Klingenl\u00e4nge:<\/strong> 109 mm<\/p>\n<p class=\"attribute-item\"><strong>Klingenst\u00e4rke:<\/strong> 2,5 mm<\/p>\n<p class=\"attribute-item\"><strong>Messerl\u00e4nge:<\/strong> 226 mm<\/p>\n<p class=\"attribute-item\"><strong>Stahltyp:<\/strong> Schwedischer Edelstahl<\/p>\n<p class=\"attribute-item\"><strong>SGM:<\/strong> SGM\u00aeS-ASE101<\/p>\n<p class=\"attribute-item\"><strong>Nominale H\u00e4rte (HRC):<\/strong> 56,5<\/p>\n<p class=\"attribute-item\"><strong>Griffmaterial:<\/strong> TPE-Gummi<\/p>\n<p class=\"attribute-item\"><strong>Farbe:<\/strong> Gr\u00fcn<\/p>\n<p class=\"attribute-item\"><strong>Nettogewicht:<\/strong> 134,0 g<\/p>\n","protected":false},"excerpt":{"rendered":"<p>Bitte beachten Sie, dass wir aufgrund lokaler Importbeschr\u00e4nkungen dieses Messer nicht in das Vereinigte K\u00f6nigreich versenden k\u00f6nnen. Bitte informieren Sie sich vor der Bestellung \u00fcber Ihre \u00f6rtlichen Bestimmungen. Ein zuverl\u00e4ssiges Outdoor-Messer, das in vielen anspruchsvollen Situationen eingesetzt werden kann. Konzipiert f\u00fcr J\u00e4ger und Abenteurer, ist dieses Messer eine exzellente Wahl, wenn Sie ein sicheres und [&#8230;]\n","protected":false},"featured_media":275946,"comment_status":"open","ping_status":"closed","template":"","meta":[],"product_brand":[],"product_cat":[2610,866,1134],"product_tag":[],"class_list":{"0":"post-279935","1":"product","2":"type-product","3":"status-publish","4":"has-post-thumbnail","6":"product_cat-knivar-yxor-och-slipar","7":"product_cat-knives-axes-and-sharpeners","8":"product_cat-messer-aexte-und-schaerfer","10":"first","11":"outofstock","12":"taxable","13":"shipping-taxable","14":"purchasable","15":"product-type-simple"},"composite_virtual":false,"composite_layout":"","composite_add_to_cart_form_location":"","composite_editable_in_cart":false,"composite_sold_individually_context":"","composite_shop_price_calc":"","composite_components":[],"composite_scenarios":[],"group_of_quantity":0,"min_quantity":0,"max_quantity":"","exclude_order_quantity_value_rules":"no","exclude_category_quantity_rules":"no","combine_variations":"no","exclude_global_add_ons":[],"addons":[],"_links":{"self":[{"href":"https:\/\/www.huntersfriend.eu\/de\/wp-json\/wp\/v2\/product\/279935","targetHints":{"allow":["GET"]}}],"collection":[{"href":"https:\/\/www.huntersfriend.eu\/de\/wp-json\/wp\/v2\/product"}],"about":[{"href":"https:\/\/www.huntersfriend.eu\/de\/wp-json\/wp\/v2\/types\/product"}],"replies":[{"embeddable":true,"href":"https:\/\/www.huntersfriend.eu\/de\/wp-json\/wp\/v2\/comments?post=279935"}],"wp:featuredmedia":[{"embeddable":true,"href":"https:\/\/www.huntersfriend.eu\/de\/wp-json\/wp\/v2\/media\/275946"}],"wp:attachment":[{"href":"https:\/\/www.huntersfriend.eu\/de\/wp-json\/wp\/v2\/media?parent=279935"}],"wp:term":[{"taxonomy":"product_brand","embeddable":true,"href":"https:\/\/www.huntersfriend.eu\/de\/wp-json\/wp\/v2\/product_brand?post=279935"},{"taxonomy":"product_cat","embeddable":true,"href":"https:\/\/www.huntersfriend.eu\/de\/wp-json\/wp\/v2\/product_cat?post=279935"},{"taxonomy":"product_tag","embeddable":true,"href":"https:\/\/www.huntersfriend.eu\/de\/wp-json\/wp\/v2\/product_tag?post=279935"}],"curies":[{"name":"wp","href":"https:\/\/api.w.org\/{rel}","templated":true}]}}