{"id":279934,"date":"2024-12-21T00:54:08","date_gmt":"2024-12-20T22:54:08","guid":{"rendered":"https:\/\/www.huntersfriend.eu\/product\/morakniv-companion-mg-gebrauchsmesser-fuer-schwere-aufgaben\/"},"modified":"2025-10-15T11:33:50","modified_gmt":"2025-10-15T09:33:50","slug":"morakniv-companion-mg-gebrauchsmesser-fuer-schwere-aufgaben","status":"publish","type":"product","link":"https:\/\/www.huntersfriend.eu\/de\/produkt\/morakniv-companion-mg-gebrauchsmesser-fuer-schwere-aufgaben\/","title":{"rendered":"Morakniv companion MG Gebrauchsmesser f\u00fcr schwere Aufgaben"},"content":{"rendered":"<h2><span data-text-color=\"alert\">Bitte beachten Sie, dass wir aufgrund lokaler Importbeschr\u00e4nkungen dieses Messer nicht in das Vereinigte K\u00f6nigreich versenden k\u00f6nnen. Bitte informieren Sie sich vor der Bestellung \u00fcber Ihre \u00f6rtlichen Bestimmungen. <\/span><\/h2>\n<p><strong>Dies ist ein robustes Allzweckmesser f\u00fcr Situationen, in denen Sie einen zuverl\u00e4ssigen und langlebigen Begleiter ben\u00f6tigen. Es l\u00e4sst sich zudem leicht nachsch\u00e4rfen, sodass Sie es immer wieder verwenden k\u00f6nnen. <\/strong><\/p>\n<p>Der extragro\u00dfe ergonomische Polymergriff verf\u00fcgt \u00fcber einen weichen Reibungsgriff, einen Fingerschutz und eine 3,2 mm dicke Klinge aus Kohlenstoffstahl, die bei jedem Schnitt sowohl St\u00e4rke als auch Stabilit\u00e4t gew\u00e4hrleistet. Dank des Klingen- und Griffdesigns ist das Messer ideal f\u00fcr sicheres und effizientes Arbeiten unter verschiedenen Wetterbedingungen das ganze Jahr \u00fcber geeignet. Die Polymerscheide besitzt einen praktischen G\u00fcrtelclip, sodass das Messer am G\u00fcrtel oder Rucksack befestigt werden kann und stets griffbereit ist. Kohlenstoffstahl rostet, daher wischen und \u00f6len Sie die Klinge nach Gebrauch.   <\/p>\n<p class=\"attribute-item\"><strong>Einsatzbereich:<\/strong> Bushcraft, Jagd, Outdoor<\/p>\n<p class=\"attribute-item\"><strong>Herkunftsland:<\/strong> Schweden<\/p>\n<p class=\"attribute-item\"><strong>Klingenl\u00e4nge:<\/strong> 104 mm<\/p>\n<p class=\"attribute-item\"><strong>Klingenst\u00e4rke:<\/strong> 3,2 mm<\/p>\n<p class=\"attribute-item\"><strong>Messerl\u00e4nge:<\/strong> 224 mm<\/p>\n<p class=\"attribute-item\"><strong>Stahltyp:<\/strong> Kohlenstoffstahl<\/p>\n<p class=\"attribute-item\"><strong>SGM:<\/strong> SGM\u00aeC-DDE101<\/p>\n<p class=\"attribute-item\"><strong>Nominale H\u00e4rte (HRC):<\/strong> 57,5<\/p>\n<p class=\"attribute-item\"><strong>Griffmaterial:<\/strong> TPE-Gummi<\/p>\n<p class=\"attribute-item\"><strong>Farbe:<\/strong> Signalorange, Milit\u00e4rgr\u00fcn<\/p>\n<p class=\"attribute-item\"><strong>Nettogewicht:<\/strong> 136,3 g<\/p>\n","protected":false},"excerpt":{"rendered":"<p>Milit\u00e4rgr\u00fcn<\/p>\n","protected":false},"featured_media":275955,"comment_status":"open","ping_status":"closed","template":"","meta":[],"product_brand":[],"product_cat":[1145],"product_tag":[],"class_list":{"0":"post-279934","1":"product","2":"type-product","3":"status-publish","4":"has-post-thumbnail","6":"product_cat-sonstiges","8":"first","9":"outofstock","10":"taxable","11":"shipping-taxable","12":"purchasable","13":"product-type-simple"},"composite_virtual":false,"composite_layout":"","composite_add_to_cart_form_location":"","composite_editable_in_cart":false,"composite_sold_individually_context":"","composite_shop_price_calc":"","composite_components":[],"composite_scenarios":[],"group_of_quantity":0,"min_quantity":0,"max_quantity":"","exclude_order_quantity_value_rules":"no","exclude_category_quantity_rules":"no","combine_variations":"no","exclude_global_add_ons":[],"addons":[],"_links":{"self":[{"href":"https:\/\/www.huntersfriend.eu\/de\/wp-json\/wp\/v2\/product\/279934","targetHints":{"allow":["GET"]}}],"collection":[{"href":"https:\/\/www.huntersfriend.eu\/de\/wp-json\/wp\/v2\/product"}],"about":[{"href":"https:\/\/www.huntersfriend.eu\/de\/wp-json\/wp\/v2\/types\/product"}],"replies":[{"embeddable":true,"href":"https:\/\/www.huntersfriend.eu\/de\/wp-json\/wp\/v2\/comments?post=279934"}],"wp:featuredmedia":[{"embeddable":true,"href":"https:\/\/www.huntersfriend.eu\/de\/wp-json\/wp\/v2\/media\/275955"}],"wp:attachment":[{"href":"https:\/\/www.huntersfriend.eu\/de\/wp-json\/wp\/v2\/media?parent=279934"}],"wp:term":[{"taxonomy":"product_brand","embeddable":true,"href":"https:\/\/www.huntersfriend.eu\/de\/wp-json\/wp\/v2\/product_brand?post=279934"},{"taxonomy":"product_cat","embeddable":true,"href":"https:\/\/www.huntersfriend.eu\/de\/wp-json\/wp\/v2\/product_cat?post=279934"},{"taxonomy":"product_tag","embeddable":true,"href":"https:\/\/www.huntersfriend.eu\/de\/wp-json\/wp\/v2\/product_tag?post=279934"}],"curies":[{"name":"wp","href":"https:\/\/api.w.org\/{rel}","templated":true}]}}