{"id":279933,"date":"2024-12-21T00:54:07","date_gmt":"2024-12-20T22:54:07","guid":{"rendered":"https:\/\/www.huntersfriend.eu\/product\/morakniv-bushcraft-messer-puukko\/"},"modified":"2025-07-09T04:36:00","modified_gmt":"2025-07-09T02:36:00","slug":"morakniv-bushcraft-messer-puukko","status":"publish","type":"product","link":"https:\/\/www.huntersfriend.eu\/de\/produkt\/morakniv-bushcraft-messer-puukko\/","title":{"rendered":"Morakniv Bushcraft-Messer -Puukko"},"content":{"rendered":"<h2><span data-text-color=\"alert\">Bitte beachten Sie, dass wir aufgrund lokaler Importbeschr\u00e4nkungen dieses Messer nicht in das Vereinigte K\u00f6nigreich versenden k\u00f6nnen. Bitte informieren Sie sich vor der Bestellung \u00fcber Ihre \u00f6rtlichen Bestimmungen. <\/span><\/h2>\n<p><strong>Als robustes Mitglied der Bushcraft-Familie ist dies aufgrund seiner schwarzen, 3,2 mm starken Klinge eines unserer widerstandsf\u00e4higsten Messer. Die Klinge besteht aus Kohlenstoffstahl, den wir auf optimale Festigkeit geh\u00e4rtet haben, wodurch das Bushcraft Black unter Belastung \u00e4u\u00dferst widerstandsf\u00e4hig ist. <\/strong><\/p>\n<p>Die Kohlenstoffstahlklinge verf\u00fcgt \u00fcber eine schwarze DLC-Beschichtung, die vor Rost sch\u00fctzt und zudem Reflexionen der Klinge verhindert. Beachten Sie jedoch, dass Kohlenstoffstahl gepflegt werden muss. Gew\u00f6hnen Sie sich daher an, Ihr Messer nach der Verwendung abzuwischen und die Klinge zu \u00f6len. Der Klingenr\u00fccken wurde so geschliffen, dass Sie ihn zusammen mit einem Feuerstarter verwenden k\u00f6nnen \u2013 somit ist ein \u00fcberlebenswichtiges Feuer stets in Reichweite. Die Messerscheide enth\u00e4lt eine G\u00fcrtelschlaufe und einen Clip, sodass Ihr Messer immer griffbereit ist.   <\/p>\n<p class=\"attribute-item\"><strong>Einsatzbereich:<\/strong> Bushcraft, Jagd, Outdoor<\/p>\n<p class=\"attribute-item\"><strong>Herkunftsland:<\/strong> Schweden<\/p>\n<p class=\"attribute-item\"><strong>Klingenl\u00e4nge:<\/strong> 109 mm<\/p>\n<p class=\"attribute-item\"><strong>Klingenst\u00e4rke:<\/strong> 3,2 mm<\/p>\n<p class=\"attribute-item\"><strong>Messerl\u00e4nge:<\/strong> 232 mm<\/p>\n<p class=\"attribute-item\"><strong>Stahltyp:<\/strong> Kohlenstoffstahl<\/p>\n<p class=\"attribute-item\"><strong>SGM:<\/strong> SGM\u00aeC-DDE101<\/p>\n<p class=\"attribute-item\"><strong>Nominale H\u00e4rte (HRC):<\/strong> 57,5<\/p>\n<p class=\"attribute-item\"><strong>Griffmaterial:<\/strong> TPE-Gummi<\/p>\n<p class=\"attribute-item\"><strong>Farbe:<\/strong> schwarz<\/p>\n<p class=\"attribute-item\"><strong>Nettogewicht:<\/strong> 174,6 g<\/p>\n","protected":false},"excerpt":{"rendered":"<p>Bitte beachten Sie, dass wir aufgrund lokaler Importbeschr\u00e4nkungen dieses Messer nicht in das Vereinigte K\u00f6nigreich versenden k\u00f6nnen. Bitte informieren Sie sich vor der Bestellung \u00fcber Ihre \u00f6rtlichen Bestimmungen. Als robustes Mitglied der Bushcraft-Familie ist dies aufgrund seiner schwarzen, 3,2 mm starken Klinge eines unserer widerstandsf\u00e4higsten Messer. Die Klinge besteht aus Kohlenstoffstahl, den wir auf optimale [&#8230;]\n","protected":false},"featured_media":275944,"comment_status":"open","ping_status":"closed","template":"","meta":[],"product_brand":[],"product_cat":[1145],"product_tag":[],"class_list":{"0":"post-279933","1":"product","2":"type-product","3":"status-publish","4":"has-post-thumbnail","6":"product_cat-sonstiges","8":"first","9":"outofstock","10":"taxable","11":"shipping-taxable","12":"purchasable","13":"product-type-simple"},"composite_virtual":false,"composite_layout":"","composite_add_to_cart_form_location":"","composite_editable_in_cart":false,"composite_sold_individually_context":"","composite_shop_price_calc":"","composite_components":[],"composite_scenarios":[],"group_of_quantity":0,"min_quantity":0,"max_quantity":"","exclude_order_quantity_value_rules":"no","exclude_category_quantity_rules":"no","combine_variations":"no","exclude_global_add_ons":[],"addons":[],"_links":{"self":[{"href":"https:\/\/www.huntersfriend.eu\/de\/wp-json\/wp\/v2\/product\/279933","targetHints":{"allow":["GET"]}}],"collection":[{"href":"https:\/\/www.huntersfriend.eu\/de\/wp-json\/wp\/v2\/product"}],"about":[{"href":"https:\/\/www.huntersfriend.eu\/de\/wp-json\/wp\/v2\/types\/product"}],"replies":[{"embeddable":true,"href":"https:\/\/www.huntersfriend.eu\/de\/wp-json\/wp\/v2\/comments?post=279933"}],"wp:featuredmedia":[{"embeddable":true,"href":"https:\/\/www.huntersfriend.eu\/de\/wp-json\/wp\/v2\/media\/275944"}],"wp:attachment":[{"href":"https:\/\/www.huntersfriend.eu\/de\/wp-json\/wp\/v2\/media?parent=279933"}],"wp:term":[{"taxonomy":"product_brand","embeddable":true,"href":"https:\/\/www.huntersfriend.eu\/de\/wp-json\/wp\/v2\/product_brand?post=279933"},{"taxonomy":"product_cat","embeddable":true,"href":"https:\/\/www.huntersfriend.eu\/de\/wp-json\/wp\/v2\/product_cat?post=279933"},{"taxonomy":"product_tag","embeddable":true,"href":"https:\/\/www.huntersfriend.eu\/de\/wp-json\/wp\/v2\/product_tag?post=279933"}],"curies":[{"name":"wp","href":"https:\/\/api.w.org\/{rel}","templated":true}]}}